{"id":95,"date":"2015-07-11T19:41:17","date_gmt":"2015-07-11T23:41:17","guid":{"rendered":"http:\/\/jeanpaulsimard.com\/wp\/?page_id=95"},"modified":"2017-09-02T09:46:04","modified_gmt":"2017-09-02T13:46:04","slug":"guide-du-savoir-ecrire","status":"publish","type":"page","link":"https:\/\/jeanpaulsimard.com\/index.php\/sample-page\/guide-du-savoir-ecrire\/","title":{"rendered":"Guide du savoir-\u00e9crire"},"content":{"rendered":"<h2><strong><a href=\"https:\/\/i2.wp.com\/jeanpaulsimard.com\/wp\/wp-content\/uploads\/2015\/07\/Guide-savoir-\u00e9crire-e1436989256110.png\"><img loading=\"lazy\" class=\"alignleft size-medium wp-image-225\" src=\"https:\/\/i0.wp.com\/jeanpaulsimard.com\/wp\/wp-content\/uploads\/2015\/07\/Guide-savoir-\u00e9crire-e1436989242130-196x300.png?resize=196%2C300\" alt=\"Guide savoir-\u00e9crire\" width=\"196\" height=\"300\" data-recalc-dims=\"1\" \/><\/a><span style=\"color: #ffcc00;\">Guide du savoir-\u00e9crire <\/span><\/strong><\/h2>\n<h2 style=\"text-align: left;\"><span style=\"color: #99ccff;\"><strong>Un ouvrage COMPLET et AUTODIDACTIQUE sur l\u2019art d\u2019\u00e9crire comprenant de nombreux EXEMPLES, EXERCICES et CORRIG\u00c9S. Utilis\u00e9 par toutes les INSTITUTIONS (\u00e9coles secondaires, c\u00e9geps, universit\u00e9s). Tr\u00e8s utile pour la maison\u2026<\/strong><\/span><\/h2>\n<p>&nbsp;<\/p>\n<h3 style=\"text-align: justify;\"><span style=\"color: #33cccc;\">\u00a0FICHE TECHNIQUE DU LIVRE :<\/span><\/h3>\n<h2 style=\"text-align: justify;\"><em><span style=\"color: #00ff00;\"><strong><a style=\"color: #00ff00;\" href=\"http:\/\/www.editions-homme.com\/guide-savoir-ecrire\/jean-paul-simard\/livre\/9782761920667\"><span style=\"color: #00ff00;\">http:\/\/www.editions-homme.com\/guide-savoir-ecrire\/jean-paul-simard\/livre\/9782761920667<\/span><\/a><\/strong><\/span><\/em><\/h2>\n<h2><\/h2>\n<hr \/>\n<h3 style=\"text-align: justify;\"><\/h3>\n<h2 style=\"text-align: justify;\"><span style=\"color: #ffcc00;\"><strong>R\u00e9sum\u00e9 de la carri\u00e8re de l\u2019auteur<\/strong><\/span><\/h2>\n<h2 style=\"text-align: justify;\"><span style=\"color: #99ccff;\">JEAN-PAUL SIMARD a termin\u00e9 une carri\u00e8re dans l&rsquo;enseignement du fran\u00e7ais langue maternelle au secondaire. Il a enseign\u00e9 en didactique du fran\u00e7ais langue maternelle \u00e0 l&rsquo;Universit\u00e9 du Qu\u00e9bec \u00e0 Chicoutimi et a travaill\u00e9 activement dans le domaine du perfectionnement des professeurs de fran\u00e7ais.<\/span><\/h2>\n<p>&nbsp;<\/p>\n<hr \/>\n<h3 style=\"text-align: justify;\"><\/h3>\n<h2 style=\"text-align: justify;\"><span style=\"color: #ffcc00;\"><strong>Description du livre<\/strong><\/span><\/h2>\n<h2 style=\"text-align: justify;\"><span style=\"color: #99ccff;\">NOUS SOMMES NOMBREUX \u00e0 \u00e9prouver de la g\u00eane devant la page blanche, sous-estimant notre capacit\u00e9 de trouver les mots capables de traduire convenablement notre pens\u00e9e. Le pr\u00e9sent ouvrage s\u2019adresse \u00e0 toutes les personnes qui d\u00e9sirent s\u2019exprimer et communiquer par \u00e9crit.<\/span><\/h2>\n<h2 style=\"text-align: justify;\"><span style=\"color: #99ccff;\">\u00c9tudiants, professeurs, secr\u00e9taires, journalistes, ing\u00e9nieurs, m\u00e8res de famille ou internautes\u00a0: tous ceux et celles qui d\u00e9sirent s\u2019exprimer et communiquer par \u00e9crit apprendront dans ce guide comment r\u00e9diger\u00a0:<\/span><\/h2>\n<ul>\n<li>\n<h2><em><span style=\"color: #99ccff;\">un rapport;<\/span><\/em><\/h2>\n<\/li>\n<li>\n<h2><em><span style=\"color: #99ccff;\">une lettre d\u2019affaires;<\/span><\/em><\/h2>\n<\/li>\n<li>\n<h2><em><span style=\"color: #99ccff;\">un proc\u00e8s-verbal;<\/span><\/em><\/h2>\n<\/li>\n<li>\n<h2><em><span style=\"color: #99ccff;\">un curriculum vitae;<\/span><\/em><\/h2>\n<\/li>\n<li>\n<h2><em><span style=\"color: #99ccff;\">un texte publicitaire;<\/span><\/em><\/h2>\n<\/li>\n<li>\n<h2><em><span style=\"color: #99ccff;\">un communiqu\u00e9 \u00e9lectronique.<\/span><\/em><\/h2>\n<\/li>\n<\/ul>\n<h2><span style=\"color: #99ccff;\">Vous apprendrez:<\/span><\/h2>\n<h2><span style=\"color: #99ccff;\">Les lois de la communication \u00e9crite, de m\u00eame que l\u2019art\u00a0:<\/span><\/h2>\n<ul>\n<li>\n<h2><em><span style=\"color: #99ccff;\">de la phrase;<\/span><\/em><\/h2>\n<\/li>\n<li>\n<h2><em><span style=\"color: #99ccff;\">du paragraphe;<\/span><\/em><\/h2>\n<\/li>\n<li>\n<h2><em><span style=\"color: #99ccff;\">de la dissertation;<\/span><\/em><\/h2>\n<\/li>\n<li>\n<h2><em><span style=\"color: #99ccff;\">de l\u2019\u00e9laboration de la pens\u00e9e \u00e0 travers un texte.<\/span><\/em><\/h2>\n<\/li>\n<\/ul>\n<h2 style=\"text-align: justify;\"><span style=\"color: #99ccff;\">L\u2019auteur aborde \u00e9galement les questions suivantes\u00a0: le STYLE, la PONCTUATION, les TECHNIQUES DU R\u00c9CIT, l\u2019ARGUMENTATION et la PR\u00c9SENTATION D\u2019UN TRAVAIL \u00c9CRIT.<\/span><\/h2>\n<h2 style=\"text-align: justify;\"><span style=\"color: #99ccff;\">Ce guide comporte de nombreux exemples et des exercices qui vous permettront de ma\u00eetriser graduellement et avec de plus en plus d\u2019assurance les secrets de l\u2019expression \u00e9crite.<\/span><\/h2>\n<p>&nbsp;<\/p>\n<hr \/>\n<h3><\/h3>\n<h2><span style=\"color: #ffcc00;\">Une excellente critique<\/span><\/h2>\n<h2><span style=\"color: #99ccff;\">Voici un extrait de la critique\u00a0de la revue <em>Qu\u00e9bec fran\u00e7ais<\/em>: \u00abLe <em>Guide du savoir-\u00e9crire<\/em> de Jean-Paul Simard a sa place dans la biblioth\u00e8que de quiconque a \u00e0 \u00e9crire. Il est actuellement le meilleur ouvrage de ce genre sur le march\u00e9, et par son ampleur et par ses intentions \u00e0 la fois ergonomiques et didactiques\u00a0: rares sont les ouvrages qui enseignent vraiment comment faire un texte.\u00bb<\/span><\/h2>\n<header class=\"entry-header\">\n<h2 class=\"entry-title\"><span style=\"color: #00ff00;\">Au-del\u00e0 du Fran\u00e7ais au\u00a0bureau<\/span><\/h2>\n<h2 class=\"entry-meta\"><span style=\"color: #99ccff;\">Publi\u00e9 le <a style=\"color: #99ccff;\" title=\"14\u00a0h\u00a047\" href=\"http:\/\/redactoblogue.co\/2015\/12\/17\/au-dela-du-francais-au-bureau\/\" rel=\"bookmark\"><time class=\"entry-date\" datetime=\"2015-12-17T14:47:41+00:00\">17 d\u00e9cembre 2015<\/time><\/a><span class=\"byline\"> par <span class=\"author vcard\"><a class=\"url fn n\" style=\"color: #99ccff;\" title=\"Voir tous les articles par Marie-Jos\u00e9e Goulet\" href=\"http:\/\/redactoblogue.co\/author\/mariejoseegoulet\/\" rel=\"author\">Marie-Jos\u00e9e Goulet<\/a><\/span><\/span><\/span><\/h2>\n<\/header>\n<div class=\"entry-content\">\n<h2 style=\"text-align: justify;\"><span style=\"color: #99ccff;\">Vous ne comprenez rien aux travaux que r\u00e9digent vos compagnons de classe? Vous en avez marre de r\u00e9crire les textes de vos coll\u00e8gues de travail? Offrez-leur un manuel de r\u00e9daction! Mais attention, pas n\u2019importe lequel. Voici l&rsquo;un des meilleurs ouvrages sur le sujet :<\/span><\/h2>\n<h2 style=\"text-align: justify;\"><span style=\"color: #99ccff;\"><em>Guide du savoir-\u00e9crire<\/em>, de Jean-Paul Simard, publi\u00e9 en 2005 aux \u00c9ditions de l\u2019Homme.<\/span><\/h2>\n<h2 style=\"text-align: justify;\"><span style=\"color: #99ccff;\">Si un manuel de r\u00e9daction peut \u00eatre mythique, pour moi c\u2019est celui-l\u00e0. Quand j\u2019\u00e9tais petite, nous avions \u00e0 la maison la premi\u00e8re \u00e9dition qui remonte \u00e0 1984. Ce manuel d\u00e9crit plusieurs genres issus des domaines administratif, journalistique et scientifique. Il pr\u00e9sente \u00e9galement des techniques de base pour \u00ab\u00a0bien\u00a0\u00bb \u00e9crire, en plus de fournir de nombreuses recommandations sur le style. C\u2019est \u00e0 mon avis l\u2019un des plus complets.<\/span><\/h2>\n<div class=\"content clearfix\">\n<h2 class=\"follow-bar\" style=\"text-align: justify;\"><\/h2>\n<h3 class=\"permalink-header\"><a class=\"account-group js-account-group js-action-profile js-user-profile-link js-nav\" href=\"https:\/\/twitter.com\/marieJOgoulet\" data-user-id=\"1415775636\"><img class=\"avatar js-action-profile-avatar\" src=\"https:\/\/i0.wp.com\/pbs.twimg.com\/profile_images\/639880925027799040\/WWBoz14y_bigger.jpg?w=654&#038;ssl=1\" alt=\"\" data-recalc-dims=\"1\" \/>\u00a0<span style=\"color: #99ccff;\"> \u00a0<span style=\"color: #ffcc00;\"><strong class=\"fullname js-action-profile-name show-popup-with-id\" data-aria-label-part=\"\">Marie-Jos\u00e9e Goulet<\/strong>\u200f<span class=\"username js-action-profile-name\" data-aria-label-part=\"\"><s>@<\/s><b>marieJOgoulet<\/b><\/span><\/span><\/span><\/a><\/h3>\n<\/div>\n<h3 class=\"TweetTextSize TweetTextSize--28px js-tweet-text tweet-text\" lang=\"fr\" data-aria-label-part=\"0\"><span style=\"color: #ffcc00;\">Le Guide du savoir-\u00e9crire recommand\u00e9 dans le R\u00e9dacto(b)logue <a class=\"twitter-timeline-link\" dir=\"ltr\" style=\"color: #ffcc00;\" title=\"http:\/\/bit.ly\/1Pbrnln\" href=\"https:\/\/t.co\/1s2f4tPNrW\" target=\"_blank\" rel=\"nofollow noopener noreferrer\" data-expanded-url=\"http:\/\/bit.ly\/1Pbrnln\"><span class=\"invisible\">http:\/\/<\/span><span class=\"js-display-url\">bit.ly\/1Pbrnln<\/span><span class=\"tco-ellipsis\"><span class=\"invisible\">\u00a0<\/span><\/span><\/a> cc <a class=\"twitter-atreply pretty-link js-nav\" dir=\"ltr\" style=\"color: #ffcc00;\" href=\"https:\/\/twitter.com\/JeanPaulSim\" data-mentioned-user-id=\"1631609143\"><s>@<\/s><b>JeanPaulSim<\/b><\/a><\/span><\/h3>\n<p>&nbsp;<\/p>\n<\/div>\n<div class=\"sharedaddy sd-sharing-enabled\"><div class=\"robots-nocontent sd-block sd-social sd-social-icon-text sd-sharing\"><h3 class=\"sd-title\">Partager\u00a0:<\/h3><div class=\"sd-content\"><ul><li class=\"share-facebook\"><a rel=\"nofollow noopener noreferrer\" data-shared=\"sharing-facebook-95\" class=\"share-facebook sd-button share-icon\" href=\"https:\/\/jeanpaulsimard.com\/index.php\/sample-page\/guide-du-savoir-ecrire\/?share=facebook\" target=\"_blank\" title=\"Cliquez pour partager sur Facebook\"><span>Facebook<\/span><\/a><\/li><li class=\"share-twitter\"><a rel=\"nofollow noopener noreferrer\" data-shared=\"sharing-twitter-95\" class=\"share-twitter sd-button share-icon\" href=\"https:\/\/jeanpaulsimard.com\/index.php\/sample-page\/guide-du-savoir-ecrire\/?share=twitter\" target=\"_blank\" title=\"Cliquez pour partager sur Twitter\"><span>Twitter<\/span><\/a><\/li><li class=\"share-linkedin\"><a rel=\"nofollow noopener noreferrer\" data-shared=\"sharing-linkedin-95\" class=\"share-linkedin sd-button share-icon\" href=\"https:\/\/jeanpaulsimard.com\/index.php\/sample-page\/guide-du-savoir-ecrire\/?share=linkedin\" target=\"_blank\" title=\"Cliquez pour partager sur LinkedIn\"><span>LinkedIn<\/span><\/a><\/li><li class=\"share-pinterest\"><a rel=\"nofollow noopener noreferrer\" data-shared=\"sharing-pinterest-95\" class=\"share-pinterest sd-button share-icon\" href=\"https:\/\/jeanpaulsimard.com\/index.php\/sample-page\/guide-du-savoir-ecrire\/?share=pinterest\" target=\"_blank\" title=\"Cliquez pour partager sur Pinterest\"><span>Pinterest<\/span><\/a><\/li><li class=\"share-email\"><a rel=\"nofollow noopener noreferrer\" data-shared=\"\" class=\"share-email sd-button share-icon\" href=\"https:\/\/jeanpaulsimard.com\/index.php\/sample-page\/guide-du-savoir-ecrire\/?share=email\" target=\"_blank\" title=\"Cliquez pour envoyer par e-mail \u00e0 un ami\"><span>E-mail<\/span><\/a><\/li><li class=\"share-print\"><a rel=\"nofollow noopener noreferrer\" data-shared=\"\" class=\"share-print sd-button share-icon\" href=\"https:\/\/jeanpaulsimard.com\/index.php\/sample-page\/guide-du-savoir-ecrire\/\" target=\"_blank\" title=\"Cliquer pour imprimer\"><span>Imprimer<\/span><\/a><\/li><li class=\"share-end\"><\/li><\/ul><\/div><\/div><\/div>","protected":false},"excerpt":{"rendered":"<p>Guide du savoir-\u00e9crire Un ouvrage COMPLET et AUTODIDACTIQUE sur l\u2019art d\u2019\u00e9crire comprenant de nombreux EXEMPLES, EXERCICES et CORRIG\u00c9S. Utilis\u00e9 par toutes les INSTITUTIONS (\u00e9coles secondaires, c\u00e9geps, universit\u00e9s). Tr\u00e8s utile pour la maison\u2026 &nbsp; \u00a0FICHE TECHNIQUE DU LIVRE : http:\/\/www.editions-homme.com\/guide-savoir-ecrire\/jean-paul-simard\/livre\/9782761920667 R\u00e9sum\u00e9 de la carri\u00e8re de l\u2019auteur JEAN-PAUL SIMARD a termin\u00e9 une carri\u00e8re dans l&rsquo;enseignement du fran\u00e7ais [&hellip;]<\/p>\n<div class=\"sharedaddy sd-sharing-enabled\"><div class=\"robots-nocontent sd-block sd-social sd-social-icon-text sd-sharing\"><h3 class=\"sd-title\">Partager\u00a0:<\/h3><div class=\"sd-content\"><ul><li class=\"share-facebook\"><a rel=\"nofollow noopener noreferrer\" data-shared=\"sharing-facebook-95\" class=\"share-facebook sd-button share-icon\" href=\"https:\/\/jeanpaulsimard.com\/index.php\/sample-page\/guide-du-savoir-ecrire\/?share=facebook\" target=\"_blank\" title=\"Cliquez pour partager sur Facebook\"><span>Facebook<\/span><\/a><\/li><li class=\"share-twitter\"><a rel=\"nofollow noopener noreferrer\" data-shared=\"sharing-twitter-95\" class=\"share-twitter sd-button share-icon\" href=\"https:\/\/jeanpaulsimard.com\/index.php\/sample-page\/guide-du-savoir-ecrire\/?share=twitter\" target=\"_blank\" title=\"Cliquez pour partager sur Twitter\"><span>Twitter<\/span><\/a><\/li><li class=\"share-linkedin\"><a rel=\"nofollow noopener noreferrer\" data-shared=\"sharing-linkedin-95\" class=\"share-linkedin sd-button share-icon\" href=\"https:\/\/jeanpaulsimard.com\/index.php\/sample-page\/guide-du-savoir-ecrire\/?share=linkedin\" target=\"_blank\" title=\"Cliquez pour partager sur LinkedIn\"><span>LinkedIn<\/span><\/a><\/li><li class=\"share-pinterest\"><a rel=\"nofollow noopener noreferrer\" data-shared=\"sharing-pinterest-95\" class=\"share-pinterest sd-button share-icon\" href=\"https:\/\/jeanpaulsimard.com\/index.php\/sample-page\/guide-du-savoir-ecrire\/?share=pinterest\" target=\"_blank\" title=\"Cliquez pour partager sur Pinterest\"><span>Pinterest<\/span><\/a><\/li><li class=\"share-email\"><a rel=\"nofollow noopener noreferrer\" data-shared=\"\" class=\"share-email sd-button share-icon\" href=\"https:\/\/jeanpaulsimard.com\/index.php\/sample-page\/guide-du-savoir-ecrire\/?share=email\" target=\"_blank\" title=\"Cliquez pour envoyer par e-mail \u00e0 un ami\"><span>E-mail<\/span><\/a><\/li><li class=\"share-print\"><a rel=\"nofollow noopener noreferrer\" data-shared=\"\" class=\"share-print sd-button share-icon\" href=\"https:\/\/jeanpaulsimard.com\/index.php\/sample-page\/guide-du-savoir-ecrire\/\" target=\"_blank\" title=\"Cliquer pour imprimer\"><span>Imprimer<\/span><\/a><\/li><li class=\"share-end\"><\/li><\/ul><\/div><\/div><\/div>","protected":false},"author":1,"featured_media":0,"parent":2,"menu_order":9,"comment_status":"closed","ping_status":"closed","template":"","meta":{"spay_email":""},"jetpack_sharing_enabled":true,"jetpack_shortlink":"https:\/\/wp.me\/P6sIY6-1x","jetpack-related-posts":[{"id":2,"url":"https:\/\/jeanpaulsimard.com\/index.php\/sample-page\/","url_meta":{"origin":95,"position":0},"title":"Mes livres","date":"11 juillet 2015","format":false,"excerpt":"Je suis confiant que vous vous trouverez dans ces livres une nourriture pour l'esprit, le\u00a0c\u0153ur\u00a0et l'\u00e2me. Vient de para\u00eetre :\u00a0 \u00a0 (Le livre est disponible en Europe) L'\u00e9tonnant pouvoir de la pleine conscience L'\u00e9tonnante th\u00e9rapie des 3R La nouvelle spiritualit\u00e9 du mieux-\u00eatre Avez-vous une trousse spirituelle de premiers soins?\u00a0 Rena\u00eetre\u2026","rel":"","context":"Article similaire","img":{"alt_text":"","src":"https:\/\/i0.wp.com\/jeanpaulsimard.com\/wp-content\/uploads\/2025\/10\/3484003c-2c7c-466a-b252-8def88ede4b9.jpg?resize=350%2C200","width":350,"height":200},"classes":[]},{"id":19,"url":"https:\/\/jeanpaulsimard.com\/","url_meta":{"origin":95,"position":1},"title":"Trouvez ici ce que vous cherchez","date":"10 juillet 2015","format":false,"excerpt":"\"Pour son accomplissement, l'homme n'a pas besoin de perfection mais de pl\u00e9nitude. \" (Carl Jung) Nouveaut\u00e9 E N\u00a0 L I B R A I R I E\u00a0 Ce livre propose des m\u00e9thodes pour se lib\u00e9rer des pens\u00e9es envahissantes, n\u00e9gatives ou toxiques qui perturbent la paix int\u00e9rieure. Il aide \u00e0 reconna\u00eetre,\u2026","rel":"","context":"Article similaire","img":{"alt_text":"","src":"https:\/\/i0.wp.com\/jeanpaulsimard.com\/wp-content\/uploads\/2025\/10\/3484003c-2c7c-466a-b252-8def88ede4b9.jpg?resize=350%2C200","width":350,"height":200},"classes":[]},{"id":17,"url":"https:\/\/jeanpaulsimard.com\/index.php\/lauteur\/","url_meta":{"origin":95,"position":2},"title":"L'auteur","date":"10 juillet 2015","format":false,"excerpt":"TITRES : \u00c9CRIVAIN, CONF\u00c9RENCIER et TH\u00c9OLOGIEN sp\u00e9cialis\u00e9 en ANTHROPOLOGIE SPIRITUELLE JEAN-PAUL SIMARD d\u00e9tient un dipl\u00f4me universitaire de 3e cycle (niveau du doctorat) en anthropologie spirituelle et th\u00e9ologie (Universit\u00e9 de Sherbrooke). Il s'int\u00e9resse particuli\u00e8rement \u00e0 la personne dans son questionnement int\u00e9rieur, dans sa recherche de r\u00e9ponses aux grandes questions existentielles portant\u2026","rel":"","context":"Avec 5 commentaires","img":{"alt_text":"","src":"https:\/\/i1.wp.com\/jeanpaulsimard.com\/wp-content\/uploads\/2015\/10\/image-FB-1.png?fit=470%2C249&ssl=1&resize=350%2C200","width":350,"height":200},"classes":[]},{"id":87,"url":"https:\/\/jeanpaulsimard.com\/index.php\/sample-page\/cette-force-qui-souleve-la-vie\/","url_meta":{"origin":95,"position":3},"title":"Cette force qui soul\u00e8ve la vie !","date":"11 juillet 2015","format":false,"excerpt":"UN BEAU CADEAU \u00c0 FAIRE OU \u00c0 SE FAIRE ! QUELLES SONT LES VALEURS qui permettent de se maintenir dans l'existence quand tout s'effondre autour de soi ? Gr\u00e2ce \u00e0 ces valeurs beaucoup sont sortis de l'enfer de l'alcool, de la drogue, du jeu, du sexolisme. Des personnes atteintes de\u2026","rel":"","context":"Article similaire","img":{"alt_text":"","src":"","width":0,"height":0},"classes":[]},{"id":47,"url":"https:\/\/jeanpaulsimard.com\/index.php\/sample-page\/renouer-avec-dieu\/","url_meta":{"origin":95,"position":4},"title":"Renouer avec Dieu","date":"11 juillet 2015","format":false,"excerpt":"PEUT-ON ALLER \u00c0 DIEU SANS PASSER PAR LA RELIGION Vous n\u2019avez pas le c\u0153ur \u00e0 entrer dans une \u00e9glise, mais vous sentez un appel \u00e0 la spiritualit\u00e9. Vous \u00e9prouvez le besoin d'une vie moins superficielle? Vous voulez combler votre \u00abvide\u00bb int\u00e9rieur? Vous d\u00e9sirez communiquer avec le \u00abnoyau spirituel\u00bb de votre\u2026","rel":"","context":"Article similaire","img":{"alt_text":"","src":"https:\/\/i0.wp.com\/jeanpaulsimard.com\/wp\/wp-content\/uploads\/2015\/07\/Renouer-avec-Dieu-224x300.jpg?resize=350%2C200","width":350,"height":200},"classes":[]},{"id":53,"url":"https:\/\/jeanpaulsimard.com\/index.php\/sample-page\/guerir-par-la-foi-lamour-la-priere\/","url_meta":{"origin":95,"position":5},"title":"Gu\u00e9rir par la foi, l'amour, la pri\u00e8re","date":"11 juillet 2015","format":false,"excerpt":"QUELLES SONT LES VALEURS SPIRITUELLES QUI GU\u00c9RISSENT ? UN OUVRAGE SUR L'AGAP\u00c8TH\u00c9RAPIE, M\u00c9DECINE DE L'\u00c2ME ET DU C\u0152UR IL EXISTE UN R\u00c9EL POUVOIR DE GU\u00c9RISON dans le spirituel. Plusieurs exp\u00e9rimentent que la foi en l'amour divin permet d'att\u00e9nuer les peines, de soigner les blessures, de trouver la paix int\u00e9rieure. Ils\u2026","rel":"","context":"Article similaire","img":{"alt_text":"","src":"https:\/\/i2.wp.com\/jeanpaulsimard.com\/wp\/wp-content\/uploads\/2015\/07\/Gu\u00c3\u00a9rir-200x300.jpg?resize=350%2C200","width":350,"height":200},"classes":[]}],"_links":{"self":[{"href":"https:\/\/jeanpaulsimard.com\/index.php\/wp-json\/wp\/v2\/pages\/95"}],"collection":[{"href":"https:\/\/jeanpaulsimard.com\/index.php\/wp-json\/wp\/v2\/pages"}],"about":[{"href":"https:\/\/jeanpaulsimard.com\/index.php\/wp-json\/wp\/v2\/types\/page"}],"author":[{"embeddable":true,"href":"https:\/\/jeanpaulsimard.com\/index.php\/wp-json\/wp\/v2\/users\/1"}],"replies":[{"embeddable":true,"href":"https:\/\/jeanpaulsimard.com\/index.php\/wp-json\/wp\/v2\/comments?post=95"}],"version-history":[{"count":29,"href":"https:\/\/jeanpaulsimard.com\/index.php\/wp-json\/wp\/v2\/pages\/95\/revisions"}],"predecessor-version":[{"id":3553,"href":"https:\/\/jeanpaulsimard.com\/index.php\/wp-json\/wp\/v2\/pages\/95\/revisions\/3553"}],"up":[{"embeddable":true,"href":"https:\/\/jeanpaulsimard.com\/index.php\/wp-json\/wp\/v2\/pages\/2"}],"wp:attachment":[{"href":"https:\/\/jeanpaulsimard.com\/index.php\/wp-json\/wp\/v2\/media?parent=95"}],"curies":[{"name":"wp","href":"https:\/\/api.w.org\/{rel}","templated":true}]}}