{"id":87,"date":"2015-07-11T19:23:48","date_gmt":"2015-07-11T23:23:48","guid":{"rendered":"http:\/\/jeanpaulsimard.com\/wp\/?page_id=87"},"modified":"2016-07-25T14:38:49","modified_gmt":"2016-07-25T18:38:49","slug":"cette-force-qui-souleve-la-vie","status":"publish","type":"page","link":"https:\/\/jeanpaulsimard.com\/index.php\/sample-page\/cette-force-qui-souleve-la-vie\/","title":{"rendered":"Cette force qui soul\u00e8ve la vie !"},"content":{"rendered":"<h2 style=\"text-align: justify;\"><strong><a href=\"https:\/\/i0.wp.com\/jeanpaulsimard.com\/wp\/wp-content\/uploads\/2015\/07\/Cette-force-e1436989153657.png\"><img loading=\"lazy\" class=\"alignleft size-medium wp-image-223\" src=\"https:\/\/i0.wp.com\/jeanpaulsimard.com\/wp\/wp-content\/uploads\/2015\/07\/Cette-force-e1436989138942-191x300.png?resize=191%2C300\" alt=\"Cette force\" width=\"191\" height=\"300\" data-recalc-dims=\"1\" \/><\/a><span style=\"color: #ff9900;\"><em>UN BEAU CADEAU \u00c0 FAIRE OU \u00c0 SE FAIRE !<\/em><\/span><\/strong><\/h2>\n<hr \/>\n<h3 style=\"text-align: justify;\"><\/h3>\n<h2 style=\"text-align: justify;\"><span style=\"color: #99ccff;\">QUELLES SONT LES VALEURS qui permettent de se maintenir dans l&rsquo;existence quand tout s&rsquo;effondre autour de soi ? Gr\u00e2ce \u00e0 ces valeurs beaucoup sont sortis de l&rsquo;enfer de l&rsquo;alcool, de la drogue, du jeu, du sexolisme. Des personnes atteintes de maladies incurables, d\u00e9compt\u00e9es par la m\u00e9decine, ont vaincu la mort. Certaines ont assum\u00e9 leur maladie, au point d&rsquo;y voir une source de transformation et de bonheur. Beaucoup ont vu leur peur, leur anxi\u00e9t\u00e9, leur angoisse se commuer en un profond sentiment de paix et de qui\u00e9tude. Des personnes ont travers\u00e9 des \u00e9preuves humainement insupportables. Elles ont d\u00e9couvert dans le spirituel une force incomparable pour mener le dur combat de la vie! (Extrait de CETTE FORCE QUI SOUL\u00c8VE LA VIE, \u00c9ditions Anne Sigier\/M\u00e9diaspaul). Pour plus d&rsquo;information, clique sur le lien suivant\u00a0:<\/span><\/h2>\n<h2 style=\"text-align: justify;\"><span style=\"color: #00ff00;\">\u00a0 \u00a0 \u00a0 \u00a0 \u00a0 \u00a0 \u00a0<em>\u00a0<a style=\"color: #00ff00;\" href=\"http:\/\/mediaspaul.qc.ca\/catalogue\/cette-force-qui-souleve-la-vie-1694\" target=\"_blank\">http:\/\/mediaspaul.qc.ca\/catalogue\/cette-force-qui-souleve-la-vie-1694<\/a><\/em><\/span><\/h2>\n<h2 style=\"text-align: justify;\"><span style=\"color: #99ccff;\">VOICI UN LIVRE qui pr\u00e9sente avec sinc\u00e9rit\u00e9, conviction, dans un style vivant, le pouvoir ph\u00e9nom\u00e9nal que rec\u00e8le le spirituel. Il r\u00e9v\u00e8le l\u2019influence \u00e9norme qu\u2019il peut exercer sur l\u2019existence, la vie, le destin, la sant\u00e9, la gu\u00e9rison&#8230; On reconna\u00eet de plus en plus la n\u00e9cessit\u00e9 d\u2019avoir une orientation spirituelle pour vivre \u00e9quilibr\u00e9 et heureux.<\/span><\/h2>\n<h2><\/h2>\n<hr \/>\n<h3 style=\"text-align: justify;\"><\/h3>\n<h2 style=\"text-align: justify;\"><span style=\"color: #ff9900;\"><em>Un livre \u00abd\u2019\u00e9veil\u00bb spirituel<\/em><\/span><\/h2>\n<h2 style=\"text-align: justify;\"><span style=\"color: #99ccff;\"><em>TU AS SOIF de quelque chose que tu ne trouves pas\u2026 Tu te questionnes sur le sens de la vie\u2026 Tu cherches peut-\u00eatre des raisons de vivre qui soient autres que celles que donnent la science, la technologie, la politique, la soci\u00e9t\u00e9\u2026<\/em><\/span><\/h2>\n<h2 style=\"text-align: justify;\"><span style=\"color: #99ccff;\">C&rsquo;EST INCROYABLE ! la force que repr\u00e9sente le spirituel dans une vie\u2026Des femmes et des hommes de tout \u00e2ge, de toute condition, \u00e9tudiants, travailleurs, m\u00e9decins, artistes, journalistes\u2026 avouent avoir d\u00e9j\u00e0 fait un jour une exp\u00e9rience radicale.\u00a0 Las d\u2019avoir couru, \u00e0 perdre haleine, apr\u00e8s le succ\u00e8s, l\u2019argent, la gloire, l\u2019amour, ils ont exp\u00e9riment\u00e9 une force qui les a soulev\u00e9s, transfigur\u00e9s, orient\u00e9s vers quelque\u00a0 chose de sup\u00e9rieur\u2026<\/span><\/h2>\n<h2 style=\"text-align: justify;\"><span style=\"color: #99ccff;\">GR\u00c2CE AU SPIRITUEL des hommes et des femmes ont r\u00e9alis\u00e9 un destin extraordinaire.\u00a0 Beaucoup sont sortis de l\u2019enfer de l\u2019alcool, de la drogue ou du jeu; plusieurs, atteints de maladies incurables, ont vaincu la mort; certains ont assum\u00e9 leurs souffrances au point d\u2019y voir une source de transformation et de bonheur.\u00a0 Beaucoup ont vu leur peur, leur anxi\u00e9t\u00e9, leur angoisse se commuer en un profond sentiment de paix et de qui\u00e9tude.\u00a0 Ils ont travers\u00e9 des \u00e9preuves humainement insupportables et ont d\u00e9couvert dans le spirituel une force incomparable pour mener le dur combat de la vie !\u00a0 Ces gens ont d\u00e9couvert que la grandeur du spirituel, qui puise aux ressources de l\u2019\u00e2me et \u00e0 sa capacit\u00e9 \u00e9tonnante de rebondissement, repr\u00e9sente un rem\u00e8de unique contre les vicissitudes de la vie.\u00a0 Imaginez le sens et la force qu\u2019acquiert une existence impr\u00e9gn\u00e9e par le potentiel divin.\u00a0 On reconna\u00eet de plus en plus la n\u00e9cessit\u00e9 d\u2019avoir\u00a0 une orientation spirituelle pour vivre \u00e9quilibr\u00e9 et heureux.<\/span><\/h2>\n<h2 style=\"text-align: justify;\"><span style=\"color: #99ccff;\"><span style=\"color: #00ffff;\"><em>Cette force qui soul\u00e8ve la vie !<\/em> <\/span>est un livre \u00abd\u2019\u00e9veil spirituel\u00bb et de ressourcement.\u00a0 Il puise aux lois universelles de l\u2019\u00e9volution et de la transformation.\u00a0 Il expose sans fard, sans d\u00e9tour, sans compromis, les conditions d\u2019acc\u00e8s au monde spirituel, en indiquant le chemin qui m\u00e8ne \u00e0 la source de toute vie.<\/span><\/h2>\n<p>&nbsp;<\/p>\n<hr \/>\n<h3 style=\"text-align: justify;\"><\/h3>\n<h2 style=\"text-align: justify;\"><span style=\"color: #ff9900;\"><em>Un livre fascinant<\/em><\/span><\/h2>\n<h2 style=\"text-align: justify;\"><span style=\"color: #99ccff;\">Vous serez ENVO\u00dbT\u00c9S par la lecture de <em>Cette force qui soul\u00e8ve la vie!<\/em>, d\u00e9bordant de RYTHME, d\u2019IMAGES et de PO\u00c9SIE. Un livre qui se situe \u00e0 la hauteur du coeur humain. O\u00f9 tout est centr\u00e9 sur le v\u00e9cu, l\u2019exp\u00e9rience de la vie, le\u00a0 t\u00e9moignage. \u00c0 cette fin, le langage utilis\u00e9 est clair, accessible, non \u00e9quivoque. Il \u00e9vite d\u2019entra\u00eener le lecteur dans des distinctions ou des nuances qui ont peut \u00e0 voir avec \u00abla croissance spirituelle\u00bb. Celle-ci n\u2019est pas de l\u2019ordre du raisonnement mais de l\u2019engagement. Le spirituel est aspiration, \u00e9lan, d\u00e9sir. \u00c0 ce titre, le livre n\u2019analyse pas la soif, IL INDIQUE LA SOURCE\u2026 !<\/span><\/h2>\n<h2><\/h2>\n<hr \/>\n<h3 style=\"text-align: justify;\"><\/h3>\n<h2 style=\"text-align: justify;\"><span style=\"color: #ff9900;\"><em>Un livre-cadeau<\/em><\/span><\/h2>\n<h2 style=\"text-align: justify;\"><span style=\"color: #99ccff;\">QUEL BEAU CADEAU \u00e0 se faire ou \u00e0 offrir \u00e0 quelqu\u2019un qu\u2019on aime ! \u00c0 qui on veut dire ce qu\u2019on ne peut pas dire, parce qu\u2019on n\u2019a pas les mots. \u00c0 qui on veut transmettre des valeurs importantes! Quelqu\u2019un qui a besoin d\u2019un LIVRE TONIQUE\u2026\u00a0 Qui cherche UN SENS ou un SURPLUS DE SENS \u00e0 sa vie\u2026<\/span><\/h2>\n<h2><em><span style=\"color: #00ff00;\">\u00a0 \u00a0 \u00a0 \u00a0 \u00a0 \u00a0 \u00a0 \u00a0 \u00a0 \u00a0 \u00a0 \u00a0 \u00a0\u00a0<a style=\"color: #00ff00;\" href=\"http:\/\/mediaspaul.qc.ca\/catalogue\/cette-force-qui-souleve-la-vie-1694\">http:\/\/mediaspaul.qc.ca\/catalogue\/cette-force-qui-souleve-la-vie-1694<\/a><\/span><\/em><\/h2>\n<p>&nbsp;<\/p>\n<hr \/>\n<h3 style=\"text-align: justify;\"><\/h3>\n<h2 style=\"text-align: justify;\"><span style=\"color: #ff9900;\"><strong>VOICI UN APER\u00c7U DU LIVRE\u00a0:<\/strong><\/span><\/h2>\n<h2 style=\"text-align: justify;\"><span style=\"color: #99ccff;\"><strong>\u00a0 \u00a0 \u00a0 \u00a0 \u00a0 \u00a0 \u00a0 \u00a0 \u00a0 \u00a0 \u00a0 \u00a0 \u00a0 \u00a0 \u00a0 \u00a0 \u00a0 \u00a0 \u00a0 \u00a0 \u00a0 \u00a0 \u00a0 \u00a0 \u00a0 \u00a0 \u00a0 \u00a0 \u00a0 \u00a0 \u00a0 \u00a0 \u00a0<\/strong><strong>INTRODUCTION<\/strong><\/span><\/h2>\n<h2 style=\"text-align: justify;\"><span style=\"color: #99ccff;\">\u00ab<em>L\u2019invisible<\/em>\u00bb, voil\u00e0 le mot que j&rsquo;ai tant cherch\u00e9 ! Mot indispensable pour traduire la dimension sacr\u00e9e de la vie. Il fut un temps o\u00f9 cette dimension me faisait terriblement d\u00e9faut. Je portais ma vie comme une blessure. Tout mon \u00eatre r\u00e9sonnait de ce vide int\u00e9rieur qui pr\u00e9lude aux grandes fractures de l&rsquo;\u00e2me.<\/span><\/h2>\n<h2 style=\"text-align: justify;\"><span style=\"color: #99ccff;\">\u00a0\u00a0\u00a0\u00a0\u00a0\u00a0\u00a0\u00a0\u00a0 Je me suis alors demand\u00e9 comment on en arrive \u00e0 percer une br\u00e8che dans l&rsquo;existence par o\u00f9 s&rsquo;\u00e9chappe la fragrance de la vie. Comment on peut se laisser d\u00e9poss\u00e9der de cette \u00e9tincelle int\u00e9rieure qui fait tout le suc et le prix de l&rsquo;existence.<\/span><\/h2>\n<h2 style=\"text-align: justify;\"><span style=\"color: #99ccff;\">\u00a0\u00a0\u00a0\u00a0\u00a0\u00a0\u00a0\u00a0\u00a0 C&rsquo;est pr\u00e9cis\u00e9ment ce qui m&rsquo;a incit\u00e9 \u00e0 \u00e9crire ce livre. Montrer qu&rsquo;il est possible de lever les yeux au-dessus de sa condition pour voir s&rsquo;il n&rsquo;y aurait pas <em>autre chose<\/em> dans l&rsquo;existence. Ouvrir une fen\u00eatre sur l&rsquo;\u00e9ternit\u00e9 et l&rsquo;immortalit\u00e9. Restaurer la dimension spirituelle de l&rsquo;\u00eatre. Rallumer si possible l&rsquo;\u00e9tincelle divine. D\u00e9couvrir en m\u00eame temps des valeurs exceptionnelles qui font vivre et qui m\u00e9ritent d&rsquo;\u00eatre proclam\u00e9es.<\/span><\/h2>\n<h2 style=\"text-align: justify;\"><span style=\"color: #99ccff;\">\u00a0\u00a0\u00a0\u00a0\u00a0\u00a0\u00a0\u00a0\u00a0 Il arrive un moment o\u00f9 les questions importantes ne portent plus sur l&rsquo;origine ou le fonctionnement des choses, mais sur le sens qu&rsquo;elles peuvent prendre; non plus sur les relations entre elles, mais sur leur finalit\u00e9; non plus sur l&rsquo;avoir, mais sur l&rsquo;\u00eatre. Concr\u00e8tement, cela signifie que la question \u00e0 se poser n&rsquo;est pas \u00abComment puis-je amasser ou poss\u00e9der ?\u00bb, mais \u00abQui suis-je ?\u00bb et \u00abO\u00f9 vais-je ?\u00bb<\/span><\/h2>\n<h2 style=\"text-align: justify;\"><span style=\"color: #99ccff;\">\u00a0\u00a0\u00a0\u00a0\u00a0\u00a0\u00a0\u00a0\u00a0 Pour y arriver, je propose de d\u00e9couvrir <em>\u00abl\u2019\u00eatre spirituel\u00bb <\/em>en soi, ce compagnon indispensable de notre voyage terrestre. Ce compagnon si souvent cach\u00e9 et oubli\u00e9 de la vie avec lequel nous cheminons pourtant depuis si longtemps. Le jour o\u00f9 nous faisons la d\u00e9couverte de cet \u00eatre et que nous acceptons de vivre selon les lois du monde spirituel, l&rsquo;horizon de l&rsquo;existence change radicalement. S&rsquo;ouvre alors devant soi\u00a0 une <em>\u00abvoie royale\u00bb <\/em>qui m\u00e8ne \u00e0 la pl\u00e9nitude de la vie.<\/span><\/h2>\n<p><img class=\"aligncenter\" src=\"https:\/\/i1.wp.com\/jeanpaulsimard.com\/wp-content\/uploads\/2015\/10\/image-FB-1.png?resize=300%2C159\" alt=\"image FB-1\" data-recalc-dims=\"1\" \/><\/p>\n<div class=\"sharedaddy sd-sharing-enabled\"><div class=\"robots-nocontent sd-block sd-social sd-social-icon-text sd-sharing\"><h3 class=\"sd-title\">Partager\u00a0:<\/h3><div class=\"sd-content\"><ul><li class=\"share-facebook\"><a rel=\"nofollow noopener noreferrer\" data-shared=\"sharing-facebook-87\" class=\"share-facebook sd-button share-icon\" href=\"https:\/\/jeanpaulsimard.com\/index.php\/sample-page\/cette-force-qui-souleve-la-vie\/?share=facebook\" target=\"_blank\" title=\"Cliquez pour partager sur Facebook\"><span>Facebook<\/span><\/a><\/li><li class=\"share-twitter\"><a rel=\"nofollow noopener noreferrer\" data-shared=\"sharing-twitter-87\" class=\"share-twitter sd-button share-icon\" href=\"https:\/\/jeanpaulsimard.com\/index.php\/sample-page\/cette-force-qui-souleve-la-vie\/?share=twitter\" target=\"_blank\" title=\"Cliquez pour partager sur Twitter\"><span>Twitter<\/span><\/a><\/li><li class=\"share-linkedin\"><a rel=\"nofollow noopener noreferrer\" data-shared=\"sharing-linkedin-87\" class=\"share-linkedin sd-button share-icon\" href=\"https:\/\/jeanpaulsimard.com\/index.php\/sample-page\/cette-force-qui-souleve-la-vie\/?share=linkedin\" target=\"_blank\" title=\"Cliquez pour partager sur LinkedIn\"><span>LinkedIn<\/span><\/a><\/li><li class=\"share-pinterest\"><a rel=\"nofollow noopener noreferrer\" data-shared=\"sharing-pinterest-87\" class=\"share-pinterest sd-button share-icon\" href=\"https:\/\/jeanpaulsimard.com\/index.php\/sample-page\/cette-force-qui-souleve-la-vie\/?share=pinterest\" target=\"_blank\" title=\"Cliquez pour partager sur Pinterest\"><span>Pinterest<\/span><\/a><\/li><li class=\"share-email\"><a rel=\"nofollow noopener noreferrer\" data-shared=\"\" class=\"share-email sd-button share-icon\" href=\"https:\/\/jeanpaulsimard.com\/index.php\/sample-page\/cette-force-qui-souleve-la-vie\/?share=email\" target=\"_blank\" title=\"Cliquez pour envoyer par e-mail \u00e0 un ami\"><span>E-mail<\/span><\/a><\/li><li class=\"share-print\"><a rel=\"nofollow noopener noreferrer\" data-shared=\"\" class=\"share-print sd-button share-icon\" href=\"https:\/\/jeanpaulsimard.com\/index.php\/sample-page\/cette-force-qui-souleve-la-vie\/\" target=\"_blank\" title=\"Cliquer pour imprimer\"><span>Imprimer<\/span><\/a><\/li><li class=\"share-end\"><\/li><\/ul><\/div><\/div><\/div>","protected":false},"excerpt":{"rendered":"<p>UN BEAU CADEAU \u00c0 FAIRE OU \u00c0 SE FAIRE ! QUELLES SONT LES VALEURS qui permettent de se maintenir dans l&rsquo;existence quand tout s&rsquo;effondre autour de soi ? Gr\u00e2ce \u00e0 ces valeurs beaucoup sont sortis de l&rsquo;enfer de l&rsquo;alcool, de la drogue, du jeu, du sexolisme. Des personnes atteintes de maladies incurables, d\u00e9compt\u00e9es par la [&hellip;]<\/p>\n<div class=\"sharedaddy sd-sharing-enabled\"><div class=\"robots-nocontent sd-block sd-social sd-social-icon-text sd-sharing\"><h3 class=\"sd-title\">Partager\u00a0:<\/h3><div class=\"sd-content\"><ul><li class=\"share-facebook\"><a rel=\"nofollow noopener noreferrer\" data-shared=\"sharing-facebook-87\" class=\"share-facebook sd-button share-icon\" href=\"https:\/\/jeanpaulsimard.com\/index.php\/sample-page\/cette-force-qui-souleve-la-vie\/?share=facebook\" target=\"_blank\" title=\"Cliquez pour partager sur Facebook\"><span>Facebook<\/span><\/a><\/li><li class=\"share-twitter\"><a rel=\"nofollow noopener noreferrer\" data-shared=\"sharing-twitter-87\" class=\"share-twitter sd-button share-icon\" href=\"https:\/\/jeanpaulsimard.com\/index.php\/sample-page\/cette-force-qui-souleve-la-vie\/?share=twitter\" target=\"_blank\" title=\"Cliquez pour partager sur Twitter\"><span>Twitter<\/span><\/a><\/li><li class=\"share-linkedin\"><a rel=\"nofollow noopener noreferrer\" data-shared=\"sharing-linkedin-87\" class=\"share-linkedin sd-button share-icon\" href=\"https:\/\/jeanpaulsimard.com\/index.php\/sample-page\/cette-force-qui-souleve-la-vie\/?share=linkedin\" target=\"_blank\" title=\"Cliquez pour partager sur LinkedIn\"><span>LinkedIn<\/span><\/a><\/li><li class=\"share-pinterest\"><a rel=\"nofollow noopener noreferrer\" data-shared=\"sharing-pinterest-87\" class=\"share-pinterest sd-button share-icon\" href=\"https:\/\/jeanpaulsimard.com\/index.php\/sample-page\/cette-force-qui-souleve-la-vie\/?share=pinterest\" target=\"_blank\" title=\"Cliquez pour partager sur Pinterest\"><span>Pinterest<\/span><\/a><\/li><li class=\"share-email\"><a rel=\"nofollow noopener noreferrer\" data-shared=\"\" class=\"share-email sd-button share-icon\" href=\"https:\/\/jeanpaulsimard.com\/index.php\/sample-page\/cette-force-qui-souleve-la-vie\/?share=email\" target=\"_blank\" title=\"Cliquez pour envoyer par e-mail \u00e0 un ami\"><span>E-mail<\/span><\/a><\/li><li class=\"share-print\"><a rel=\"nofollow noopener noreferrer\" data-shared=\"\" class=\"share-print sd-button share-icon\" href=\"https:\/\/jeanpaulsimard.com\/index.php\/sample-page\/cette-force-qui-souleve-la-vie\/\" target=\"_blank\" title=\"Cliquer pour imprimer\"><span>Imprimer<\/span><\/a><\/li><li class=\"share-end\"><\/li><\/ul><\/div><\/div><\/div>","protected":false},"author":1,"featured_media":0,"parent":2,"menu_order":5,"comment_status":"closed","ping_status":"closed","template":"","meta":{"spay_email":""},"jetpack_sharing_enabled":true,"jetpack_shortlink":"https:\/\/wp.me\/P6sIY6-1p","jetpack-related-posts":[{"id":193,"url":"https:\/\/jeanpaulsimard.com\/index.php\/sample-page\/avez-vous-une-trousse-de-premiers-soins-spirituels\/","url_meta":{"origin":87,"position":0},"title":"Avez-vous une trousse spirituelle de premiers soins ?","date":"14 juillet 2015","format":false,"excerpt":"TROUSSE SPIRITUELLE DE PREMIERS SOINS ... VIENT DE PARA\u00ceTRE AUX \u00c9DITIONS M\u00c9DIASPAUL (CANADA \/ FRANCE \/ EUROPE) \u00a0[Maintenant disponible en Europe] Fiche technique du livre : http:\/\/mediaspaul.qc.ca\/catalogue\/trousse-spirituelle-de-premiers-soins-8845 Recens\u00e9 par le journal LE DEVOIR : http:\/\/www.ledevoir.com\/societe\/ethique-et-religion\/466331\/trousse-spirituelle-de-premiers-soins Le livre existe aussi en format num\u00e9rique (PDF et ePub) L'ID\u00c9E D'\u00c9CRIRE CE LIVRE m'est\u2026","rel":"","context":"Article similaire","img":{"alt_text":"MP_Trousse spirituelle_quatrieme_01","src":"https:\/\/i1.wp.com\/jeanpaulsimard.com\/wp-content\/uploads\/2015\/07\/MP_Trousse-spirituelle_quatrieme_01-1024x747.jpg?resize=350%2C200","width":350,"height":200},"classes":[]},{"id":47,"url":"https:\/\/jeanpaulsimard.com\/index.php\/sample-page\/renouer-avec-dieu\/","url_meta":{"origin":87,"position":1},"title":"Renouer avec Dieu","date":"11 juillet 2015","format":false,"excerpt":"PEUT-ON ALLER \u00c0 DIEU SANS PASSER PAR LA RELIGION Vous n\u2019avez pas le c\u0153ur \u00e0 entrer dans une \u00e9glise, mais vous sentez un appel \u00e0 la spiritualit\u00e9. Vous \u00e9prouvez le besoin d'une vie moins superficielle? Vous voulez combler votre \u00abvide\u00bb int\u00e9rieur? Vous d\u00e9sirez communiquer avec le \u00abnoyau spirituel\u00bb de votre\u2026","rel":"","context":"Article similaire","img":{"alt_text":"","src":"https:\/\/i0.wp.com\/jeanpaulsimard.com\/wp\/wp-content\/uploads\/2015\/07\/Renouer-avec-Dieu-224x300.jpg?resize=350%2C200","width":350,"height":200},"classes":[]},{"id":53,"url":"https:\/\/jeanpaulsimard.com\/index.php\/sample-page\/guerir-par-la-foi-lamour-la-priere\/","url_meta":{"origin":87,"position":2},"title":"Gu\u00e9rir par la foi, l'amour, la pri\u00e8re","date":"11 juillet 2015","format":false,"excerpt":"QUELLES SONT LES VALEURS SPIRITUELLES QUI GU\u00c9RISSENT ? UN OUVRAGE SUR L'AGAP\u00c8TH\u00c9RAPIE, M\u00c9DECINE DE L'\u00c2ME ET DU C\u0152UR IL EXISTE UN R\u00c9EL POUVOIR DE GU\u00c9RISON dans le spirituel. Plusieurs exp\u00e9rimentent que la foi en l'amour divin permet d'att\u00e9nuer les peines, de soigner les blessures, de trouver la paix int\u00e9rieure. Ils\u2026","rel":"","context":"Article similaire","img":{"alt_text":"","src":"https:\/\/i2.wp.com\/jeanpaulsimard.com\/wp\/wp-content\/uploads\/2015\/07\/Gu\u00c3\u00a9rir-200x300.jpg?resize=350%2C200","width":350,"height":200},"classes":[]},{"id":89,"url":"https:\/\/jeanpaulsimard.com\/index.php\/sample-page\/ephata-la-spiritualite-du-coeur\/","url_meta":{"origin":87,"position":3},"title":"EPHATA - La spiritualit\u00e9 du coeur","date":"11 juillet 2015","format":false,"excerpt":"LA SPIRITUALIT\u00c9 DE L'AVENIR SERA-T-ELLE CELLE DU C\u0152UR ? LONGTEMPS LE\u00a0C\u0152UR\u00a0 a \u00e9t\u00e9 n\u00e9glig\u00e9 en spiritualit\u00e9. En anthropologie, le c\u0153ur, c'est la profondeur, le centre. En\u00a0th\u00e9ologie patristique, le c\u0153ur, c'est le lieu de l'int\u00e9riorit\u00e9 et de l'exp\u00e9rience spirituelle et religieuse. C'est le \u00ab lieu de Dieu \u00bb, l'instance qui rend\u2026","rel":"","context":"Article similaire","img":{"alt_text":"","src":"https:\/\/i0.wp.com\/jeanpaulsimard.com\/wp\/wp-content\/uploads\/2015\/07\/Ephata-200x300.jpg?resize=350%2C200","width":350,"height":200},"classes":[]},{"id":93,"url":"https:\/\/jeanpaulsimard.com\/index.php\/sample-page\/la-concentration-creatrice\/","url_meta":{"origin":87,"position":4},"title":"La concentration cr\u00e9atrice","date":"11 juillet 2015","format":false,"excerpt":"Un ouvrage de RESSOURCEMENT. Un RETOUR AUX SOURCES \u00a0La psychologie moderne a confirm\u00e9 les possibilit\u00e9s presque sans limites de l'esprit et du corps lorsque toutes leurs forces se concentrent en un seul point : soi-m\u00eame, un sentiment, une id\u00e9e, un id\u00e9al. Les sages orientaux ont pour leur part fait de\u2026","rel":"","context":"Article similaire","img":{"alt_text":"","src":"","width":0,"height":0},"classes":[]},{"id":50,"url":"https:\/\/jeanpaulsimard.com\/index.php\/sample-page\/renaitre-des-pertes-de-la-vie\/","url_meta":{"origin":87,"position":5},"title":"Rena\u00eetre des pertes de la vie","date":"11 juillet 2015","format":false,"excerpt":"UN LIVRE QUI CHANGERA VOTRE VIE... ! CE LIVRE n'est pas uniquement destin\u00e9 aux personnes concern\u00e9es par un deuil, mais bien davantage \u00e0 celles qui connaissent des \u00e9preuves de toutes sortes dans la vie\u2026 TOUTE PERSONNE conna\u00eet un jour la souffrance, les deuils, l\u2019\u00e9chec, le malheur. Pourtant, chaque perte ou\u2026","rel":"","context":"Article similaire","img":{"alt_text":"","src":"","width":0,"height":0},"classes":[]}],"_links":{"self":[{"href":"https:\/\/jeanpaulsimard.com\/index.php\/wp-json\/wp\/v2\/pages\/87"}],"collection":[{"href":"https:\/\/jeanpaulsimard.com\/index.php\/wp-json\/wp\/v2\/pages"}],"about":[{"href":"https:\/\/jeanpaulsimard.com\/index.php\/wp-json\/wp\/v2\/types\/page"}],"author":[{"embeddable":true,"href":"https:\/\/jeanpaulsimard.com\/index.php\/wp-json\/wp\/v2\/users\/1"}],"replies":[{"embeddable":true,"href":"https:\/\/jeanpaulsimard.com\/index.php\/wp-json\/wp\/v2\/comments?post=87"}],"version-history":[{"count":38,"href":"https:\/\/jeanpaulsimard.com\/index.php\/wp-json\/wp\/v2\/pages\/87\/revisions"}],"predecessor-version":[{"id":961,"href":"https:\/\/jeanpaulsimard.com\/index.php\/wp-json\/wp\/v2\/pages\/87\/revisions\/961"}],"up":[{"embeddable":true,"href":"https:\/\/jeanpaulsimard.com\/index.php\/wp-json\/wp\/v2\/pages\/2"}],"wp:attachment":[{"href":"https:\/\/jeanpaulsimard.com\/index.php\/wp-json\/wp\/v2\/media?parent=87"}],"curies":[{"name":"wp","href":"https:\/\/api.w.org\/{rel}","templated":true}]}}