{"id":83,"date":"2015-07-11T19:20:33","date_gmt":"2015-07-11T23:20:33","guid":{"rendered":"http:\/\/jeanpaulsimard.com\/wp\/?page_id=83"},"modified":"2016-10-03T15:28:34","modified_gmt":"2016-10-03T19:28:34","slug":"que-faire-quand-la-souffrance-et-la-maladie-frappent-a-notre-porte","status":"publish","type":"page","link":"https:\/\/jeanpaulsimard.com\/index.php\/sample-page\/que-faire-quand-la-souffrance-et-la-maladie-frappent-a-notre-porte\/","title":{"rendered":"Que faire quand la souffrance et la maladie frappent \u00e0 notre porte ?"},"content":{"rendered":"<p>&nbsp;<\/p>\n<h2 style=\"text-align: justify;\"><strong><a href=\"https:\/\/i2.wp.com\/jeanpaulsimard.com\/wp\/wp-content\/uploads\/2015\/07\/QueFaireQuandLaSouffrance.jpg\"><img loading=\"lazy\" class=\"alignleft size-medium wp-image-76\" src=\"https:\/\/i1.wp.com\/jeanpaulsimard.com\/wp\/wp-content\/uploads\/2015\/07\/QueFaireQuandLaSouffrance-225x300.jpg?resize=225%2C300\" alt=\"QueFaireQuandLaSouffrance\" width=\"225\" height=\"300\" data-recalc-dims=\"1\" \/><\/a><span style=\"color: #ff9900;\">QUAND LA \u00a0SPIRITUALIT\u00c9 DEVIENT UN ATOUT POUR LA M\u00c9DECINE<\/span><\/strong><\/h2>\n<h2 style=\"text-align: justify;\"><strong><span style=\"color: #00ff00;\">\u00ab\u00a0<em>Mieux comprendre la souffrance pour mieux la vivre ou mieux l\u2019accompagner.\u00a0<\/em>\u00a0\u00bb<\/span><\/strong><\/h2>\n<hr \/>\n<h3 style=\"text-align: justify;\"><\/h3>\n<h2 style=\"text-align: justify;\"><span style=\"color: #99ccff;\"><strong>CE LIVRE EST DESTIN\u00c9 aux personnes qui vivent une \u00e9preuve , qui sont malades, souffrantes, \u00e0 la maison, \u00e0 l\u2019h\u00f4pital, dans les centres de soins palliatifs et de longue dur\u00e9e.<\/strong><\/span><\/h2>\n<h2 style=\"text-align: justify;\"><span style=\"color: #99ccff;\"><strong>Il est destin\u00e9 \u00e9galement aux personnes qui s\u2019occupent de la sant\u00e9\u00a0: m\u00e9decins, infirmi\u00e8res, travailleuses sociales, aum\u00f4niers, agents pastoraux, psychologues, accompagnateurs, b\u00e9n\u00e9voles.<\/strong><\/span><\/h2>\n<p>&nbsp;<\/p>\n<hr \/>\n<h3 style=\"text-align: justify;\"><\/h3>\n<h2 style=\"text-align: justify;\"><span style=\"color: #99ccff;\"><strong>PARTOUT, ON CHERCHE DES OUTILS pouvant aider \u00e0 traverser l\u2019\u00e9preuve de la souffrance et de la maladie. On se tourne alors vers la m\u00e9decine exigeant parfois d\u2019elle beaucoup plus que ce qu\u2019elle peut apporter. Mais il y a des choses que les m\u00e9dicaments ne donnent pas.<\/strong><\/span><\/h2>\n<h2 style=\"text-align: justify;\"><span style=\"color: #99ccff;\"><strong>Par exemple, comment r\u00e9pondre \u00e0 la question du <em>pourquoi\u00a0<\/em>? \u00ab Pourquoi moi ? \u00bb, \u00ab Qu\u2019ai-je fait pour m\u00e9riter cela ? \u00bb, \u00ab O\u00f9 est Dieu quand je souffre ? \u00bb, \u00ab La souffrance et la maladie ont-elles un sens ? \u00bb<\/strong><\/span><\/h2>\n<h2 style=\"text-align: justify;\"><span style=\"color: #99ccff;\"><strong>Ce livre tente de r\u00e9pondre \u00e0 ces questions et d\u2019aider la personne qui le lira \u00e0 trouver ou \u00e0 prodiguer <em>r\u00e9confort<\/em>, <em>soulagement<\/em>, voire <em>gu\u00e9rison\u00a0<\/em>!\u00a0<\/strong><\/span><\/h2>\n<h2 style=\"text-align: justify;\"><em><span style=\"color: #00ff00;\"><a style=\"color: #00ff00;\" href=\"http:\/\/mediaspaul.ca\/catalogue\/que-faire-quand-la-souffrance-et-la-maladie-frappent-a-notre-porte-1697\">http:\/\/mediaspaul.ca\/catalogue\/que-faire-quand-la-souffrance-et-la-maladie-frappent-a-notre-porte-1697<\/a>\u00a0\u00a0<\/span><\/em><\/h2>\n<p>&nbsp;<\/p>\n<hr \/>\n<h2 style=\"text-align: justify;\"><span style=\"color: #ff9900;\">VOICI UN APER\u00c7U DU LIVRE\u00a0:<\/span><\/h2>\n<h2 style=\"text-align: justify;\"><span style=\"color: #99ccff;\"><em>\u00a0 \u00a0 \u00a0 \u00a0 \u00a0 \u00a0 \u00a0 \u00a0 \u00a0 \u00a0 \u00a0 \u00a0 \u00a0 \u00a0 \u00a0 \u00a0 \u00a0 \u00a0 \u00a0 \u00a0 \u00a0 \u00a0 \u00a0 \u00a0 \u00a0 \u00a0 \u00a0 \u00a0 \u00a0 \u00a0 \u00a0 \u00a0AVANT-PROPOS<\/em><\/span><\/h2>\n<h2 style=\"text-align: justify;\"><span style=\"color: #99ccff;\"><strong>\u00a0 \u00a0 \u00a0 \u00ab\u00a0<em>Mieux comprendre la souffrance pour mieux la vivre ou mieux l\u2019accompagner.\u00a0<\/em>\u00bb<\/strong><\/span><\/h2>\n<h2 style=\"text-align: justify;\"><span style=\"color: #99ccff;\">Partout, en milieu hospitalier, \u00e0 la maison, dans les centres de soins palliatifs et de longue dur\u00e9e, on cherche des outils pouvant aider les personnes \u00e0 traverser l\u2019\u00e9preuve de la souffrance et de la maladie.<\/span><\/h2>\n<h2 style=\"text-align: justify;\"><span style=\"color: #99ccff;\">\u00a0 \u00a0 On se tourne alors naturellement vers la m\u00e9decine exigeant parfois d\u2019elle beaucoup plus que ce qu\u2019elle peut apporter. Certes, l\u2019aide m\u00e9dicale est importante, mais l\u2019exp\u00e9rience quotidienne de la souffrance, qu\u2019elle soit physique, morale ou psychologique, fait prendre conscience qu\u2019il y a des choses que les m\u00e9dicaments ne soulagent pas.<\/span><\/h2>\n<h2 style=\"text-align: justify;\"><span style=\"color: #99ccff;\">\u00a0 \u00a0 Que r\u00e9pondre, par exemple, \u00e0 la question du <em>pourquoi\u00a0<\/em>? \u00ab Pourquoi moi ? \u00bb Ou encore: \u00ab Qu\u2019ai-je fait pour m\u00e9riter cela ? \u00bb, \u00ab Que faire et que m\u2019est-il permis d\u2019esp\u00e9rer dans la souffrance et la maladie ? \u00bb, \u00ab O\u00f9 est Dieu quand je souffre ? \u00bb, \u00ab Quel est le sens de ma souffrance, de ma maladie ? \u00bb. Ces questions sonnent souvent comme un glas dans le ciel orageux de la vie.<\/span><\/h2>\n<h2 style=\"text-align: justify;\"><span style=\"color: #99ccff;\">\u00a0 \u00a0Les philosophies et les sagesses disent comment se comporter dans la souffrance, mais sont totalement d\u00e9faillantes quand il s\u2019agit de lui donner un sens. Tout ce qu&rsquo;elles peuvent avancer, c\u2019est que la souffrance est inscrite dans les lois de la nature, comme la mort, t\u00e9moignant qu\u2019en ce domaine, il est plus facile d\u2019expliquer la cause que de trouver un sens.<\/span><br \/>\n<span style=\"color: #99ccff;\">\u00a0 \u00a0 Ce sens, nous le cherchons en anthropologie et dans la spiritualit\u00e9. En recourant \u00e0 la spiritualit\u00e9, nous n\u2019entendons nullement mettre de c\u00f4t\u00e9 l\u2019aide m\u00e9dicale sous toutes ses formes. Nous visons bien davantage \u00e0 apporter un compl\u00e9ment \u00e0 la m\u00e9decine, en mettant \u00e0 sa disposition les ressources insoup\u00e7onn\u00e9es de l\u2019\u00e2me dans le processus de gu\u00e9rison.<\/span><br \/>\n<span style=\"color: #99ccff;\">\u00a0 \u00a0 La sagesse populaire dit: <em>\u00ab Tu aurais moins mal \u00e0 la t\u00eate, si tu soignais ton \u00e2me. \u00bb<\/em>\u00a0Pas question de se culpabiliser ici, mais c\u2019est ce que nous avons voulu illustrer \u00e0 notre fa\u00e7on dans ce petit livre. Puisse-t-il aider la personne qui le lira \u00e0 trouver <em>r\u00e9confort<\/em>, <em>soulagement<\/em>, voire <em>gu\u00e9rison\u00a0<\/em>!<\/span><\/h2>\n<h2 style=\"text-align: justify;\"><\/h2>\n<h2 style=\"text-align: justify;\"><\/h2>\n<p><strong>\u00a0<\/strong><\/p>\n<p>&nbsp;<\/p>\n<div class=\"sharedaddy sd-sharing-enabled\"><div class=\"robots-nocontent sd-block sd-social sd-social-icon-text sd-sharing\"><h3 class=\"sd-title\">Partager\u00a0:<\/h3><div class=\"sd-content\"><ul><li class=\"share-facebook\"><a rel=\"nofollow noopener noreferrer\" data-shared=\"sharing-facebook-83\" class=\"share-facebook sd-button share-icon\" href=\"https:\/\/jeanpaulsimard.com\/index.php\/sample-page\/que-faire-quand-la-souffrance-et-la-maladie-frappent-a-notre-porte\/?share=facebook\" target=\"_blank\" title=\"Cliquez pour partager sur Facebook\"><span>Facebook<\/span><\/a><\/li><li class=\"share-twitter\"><a rel=\"nofollow noopener noreferrer\" data-shared=\"sharing-twitter-83\" class=\"share-twitter sd-button share-icon\" href=\"https:\/\/jeanpaulsimard.com\/index.php\/sample-page\/que-faire-quand-la-souffrance-et-la-maladie-frappent-a-notre-porte\/?share=twitter\" target=\"_blank\" title=\"Cliquez pour partager sur Twitter\"><span>Twitter<\/span><\/a><\/li><li class=\"share-linkedin\"><a rel=\"nofollow noopener noreferrer\" data-shared=\"sharing-linkedin-83\" class=\"share-linkedin sd-button share-icon\" href=\"https:\/\/jeanpaulsimard.com\/index.php\/sample-page\/que-faire-quand-la-souffrance-et-la-maladie-frappent-a-notre-porte\/?share=linkedin\" target=\"_blank\" title=\"Cliquez pour partager sur LinkedIn\"><span>LinkedIn<\/span><\/a><\/li><li class=\"share-pinterest\"><a rel=\"nofollow noopener noreferrer\" data-shared=\"sharing-pinterest-83\" class=\"share-pinterest sd-button share-icon\" href=\"https:\/\/jeanpaulsimard.com\/index.php\/sample-page\/que-faire-quand-la-souffrance-et-la-maladie-frappent-a-notre-porte\/?share=pinterest\" target=\"_blank\" title=\"Cliquez pour partager sur Pinterest\"><span>Pinterest<\/span><\/a><\/li><li class=\"share-email\"><a rel=\"nofollow noopener noreferrer\" data-shared=\"\" class=\"share-email sd-button share-icon\" href=\"https:\/\/jeanpaulsimard.com\/index.php\/sample-page\/que-faire-quand-la-souffrance-et-la-maladie-frappent-a-notre-porte\/?share=email\" target=\"_blank\" title=\"Cliquez pour envoyer par e-mail \u00e0 un ami\"><span>E-mail<\/span><\/a><\/li><li class=\"share-print\"><a rel=\"nofollow noopener noreferrer\" data-shared=\"\" class=\"share-print sd-button share-icon\" href=\"https:\/\/jeanpaulsimard.com\/index.php\/sample-page\/que-faire-quand-la-souffrance-et-la-maladie-frappent-a-notre-porte\/\" target=\"_blank\" title=\"Cliquer pour imprimer\"><span>Imprimer<\/span><\/a><\/li><li class=\"share-end\"><\/li><\/ul><\/div><\/div><\/div>","protected":false},"excerpt":{"rendered":"<p>&nbsp; QUAND LA \u00a0SPIRITUALIT\u00c9 DEVIENT UN ATOUT POUR LA M\u00c9DECINE \u00ab\u00a0Mieux comprendre la souffrance pour mieux la vivre ou mieux l\u2019accompagner.\u00a0\u00a0\u00bb CE LIVRE EST DESTIN\u00c9 aux personnes qui vivent une \u00e9preuve , qui sont malades, souffrantes, \u00e0 la maison, \u00e0 l\u2019h\u00f4pital, dans les centres de soins palliatifs et de longue dur\u00e9e. Il est destin\u00e9 \u00e9galement [&hellip;]<\/p>\n<div class=\"sharedaddy sd-sharing-enabled\"><div class=\"robots-nocontent sd-block sd-social sd-social-icon-text sd-sharing\"><h3 class=\"sd-title\">Partager\u00a0:<\/h3><div class=\"sd-content\"><ul><li class=\"share-facebook\"><a rel=\"nofollow noopener noreferrer\" data-shared=\"sharing-facebook-83\" class=\"share-facebook sd-button share-icon\" href=\"https:\/\/jeanpaulsimard.com\/index.php\/sample-page\/que-faire-quand-la-souffrance-et-la-maladie-frappent-a-notre-porte\/?share=facebook\" target=\"_blank\" title=\"Cliquez pour partager sur Facebook\"><span>Facebook<\/span><\/a><\/li><li class=\"share-twitter\"><a rel=\"nofollow noopener noreferrer\" data-shared=\"sharing-twitter-83\" class=\"share-twitter sd-button share-icon\" href=\"https:\/\/jeanpaulsimard.com\/index.php\/sample-page\/que-faire-quand-la-souffrance-et-la-maladie-frappent-a-notre-porte\/?share=twitter\" target=\"_blank\" title=\"Cliquez pour partager sur Twitter\"><span>Twitter<\/span><\/a><\/li><li class=\"share-linkedin\"><a rel=\"nofollow noopener noreferrer\" data-shared=\"sharing-linkedin-83\" class=\"share-linkedin sd-button share-icon\" href=\"https:\/\/jeanpaulsimard.com\/index.php\/sample-page\/que-faire-quand-la-souffrance-et-la-maladie-frappent-a-notre-porte\/?share=linkedin\" target=\"_blank\" title=\"Cliquez pour partager sur LinkedIn\"><span>LinkedIn<\/span><\/a><\/li><li class=\"share-pinterest\"><a rel=\"nofollow noopener noreferrer\" data-shared=\"sharing-pinterest-83\" class=\"share-pinterest sd-button share-icon\" href=\"https:\/\/jeanpaulsimard.com\/index.php\/sample-page\/que-faire-quand-la-souffrance-et-la-maladie-frappent-a-notre-porte\/?share=pinterest\" target=\"_blank\" title=\"Cliquez pour partager sur Pinterest\"><span>Pinterest<\/span><\/a><\/li><li class=\"share-email\"><a rel=\"nofollow noopener noreferrer\" data-shared=\"\" class=\"share-email sd-button share-icon\" href=\"https:\/\/jeanpaulsimard.com\/index.php\/sample-page\/que-faire-quand-la-souffrance-et-la-maladie-frappent-a-notre-porte\/?share=email\" target=\"_blank\" title=\"Cliquez pour envoyer par e-mail \u00e0 un ami\"><span>E-mail<\/span><\/a><\/li><li class=\"share-print\"><a rel=\"nofollow noopener noreferrer\" data-shared=\"\" class=\"share-print sd-button share-icon\" href=\"https:\/\/jeanpaulsimard.com\/index.php\/sample-page\/que-faire-quand-la-souffrance-et-la-maladie-frappent-a-notre-porte\/\" target=\"_blank\" title=\"Cliquer pour imprimer\"><span>Imprimer<\/span><\/a><\/li><li class=\"share-end\"><\/li><\/ul><\/div><\/div><\/div>","protected":false},"author":1,"featured_media":0,"parent":2,"menu_order":3,"comment_status":"closed","ping_status":"closed","template":"","meta":{"spay_email":""},"jetpack_sharing_enabled":true,"jetpack_shortlink":"https:\/\/wp.me\/P6sIY6-1l","jetpack-related-posts":[{"id":50,"url":"https:\/\/jeanpaulsimard.com\/index.php\/sample-page\/renaitre-des-pertes-de-la-vie\/","url_meta":{"origin":83,"position":0},"title":"Rena\u00eetre des pertes de la vie","date":"11 juillet 2015","format":false,"excerpt":"UN LIVRE QUI CHANGERA VOTRE VIE... ! CE LIVRE n'est pas uniquement destin\u00e9 aux personnes concern\u00e9es par un deuil, mais bien davantage \u00e0 celles qui connaissent des \u00e9preuves de toutes sortes dans la vie\u2026 TOUTE PERSONNE conna\u00eet un jour la souffrance, les deuils, l\u2019\u00e9chec, le malheur. Pourtant, chaque perte ou\u2026","rel":"","context":"Article similaire","img":{"alt_text":"","src":"","width":0,"height":0},"classes":[]},{"id":2,"url":"https:\/\/jeanpaulsimard.com\/index.php\/sample-page\/","url_meta":{"origin":83,"position":1},"title":"Mes livres","date":"11 juillet 2015","format":false,"excerpt":"Je suis confiant que vous vous trouverez dans ces livres une nourriture pour l'esprit, le\u00a0c\u0153ur\u00a0et l'\u00e2me. Vient de para\u00eetre :\u00a0 \u00a0 (Le livre est disponible en Europe) L'\u00e9tonnant pouvoir de la pleine conscience L'\u00e9tonnante th\u00e9rapie des 3R La nouvelle spiritualit\u00e9 du mieux-\u00eatre Avez-vous une trousse spirituelle de premiers soins?\u00a0 Rena\u00eetre\u2026","rel":"","context":"Article similaire","img":{"alt_text":"","src":"https:\/\/i0.wp.com\/jeanpaulsimard.com\/wp-content\/uploads\/2025\/10\/3484003c-2c7c-466a-b252-8def88ede4b9.jpg?resize=350%2C200","width":350,"height":200},"classes":[]},{"id":53,"url":"https:\/\/jeanpaulsimard.com\/index.php\/sample-page\/guerir-par-la-foi-lamour-la-priere\/","url_meta":{"origin":83,"position":2},"title":"Gu\u00e9rir par la foi, l'amour, la pri\u00e8re","date":"11 juillet 2015","format":false,"excerpt":"QUELLES SONT LES VALEURS SPIRITUELLES QUI GU\u00c9RISSENT ? UN OUVRAGE SUR L'AGAP\u00c8TH\u00c9RAPIE, M\u00c9DECINE DE L'\u00c2ME ET DU C\u0152UR IL EXISTE UN R\u00c9EL POUVOIR DE GU\u00c9RISON dans le spirituel. Plusieurs exp\u00e9rimentent que la foi en l'amour divin permet d'att\u00e9nuer les peines, de soigner les blessures, de trouver la paix int\u00e9rieure. Ils\u2026","rel":"","context":"Article similaire","img":{"alt_text":"","src":"https:\/\/i2.wp.com\/jeanpaulsimard.com\/wp\/wp-content\/uploads\/2015\/07\/Gu\u00c3\u00a9rir-200x300.jpg?resize=350%2C200","width":350,"height":200},"classes":[]},{"id":47,"url":"https:\/\/jeanpaulsimard.com\/index.php\/sample-page\/renouer-avec-dieu\/","url_meta":{"origin":83,"position":3},"title":"Renouer avec Dieu","date":"11 juillet 2015","format":false,"excerpt":"PEUT-ON ALLER \u00c0 DIEU SANS PASSER PAR LA RELIGION Vous n\u2019avez pas le c\u0153ur \u00e0 entrer dans une \u00e9glise, mais vous sentez un appel \u00e0 la spiritualit\u00e9. Vous \u00e9prouvez le besoin d'une vie moins superficielle? Vous voulez combler votre \u00abvide\u00bb int\u00e9rieur? Vous d\u00e9sirez communiquer avec le \u00abnoyau spirituel\u00bb de votre\u2026","rel":"","context":"Article similaire","img":{"alt_text":"","src":"https:\/\/i0.wp.com\/jeanpaulsimard.com\/wp\/wp-content\/uploads\/2015\/07\/Renouer-avec-Dieu-224x300.jpg?resize=350%2C200","width":350,"height":200},"classes":[]},{"id":56,"url":"https:\/\/jeanpaulsimard.com\/index.php\/sample-page\/lautre-voie-de-guerison\/","url_meta":{"origin":83,"position":4},"title":"L'autre voie de gu\u00e9rison","date":"11 juillet 2015","format":false,"excerpt":"CONNAISSEZ-VOUS LA M\u00c9DECINE DU SENS? \u00a0 \u00a0 \u00a0 \u00a0 \u00a0 \u00a0 \u00a0 \u00a0 \u00a0 \u00a0 \u00a0 \u00a0\u00abJe veux vivre!\u00bb \u00a0 COMBIEN DE FOIS ce cri peut-il sortir du c\u0153ur humain dans une vie? Combien de fois le m\u00e9decin ne l\u2019entend-il pas dans l\u2019intimit\u00e9 de son cabinet ou \u00e9manant d\u2019un lit\u2026","rel":"","context":"Article similaire","img":{"alt_text":"","src":"","width":0,"height":0},"classes":[]},{"id":17,"url":"https:\/\/jeanpaulsimard.com\/index.php\/lauteur\/","url_meta":{"origin":83,"position":5},"title":"L'auteur","date":"10 juillet 2015","format":false,"excerpt":"TITRES : \u00c9CRIVAIN, CONF\u00c9RENCIER et TH\u00c9OLOGIEN sp\u00e9cialis\u00e9 en ANTHROPOLOGIE SPIRITUELLE JEAN-PAUL SIMARD d\u00e9tient un dipl\u00f4me universitaire de 3e cycle (niveau du doctorat) en anthropologie spirituelle et th\u00e9ologie (Universit\u00e9 de Sherbrooke). Il s'int\u00e9resse particuli\u00e8rement \u00e0 la personne dans son questionnement int\u00e9rieur, dans sa recherche de r\u00e9ponses aux grandes questions existentielles portant\u2026","rel":"","context":"Avec 5 commentaires","img":{"alt_text":"","src":"https:\/\/i1.wp.com\/jeanpaulsimard.com\/wp-content\/uploads\/2015\/10\/image-FB-1.png?fit=470%2C249&ssl=1&resize=350%2C200","width":350,"height":200},"classes":[]}],"_links":{"self":[{"href":"https:\/\/jeanpaulsimard.com\/index.php\/wp-json\/wp\/v2\/pages\/83"}],"collection":[{"href":"https:\/\/jeanpaulsimard.com\/index.php\/wp-json\/wp\/v2\/pages"}],"about":[{"href":"https:\/\/jeanpaulsimard.com\/index.php\/wp-json\/wp\/v2\/types\/page"}],"author":[{"embeddable":true,"href":"https:\/\/jeanpaulsimard.com\/index.php\/wp-json\/wp\/v2\/users\/1"}],"replies":[{"embeddable":true,"href":"https:\/\/jeanpaulsimard.com\/index.php\/wp-json\/wp\/v2\/comments?post=83"}],"version-history":[{"count":34,"href":"https:\/\/jeanpaulsimard.com\/index.php\/wp-json\/wp\/v2\/pages\/83\/revisions"}],"predecessor-version":[{"id":3167,"href":"https:\/\/jeanpaulsimard.com\/index.php\/wp-json\/wp\/v2\/pages\/83\/revisions\/3167"}],"up":[{"embeddable":true,"href":"https:\/\/jeanpaulsimard.com\/index.php\/wp-json\/wp\/v2\/pages\/2"}],"wp:attachment":[{"href":"https:\/\/jeanpaulsimard.com\/index.php\/wp-json\/wp\/v2\/media?parent=83"}],"curies":[{"name":"wp","href":"https:\/\/api.w.org\/{rel}","templated":true}]}}