{"id":80,"date":"2015-07-11T19:07:35","date_gmt":"2015-07-11T23:07:35","guid":{"rendered":"http:\/\/jeanpaulsimard.com\/wp\/?page_id=80"},"modified":"2015-10-15T22:45:00","modified_gmt":"2015-10-16T02:45:00","slug":"videos","status":"publish","type":"page","link":"https:\/\/jeanpaulsimard.com\/index.php\/videos\/","title":{"rendered":"Vid\u00e9os"},"content":{"rendered":"<hr \/>\n<p><span style=\"color: #00ffff;\">Je vous propose sur cette page de retrouver certaines de mes participations \u00e0 diverses \u00e9missions dont La Victoire de l&rsquo;Amour.<\/span><\/p>\n<h2><span style=\"color: #00ffff;\">Premi\u00e8re participation\u00a0\u00e0 <em>La Victoire de l&rsquo;Amour<\/em> &#8211; 14 juin 2015<\/span><\/h2>\n<p><a href=\"https:\/\/youtu.be\/kMTY-1QF0Lw?t=66\" target=\"_blank\"><img loading=\"lazy\" class=\"aligncenter size-full wp-image-768\" src=\"https:\/\/i2.wp.com\/jeanpaulsimard.com\/wp-content\/uploads\/2015\/07\/screenshot-www.youtube.com-2015-08-01-16-00-17-e1438459307308.png?resize=550%2C327\" alt=\"screenshot-www.youtube.com 2015-08-01 16-00-17\" width=\"550\" height=\"327\" data-recalc-dims=\"1\" \/><\/a><\/p>\n<hr \/>\n<h2><span style=\"color: #339966;\"><span style=\"color: #00ffff;\">Premi\u00e8re chronique &#8211; Aux matins de Dieu &#8211; 16 juillet 2016<\/span><br \/>\n<em><span style=\"color: #00ff00;\">\u00abAvez-vous une trousse spirituelle de premiers soins ?\u00bb<\/span><\/em><\/span><\/h2>\n<p><a href=\"https:\/\/youtu.be\/W1A3QO33M9o?t=48\" target=\"_blank\"><img loading=\"lazy\" class=\"aligncenter size-full wp-image-763\" src=\"https:\/\/i0.wp.com\/jeanpaulsimard.com\/wp-content\/uploads\/2015\/07\/screenshot-www.youtube.com-2015-08-01-15-40-22-e1438459545843.png?resize=550%2C329\" alt=\"screenshot-www.youtube.com 2015-08-01 15-40-22\" width=\"550\" height=\"329\" data-recalc-dims=\"1\" \/><\/a><\/p>\n<hr \/>\n<h2><span style=\"color: #339966;\"><span style=\"color: #00ffff;\">Deuxi\u00e8me chronique &#8211; Aux matins de Dieu &#8211; 23 juillet 2015<\/span><br \/>\n<em><span style=\"color: #00ff00;\">\u00abLa foi qui transporte les montagnes\u00bb<\/span><\/em><\/span><\/h2>\n<p><a href=\"https:\/\/youtu.be\/KN0C5c6LXNw?t=40\" target=\"_blank\"><img loading=\"lazy\" class=\"aligncenter size-full wp-image-763\" src=\"https:\/\/i0.wp.com\/jeanpaulsimard.com\/wp-content\/uploads\/2015\/07\/screenshot-www.youtube.com-2015-08-01-15-40-22-e1438459545843.png?resize=550%2C329\" alt=\"screenshot-www.youtube.com 2015-08-01 15-40-22\" width=\"550\" height=\"329\" data-recalc-dims=\"1\" \/><\/a><\/p>\n<hr \/>\n<h2><span style=\"color: #339966;\"><span style=\"color: #00ffff;\">Troisi\u00e8me chronique &#8211; Aux matins de Dieu &#8211; 30 juillet 2015<\/span><br \/>\n<em><span style=\"color: #00ff00;\">\u00abTant qu&rsquo;il y a de l&rsquo;espoir, il y a de la vie\u00bb<\/span><\/em><\/span><\/h2>\n<p><a href=\"https:\/\/youtu.be\/RHus0nS2Dbw?t=41\"><img loading=\"lazy\" class=\"aligncenter size-full wp-image-763\" src=\"https:\/\/i0.wp.com\/jeanpaulsimard.com\/wp-content\/uploads\/2015\/07\/screenshot-www.youtube.com-2015-08-01-15-40-22-e1438459545843.png?resize=550%2C329\" alt=\"screenshot-www.youtube.com 2015-08-01 15-40-22\" width=\"550\" height=\"329\" data-recalc-dims=\"1\" \/><\/a><\/p>\n<hr \/>\n<h2><span style=\"color: #00ffff;\">Quatri\u00e8me chronique &#8211; Aux matins de Dieu &#8211; 6 ao\u00fbt 2015<\/span><br \/>\n<em><span style=\"color: #00ff00;\">\u00ab<a style=\"color: #00ff00;\" href=\"https:\/\/youtu.be\/IYWz-sHhIag\" target=\"_blank\">Les \u00e9nergies de l&rsquo;amour<\/a>\u00bb<\/span><\/em><\/h2>\n<h3><span style=\"color: #99ccff;\">(Pour acc\u00e9der \u00e0 la chronique CLIQUEZ sur le titre : <a href=\"https:\/\/www.youtube.com\/watch?v=IYWz-sHhIag&amp;feature=youtu.be\"><strong><span style=\"color: #99ccff;\">Les \u00e9nergies de l&rsquo;amou<\/span>r<\/strong><\/a>)<\/span><\/h3>\n<h3><\/h3>\n<hr \/>\n<h2><span style=\"color: #00ffff;\">Cinqui\u00e8me chronique &#8211; Aux matins de Dieu &#8211; 13 ao\u00fbt 2015<\/span><br \/>\n<em><span style=\"color: #00ff00;\">\u00ab<a style=\"color: #00ff00;\" href=\"https:\/\/www.youtube.com\/watch?v=f1jE-YAqU8E\">La puissance de la pri\u00e8re<\/a>\u00bb<\/span><\/em><\/h2>\n<h3><span style=\"color: #99ccff;\">(Pour acc\u00e9der \u00e0 la chronique CLIQUEZ sur le titre : <strong><a style=\"color: #99ccff;\" href=\"https:\/\/www.youtube.com\/watch?v=f1jE-YAqU8E\">La puissance de la pri\u00e8re<\/a><\/strong>)<\/span><\/h3>\n<hr \/>\n<h2><span style=\"color: #00ffff;\">Sixi\u00e8me chronique &#8211; Aux matins de Dieu &#8211; 20 ao\u00fbt 2015<\/span><\/h2>\n<h2><span style=\"color: #00ff00;\"><em><a style=\"color: #00ff00;\" href=\"https:\/\/youtu.be\/kbtuL_oZKF8\">\u00abComment atteindre la s\u00e9r\u00e9nit\u00e9 ?\u00bb<\/a><\/em><\/span><\/h2>\n<h3><span style=\"color: #99ccff;\">(Pour acc\u00e9der \u00e0 la chronique CLIQUEZ sur le titre : <b><a style=\"color: #99ccff;\" href=\"http:\/\/www.lavictoiredelamour.org\/main.php?i=3\">Comment fais-tu pour \u00eatre aussi sereine ?<\/a><\/b>)<\/span><\/h3>\n<hr \/>\n<h3><\/h3>\n<h2><span style=\"color: #00ffff;\">Septi\u00e8me chronique &#8211; Aux matins de Dieu &#8211; 27 ao\u00fbt 2015<\/span><\/h2>\n<h2><span style=\"color: #00ff00;\"><em><a style=\"color: #00ff00;\" href=\"https:\/\/youtu.be\/JukNrcB_10E\">\u00abL&rsquo;importance du sens de la vie\u00bb<\/a><\/em><\/span><\/h2>\n<h3><span style=\"color: #99ccff;\">(Pour acc\u00e9der \u00e0 la chronique CLIQUEZ sur le titre : <a style=\"color: #99ccff;\" href=\"http:\/\/www.lavictoiredelamour.org\/main.php?i=3\">L&rsquo;importance du sens de la vie<\/a>)<\/span><\/h3>\n<hr \/>\n<h2><span style=\"color: #00ffff;\">Huiti\u00e8me chronique &#8211; Aux matins de Dieu &#8211; 3 septembre 2015<\/span><\/h2>\n<h2><span style=\"color: #00ff00;\"><em><a style=\"color: #00ff00;\" href=\"https:\/\/www.youtube.com\/watch?v=JgYGErU0ecc\">\u00abMes trois plus grandes valeurs\u00bb<\/a><\/em><\/span><\/h2>\n<h3><span style=\"color: #99ccff;\"><a style=\"color: #99ccff;\" href=\"https:\/\/www.youtube.com\/watch?v=JgYGErU0ecc\">(Pour acc\u00e9der \u00e0 la chronique CLIQUEZ sur le titre : Mes trois plus grandes valeurs)<\/a><\/span><\/h3>\n<hr \/>\n<h2>\u00a0<span style=\"color: #00ffff;\">Neuvi\u00e8me chronique &#8211; Aux matins de Dieu &#8211; 10 ao\u00fbt 2015<\/span><\/h2>\n<h2><span style=\"color: #00ff00;\"><em><a style=\"color: #00ff00;\" href=\"https:\/\/youtu.be\/Ya-ZCLxlDW0?t=21\">\u00abLe meilleur de soi\u00bb<\/a>\u00a0<\/em><\/span><\/h2>\n<h3><span style=\"color: #99ccff;\"><a style=\"color: #99ccff;\" href=\"https:\/\/youtu.be\/Ya-ZCLxlDW0?t=21\">(Pour acc\u00e9der \u00e0 la chronique CLIQUEZ sur le titre : Le meilleur de soi)<\/a><\/span><\/h3>\n<hr \/>\n<h2>\u00a0<span style=\"color: #00ffff;\">Dixi\u00e8me chronique &#8211; Aux matins de Dieu &#8211; 17 ao\u00fbt 2015<\/span><\/h2>\n<h2><span style=\"color: #00ff00;\"><em><a style=\"color: #00ff00;\" href=\"https:\/\/www.youtube.com\/watch?v=gmW5hL2_fDs&amp;list=PL56XgXQmvcsCRieZFKN4c9xtmbR7kjnWl\">\u00abUn message d&rsquo;espoir de l&rsquo;Abb\u00e9 Pierre\u00bb<\/a><\/em><\/span><\/h2>\n<h3><span style=\"color: #99ccff;\"><a style=\"color: #99ccff;\" href=\"https:\/\/www.youtube.com\/watch?v=gmW5hL2_fDs&amp;list=PL56XgXQmvcsCRieZFKN4c9xtmbR7kjnWl\">(Pour acc\u00e9der \u00e0 la chronique CLIQUEZ sur le titre :Un message d&rsquo;espoir de l&rsquo;Abb\u00e9 Pierre)<\/a><\/span><\/h3>\n<hr \/>\n<h2>\u00a0<span style=\"color: #00ffff;\">Onzi\u00e8me chronique &#8211; Aux matins de Dieu &#8211; 1er octobre 2015<\/span><\/h2>\n<h2><span style=\"color: #00ff00;\"><em><a href=\"https:\/\/youtu.be\/spDwJ8V6Qeo\"><span style=\"color: #00ff00;\">\u00abBienheureux ceux qui souffrent\u00bb<\/span><\/a><\/em><\/span><\/h2>\n<h3><span style=\"color: #99ccff;\"><a style=\"color: #99ccff;\" href=\"https:\/\/www.youtube.com\/watch?v=gmW5hL2_fDs&amp;list=PL56XgXQmvcsCRieZFKN4c9xtmbR7kjnWl\">(Pour acc\u00e9der \u00e0 la chronique CLIQUEZ sur le titre)<\/a><\/span><\/h3>\n<hr \/>\n<h2><span style=\"color: #00ffff;\">\u00a0Douzi\u00e8me chronique &#8211; Aux matins de Dieu &#8211; 8 octobre 2015<\/span><\/h2>\n<h2><span style=\"color: #00ff00;\"><em><a style=\"color: #00ff00;\" href=\"https:\/\/youtu.be\/_FyF1BOqUsA\">\u00abLe bonheur\u00bb<\/a><\/em><\/span><\/h2>\n<h3><span style=\"color: #99ccff;\"><a style=\"color: #99ccff;\" href=\"https:\/\/www.youtube.com\/watch?v=gmW5hL2_fDs&amp;list=PL56XgXQmvcsCRieZFKN4c9xtmbR7kjnWl\">(Pour acc\u00e9der \u00e0 la chronique CLIQUEZ sur le titre)<\/a><\/span><\/h3>\n<hr \/>\n<h2>\u00a0<span style=\"color: #00ffff;\">Treizi\u00e8me chronique &#8211; Aux matins de Dieu &#8211; 15 octobre 2015<\/span><\/h2>\n<h2><span style=\"color: #00ff00;\"><em><a style=\"color: #00ff00;\" href=\"https:\/\/youtu.be\/PnSVrb01H_M\">\u00abGrand et petit bonheur\u00bb<\/a><\/em><\/span><\/h2>\n<h3><span style=\"color: #99ccff;\"><a style=\"color: #99ccff;\" href=\"https:\/\/www.youtube.com\/watch?v=gmW5hL2_fDs&amp;list=PL56XgXQmvcsCRieZFKN4c9xtmbR7kjnWl\">(Pour acc\u00e9der \u00e0 la chronique CLIQUEZ sur le titre)<\/a><\/span><\/h3>\n<hr \/>\n<h3><\/h3>\n<div class=\"sharedaddy sd-sharing-enabled\"><div class=\"robots-nocontent sd-block sd-social sd-social-icon-text sd-sharing\"><h3 class=\"sd-title\">Partager\u00a0:<\/h3><div class=\"sd-content\"><ul><li class=\"share-facebook\"><a rel=\"nofollow noopener noreferrer\" data-shared=\"sharing-facebook-80\" class=\"share-facebook sd-button share-icon\" href=\"https:\/\/jeanpaulsimard.com\/index.php\/videos\/?share=facebook\" target=\"_blank\" title=\"Cliquez pour partager sur Facebook\"><span>Facebook<\/span><\/a><\/li><li class=\"share-twitter\"><a rel=\"nofollow noopener noreferrer\" data-shared=\"sharing-twitter-80\" class=\"share-twitter sd-button share-icon\" href=\"https:\/\/jeanpaulsimard.com\/index.php\/videos\/?share=twitter\" target=\"_blank\" title=\"Cliquez pour partager sur Twitter\"><span>Twitter<\/span><\/a><\/li><li class=\"share-linkedin\"><a rel=\"nofollow noopener noreferrer\" data-shared=\"sharing-linkedin-80\" class=\"share-linkedin sd-button share-icon\" href=\"https:\/\/jeanpaulsimard.com\/index.php\/videos\/?share=linkedin\" target=\"_blank\" title=\"Cliquez pour partager sur LinkedIn\"><span>LinkedIn<\/span><\/a><\/li><li class=\"share-pinterest\"><a rel=\"nofollow noopener noreferrer\" data-shared=\"sharing-pinterest-80\" class=\"share-pinterest sd-button share-icon\" href=\"https:\/\/jeanpaulsimard.com\/index.php\/videos\/?share=pinterest\" target=\"_blank\" title=\"Cliquez pour partager sur Pinterest\"><span>Pinterest<\/span><\/a><\/li><li class=\"share-email\"><a rel=\"nofollow noopener noreferrer\" data-shared=\"\" class=\"share-email sd-button share-icon\" href=\"https:\/\/jeanpaulsimard.com\/index.php\/videos\/?share=email\" target=\"_blank\" title=\"Cliquez pour envoyer par e-mail \u00e0 un ami\"><span>E-mail<\/span><\/a><\/li><li class=\"share-print\"><a rel=\"nofollow noopener noreferrer\" data-shared=\"\" class=\"share-print sd-button share-icon\" href=\"https:\/\/jeanpaulsimard.com\/index.php\/videos\/\" target=\"_blank\" title=\"Cliquer pour imprimer\"><span>Imprimer<\/span><\/a><\/li><li class=\"share-end\"><\/li><\/ul><\/div><\/div><\/div>","protected":false},"excerpt":{"rendered":"<p>Je vous propose sur cette page de retrouver certaines de mes participations \u00e0 diverses \u00e9missions dont La Victoire de l&rsquo;Amour. Premi\u00e8re participation\u00a0\u00e0 La Victoire de l&rsquo;Amour &#8211; 14 juin 2015 Premi\u00e8re chronique &#8211; Aux matins de Dieu &#8211; 16 juillet 2016 \u00abAvez-vous une trousse spirituelle de premiers soins ?\u00bb Deuxi\u00e8me chronique &#8211; Aux matins de [&hellip;]<\/p>\n<div class=\"sharedaddy sd-sharing-enabled\"><div class=\"robots-nocontent sd-block sd-social sd-social-icon-text sd-sharing\"><h3 class=\"sd-title\">Partager\u00a0:<\/h3><div class=\"sd-content\"><ul><li class=\"share-facebook\"><a rel=\"nofollow noopener noreferrer\" data-shared=\"sharing-facebook-80\" class=\"share-facebook sd-button share-icon\" href=\"https:\/\/jeanpaulsimard.com\/index.php\/videos\/?share=facebook\" target=\"_blank\" title=\"Cliquez pour partager sur Facebook\"><span>Facebook<\/span><\/a><\/li><li class=\"share-twitter\"><a rel=\"nofollow noopener noreferrer\" data-shared=\"sharing-twitter-80\" class=\"share-twitter sd-button share-icon\" href=\"https:\/\/jeanpaulsimard.com\/index.php\/videos\/?share=twitter\" target=\"_blank\" title=\"Cliquez pour partager sur Twitter\"><span>Twitter<\/span><\/a><\/li><li class=\"share-linkedin\"><a rel=\"nofollow noopener noreferrer\" data-shared=\"sharing-linkedin-80\" class=\"share-linkedin sd-button share-icon\" href=\"https:\/\/jeanpaulsimard.com\/index.php\/videos\/?share=linkedin\" target=\"_blank\" title=\"Cliquez pour partager sur LinkedIn\"><span>LinkedIn<\/span><\/a><\/li><li class=\"share-pinterest\"><a rel=\"nofollow noopener noreferrer\" data-shared=\"sharing-pinterest-80\" class=\"share-pinterest sd-button share-icon\" href=\"https:\/\/jeanpaulsimard.com\/index.php\/videos\/?share=pinterest\" target=\"_blank\" title=\"Cliquez pour partager sur Pinterest\"><span>Pinterest<\/span><\/a><\/li><li class=\"share-email\"><a rel=\"nofollow noopener noreferrer\" data-shared=\"\" class=\"share-email sd-button share-icon\" href=\"https:\/\/jeanpaulsimard.com\/index.php\/videos\/?share=email\" target=\"_blank\" title=\"Cliquez pour envoyer par e-mail \u00e0 un ami\"><span>E-mail<\/span><\/a><\/li><li class=\"share-print\"><a rel=\"nofollow noopener noreferrer\" data-shared=\"\" class=\"share-print sd-button share-icon\" href=\"https:\/\/jeanpaulsimard.com\/index.php\/videos\/\" target=\"_blank\" title=\"Cliquer pour imprimer\"><span>Imprimer<\/span><\/a><\/li><li class=\"share-end\"><\/li><\/ul><\/div><\/div><\/div>","protected":false},"author":1,"featured_media":0,"parent":0,"menu_order":6,"comment_status":"closed","ping_status":"open","template":"","meta":{"spay_email":""},"jetpack_sharing_enabled":true,"jetpack_shortlink":"https:\/\/wp.me\/P6sIY6-1i","jetpack-related-posts":[{"id":17,"url":"https:\/\/jeanpaulsimard.com\/index.php\/lauteur\/","url_meta":{"origin":80,"position":0},"title":"L'auteur","date":"10 juillet 2015","format":false,"excerpt":"TITRES : \u00c9CRIVAIN, CONF\u00c9RENCIER et TH\u00c9OLOGIEN sp\u00e9cialis\u00e9 en ANTHROPOLOGIE SPIRITUELLE JEAN-PAUL SIMARD d\u00e9tient un dipl\u00f4me universitaire de 3e cycle (niveau du doctorat) en anthropologie spirituelle et th\u00e9ologie (Universit\u00e9 de Sherbrooke). Il s'int\u00e9resse particuli\u00e8rement \u00e0 la personne dans son questionnement int\u00e9rieur, dans sa recherche de r\u00e9ponses aux grandes questions existentielles portant\u2026","rel":"","context":"Avec 5 commentaires","img":{"alt_text":"","src":"https:\/\/i1.wp.com\/jeanpaulsimard.com\/wp-content\/uploads\/2015\/10\/image-FB-1.png?fit=470%2C249&ssl=1&resize=350%2C200","width":350,"height":200},"classes":[]},{"id":13,"url":"https:\/\/jeanpaulsimard.com\/index.php\/articles\/","url_meta":{"origin":80,"position":1},"title":"Ma source","date":"10 juillet 2015","format":false,"excerpt":"\u00a0 Une source de croissance humaine et spirituelle Vous trouverez ci-apr\u00e8s une s\u00e9rie d'articles que j'ai \u00e9crits pour divers magazines sur la recherche du \u00abmieux-\u00eatre\u00bb.\u00a0 \u00a0 Articles parus dans\u00a0le magazine Vivre\u00a0\u00a0 Cliquez sur le titre de l'article ci-dessous\u00a0: \u00catre ou ne pas \u00eatre l\u00e0, voil\u00e0 la question.Leader avec \u00e2me demand\u00e9\u2026","rel":"","context":"Article similaire","img":{"alt_text":"","src":"https:\/\/i1.wp.com\/jeanpaulsimard.com\/wp-content\/uploads\/2015\/07\/meditation-pleine-conscience-640x358.jpg?resize=350%2C200","width":350,"height":200},"classes":[]},{"id":2,"url":"https:\/\/jeanpaulsimard.com\/index.php\/sample-page\/","url_meta":{"origin":80,"position":2},"title":"Mes livres","date":"11 juillet 2015","format":false,"excerpt":"Je suis confiant que vous vous trouverez dans ces livres une nourriture pour l'esprit, le\u00a0c\u0153ur\u00a0et l'\u00e2me. Vient de para\u00eetre :\u00a0 \u00a0 (Le livre est disponible en Europe) L'\u00e9tonnant pouvoir de la pleine conscience L'\u00e9tonnante th\u00e9rapie des 3R La nouvelle spiritualit\u00e9 du mieux-\u00eatre Avez-vous une trousse spirituelle de premiers soins?\u00a0 Rena\u00eetre\u2026","rel":"","context":"Article similaire","img":{"alt_text":"","src":"https:\/\/i0.wp.com\/jeanpaulsimard.com\/wp-content\/uploads\/2025\/10\/3484003c-2c7c-466a-b252-8def88ede4b9.jpg?resize=350%2C200","width":350,"height":200},"classes":[]},{"id":53,"url":"https:\/\/jeanpaulsimard.com\/index.php\/sample-page\/guerir-par-la-foi-lamour-la-priere\/","url_meta":{"origin":80,"position":3},"title":"Gu\u00e9rir par la foi, l'amour, la pri\u00e8re","date":"11 juillet 2015","format":false,"excerpt":"QUELLES SONT LES VALEURS SPIRITUELLES QUI GU\u00c9RISSENT ? UN OUVRAGE SUR L'AGAP\u00c8TH\u00c9RAPIE, M\u00c9DECINE DE L'\u00c2ME ET DU C\u0152UR IL EXISTE UN R\u00c9EL POUVOIR DE GU\u00c9RISON dans le spirituel. Plusieurs exp\u00e9rimentent que la foi en l'amour divin permet d'att\u00e9nuer les peines, de soigner les blessures, de trouver la paix int\u00e9rieure. Ils\u2026","rel":"","context":"Article similaire","img":{"alt_text":"","src":"https:\/\/i2.wp.com\/jeanpaulsimard.com\/wp\/wp-content\/uploads\/2015\/07\/Gu\u00c3\u00a9rir-200x300.jpg?resize=350%2C200","width":350,"height":200},"classes":[]},{"id":4299,"url":"https:\/\/jeanpaulsimard.com\/index.php\/florilege\/","url_meta":{"origin":80,"position":4},"title":"Floril\u00e8ge","date":"18 janvier 2022","format":false,"excerpt":"BOUILLON DE POULET POUR L'\u00c2ME Les deux mantras de ma vie Habiter le pr\u00e9sent En haut les coeurs ! Le repos dans l'amour divin Je veux vivre ! Ma pri\u00e8re pour l\u00e2cher prise Les masques de la vie","rel":"","context":"Article similaire","img":{"alt_text":"","src":"","width":0,"height":0},"classes":[]},{"id":95,"url":"https:\/\/jeanpaulsimard.com\/index.php\/sample-page\/guide-du-savoir-ecrire\/","url_meta":{"origin":80,"position":5},"title":"Guide du savoir-\u00e9crire","date":"11 juillet 2015","format":false,"excerpt":"Guide du savoir-\u00e9crire Un ouvrage COMPLET et AUTODIDACTIQUE sur l\u2019art d\u2019\u00e9crire comprenant de nombreux EXEMPLES, EXERCICES et CORRIG\u00c9S. Utilis\u00e9 par toutes les INSTITUTIONS (\u00e9coles secondaires, c\u00e9geps, universit\u00e9s). Tr\u00e8s utile pour la maison\u2026 \u00a0 \u00a0FICHE TECHNIQUE DU LIVRE : http:\/\/www.editions-homme.com\/guide-savoir-ecrire\/jean-paul-simard\/livre\/9782761920667 R\u00e9sum\u00e9 de la carri\u00e8re de l\u2019auteur JEAN-PAUL SIMARD a termin\u00e9 une\u2026","rel":"","context":"Article similaire","img":{"alt_text":"","src":"","width":0,"height":0},"classes":[]}],"_links":{"self":[{"href":"https:\/\/jeanpaulsimard.com\/index.php\/wp-json\/wp\/v2\/pages\/80"}],"collection":[{"href":"https:\/\/jeanpaulsimard.com\/index.php\/wp-json\/wp\/v2\/pages"}],"about":[{"href":"https:\/\/jeanpaulsimard.com\/index.php\/wp-json\/wp\/v2\/types\/page"}],"author":[{"embeddable":true,"href":"https:\/\/jeanpaulsimard.com\/index.php\/wp-json\/wp\/v2\/users\/1"}],"replies":[{"embeddable":true,"href":"https:\/\/jeanpaulsimard.com\/index.php\/wp-json\/wp\/v2\/comments?post=80"}],"version-history":[{"count":68,"href":"https:\/\/jeanpaulsimard.com\/index.php\/wp-json\/wp\/v2\/pages\/80\/revisions"}],"predecessor-version":[{"id":1818,"href":"https:\/\/jeanpaulsimard.com\/index.php\/wp-json\/wp\/v2\/pages\/80\/revisions\/1818"}],"wp:attachment":[{"href":"https:\/\/jeanpaulsimard.com\/index.php\/wp-json\/wp\/v2\/media?parent=80"}],"curies":[{"name":"wp","href":"https:\/\/api.w.org\/{rel}","templated":true}]}}