{"id":50,"date":"2015-07-11T10:03:13","date_gmt":"2015-07-11T14:03:13","guid":{"rendered":"http:\/\/jeanpaulsimard.com\/wp\/?page_id=50"},"modified":"2016-03-31T08:08:29","modified_gmt":"2016-03-31T12:08:29","slug":"renaitre-des-pertes-de-la-vie","status":"publish","type":"page","link":"https:\/\/jeanpaulsimard.com\/index.php\/sample-page\/renaitre-des-pertes-de-la-vie\/","title":{"rendered":"Rena\u00eetre des pertes de la vie"},"content":{"rendered":"<h3 style=\"text-align: justify;\"><strong><a href=\"https:\/\/i1.wp.com\/jeanpaulsimard.com\/wp\/wp-content\/uploads\/2015\/07\/Rena\u00eetre.jpg\"><img loading=\"lazy\" class=\"alignleft size-medium wp-image-41\" src=\"https:\/\/i2.wp.com\/jeanpaulsimard.com\/wp\/wp-content\/uploads\/2015\/07\/Rena\u00eetre-199x300.jpg?resize=199%2C300\" alt=\"Rena\u00eetre\" width=\"199\" height=\"300\" data-recalc-dims=\"1\" \/><\/a><\/strong><\/h3>\n<h2 style=\"text-align: justify;\"><span style=\"color: #ff6600;\"><em>UN LIVRE QUI CHANGERA VOTRE VIE&#8230; !<\/em><\/span><\/h2>\n<h2 style=\"text-align: justify;\"><span style=\"color: #ffcc00;\"><strong>CE LIVRE n&rsquo;est pas uniquement destin\u00e9 aux personnes concern\u00e9es par un deuil, mais bien davantage \u00e0 celles qui connaissent des \u00e9preuves de toutes sortes dans la vie\u2026<\/strong><\/span><\/h2>\n<hr \/>\n<h3 style=\"text-align: justify;\"><\/h3>\n<h2 style=\"text-align: justify;\"><span style=\"color: #ccffff;\"><strong>TOUTE PERSONNE conna\u00eet un jour la souffrance, les deuils, l\u2019\u00e9chec, le malheur. Pourtant, chaque perte ou chaque mort porte son potentiel de r\u00e9surrection, car la vie est intelligente et g\u00e9n\u00e9reuse, pr\u00e9voyant des m\u00e9canismes de d\u00e9fense et d\u2019adaptation et couronnant de bienfaits les \u00e9preuves bien surmont\u00e9es. Ce livre nous propose de lui faire confiance et d\u2019avoir foi en notre propre chemin. \u00c9crit sous forme de variations sur le th\u00e8me de la renaissance, il en d\u00e9cline toutes les harmoniques en une invitation \u00e0 laisser s\u2019\u00e9lever en nous, m\u00eame dans l\u2019adversit\u00e9, le merveilleux chant de la vie.\u00a0<\/strong><\/span><\/h2>\n<h2><\/h2>\n<hr \/>\n<h2 style=\"text-align: justify;\"><span style=\"color: #ff6600;\">VOICI LA FICHE TECHNIQUE DU LIVRE :<\/span><\/h2>\n<h2 style=\"text-align: justify;\"><span style=\"color: #ffcc00;\"><em><a style=\"color: #ffcc00;\" href=\"http:\/\/mediaspaul.qc.ca\/catalogue\/renaitre-des-pertes-de-la-vie-8172\">http:\/\/mediaspaul.qc.ca\/catalogue\/renaitre-des-pertes-de-la-vie-8172<\/a><\/em><\/span><\/h2>\n<p>&nbsp;<\/p>\n<hr \/>\n<h3><\/h3>\n<h2 style=\"text-align: justify;\"><span style=\"color: #00ff00;\"><strong>Voici le COMMENTAIRE d&rsquo;un lecteur sur ce livre\u00a0:<\/strong><\/span><\/h2>\n<blockquote>\n<h2 style=\"text-align: justify;\"><span style=\"color: #ccffff;\">\u00abRENA\u00ceTRE DES PERTES DE LA VIE. Enfin, un vrai livre de chevet. Un livre que l\u2019on peut ouvrir \u00e0 n\u2019importe quelle page et qui vous insuffle une s\u00e9r\u00e9nit\u00e9 instantan\u00e9e. Il vous captive, vous ressource, vous convainc. Une mont\u00e9e en spirale qui nous happe. Un livre qui entrem\u00eale la h\u00e2te et la peur d\u2019en terminer la lecture. \u00c9crit de toute \u00e9vidence sous l\u2019inspiration de l\u2019exp\u00e9rience, chaque mot est tri\u00e9 sur le volet et p\u00e8se. Fruit d\u2019une \u00e9rudition remarquable, d\u2019une facult\u00e9 instinctive de vulgarisation et de gestion des r\u00e9seaux conceptuels. Par souci de d\u00e9licatesse, ce magicien de l\u2019\u00e9criture et de la pens\u00e9e ne craint pas d\u2019adoucir les asp\u00e9rit\u00e9s de certaines notions plus ardues. Bref, un livre interminable parce qu\u2019il donne constamment envie de le reprendre, un petit bouquin dont on n\u2019arrive pas \u00e0 se d\u00e9tacher et qui, malgr\u00e9 sa bri\u00e8vet\u00e9, vous convie \u00e0 un parcours immense. \u00c0 ins\u00e9rer dans sa trousse de survie.\u00bb<\/span><\/h2>\n<h2 style=\"text-align: justify;\"><span style=\"color: #ccffff;\"><strong>\u00a0 \u00a0 \u00a0 \u00a0(Gilles Simard, Ph.D., professeur \u00e0 l\u2019Universit\u00e9 du Qu\u00e9bec \u00e0 Trois-Rivi\u00e8res)<\/strong><\/span><\/h2>\n<\/blockquote>\n<p>&nbsp;<\/p>\n<hr \/>\n<h2 style=\"text-align: justify;\"><span style=\"color: #ccffff;\">VOICI UN APER\u00c7U DU LIVRE :<\/span><\/h2>\n<h3 style=\"text-align: justify;\"><span style=\"color: #ccffff;\"><strong><em>\u00a0Je peux tout. Sentir que l&rsquo;esprit peut tout! Il veille en moi et sur moi. Mon esprit m&#8217;emp\u00eache d&rsquo;\u00eatre malade, ou seulement fatigu\u00e9e. Je ne mange gu\u00e8re, je dors \u00e0 peine. J&rsquo;ai eu de grands biens\u00a0: disparus. Je fus tr\u00e8s entour\u00e9e\u00a0: je suis seule. J\u2019ai tout perdu, mais quand tout a \u00e9t\u00e9 perdu, l&rsquo;esprit perd ses cha\u00eenes. Je sens en moi la vie infinie et immortelle de l&rsquo;esprit.<br \/>\n<\/em><\/strong><strong>\u00a0(Anna Pegova<\/strong>, celle qui a cr\u00e9\u00e9 des traitements de beaut\u00e9, a \u00e9crit ce texte alors qu&rsquo;elle avait quatre-vingt-douze ans.)<\/span><\/h3>\n<h3 style=\"text-align: justify;\"><span style=\"color: #ccffff;\"><strong>\u00a0 \u00a0 \u00a0 \u00a0 \u00a0 \u00a0 \u00a0 \u00a0 \u00a0 \u00a0 \u00a0 \u00a0 \u00a0 \u00a0 \u00a0 \u00a0 \u00a0 \u00a0 \u00a0 \u00a0 \u00a0 \u00a0 \u00a0 \u00a0 \u00a0 \u00a0 \u00a0 \u00a0 \u00a0 \u00a0 \u00a0 \u00a0 <\/strong><\/span><\/h3>\n<h3 style=\"text-align: justify;\"><span style=\"color: #ccffff;\"><strong>\u00a0 \u00a0 \u00a0 \u00a0 \u00a0 \u00a0 \u00a0 \u00a0 \u00a0 \u00a0 \u00a0 \u00a0 \u00a0 \u00a0 \u00a0 \u00a0 \u00a0 \u00a0 \u00a0 \u00a0 \u00a0 \u00a0 \u00a0 \u00a0 \u00a0 \u00a0 \u00a0 \u00a0 \u00a0 \u00a0 \u00a0 INTRODUCTION<\/strong><\/span><\/h3>\n<h3 style=\"text-align: justify;\"><span style=\"color: #ccffff;\"><em>\u00a0<\/em><em>\u00a0 \u00a0 \u00a0 \u00a0 \u00a0 \u00a0 \u00a0 \u00a0 \u00a0 \u00a0 \u00a0 \u00a0 \u00a0 \u00a0 \u00a0 \u00a0 \u00a0 \u00a0 Cette vie qui continue, cette vie qui t&rsquo;offense,<br \/>\n<\/em><em>\u00a0 \u00a0 \u00a0 \u00a0 \u00a0 \u00a0 \u00a0 \u00a0 \u00a0 \u00a0 \u00a0 \u00a0 \u00a0 \u00a0 \u00a0 \u00a0 \u00a0 \u00a0 \u00a0c&rsquo;est elle qui sera ta planche de salut.<br \/>\n<\/em>\u00a0 \u00a0 \u00a0 \u00a0 \u00a0 \u00a0 \u00a0 \u00a0 \u00a0 \u00a0 \u00a0 \u00a0 \u00a0 \u00a0 \u00a0 \u00a0 \u00a0 \u00a0 \u00a0 \u00a0 \u00a0 \u00a0 \u00a0 \u00a0 \u00a0 \u00a0 \u00a0 \u00a0 \u00a0 \u00a0 \u00a0<strong>Christophe Andr\u00e9<\/strong><\/span><\/h3>\n<h3 style=\"text-align: justify;\"><span style=\"color: #ccffff;\">Vous vous souvenez sans doute de la phrase d&rsquo;un psychologue bien connu\u00a0: <em>Aimer, perdre et grandir\u2026? <\/em>Une phrase qui peut s&rsquo;appliquer \u00e0 bien des domaines de la vie\u00a0: travailler, perdre et grandir; investir, perdre et grandir; boire, se droguer, jouer, perdre et grandir; divorcer, perdre et grandir, etc. Nous pourrions multiplier ainsi les domaines o\u00f9 peut s&rsquo;appliquer cette dynamique \u00e9tonnante qui s&rsquo;appelle <em>rena\u00eetre des pertes de la vie<\/em>.<\/span><br \/>\n<span style=\"color: #ccffff;\"> \u00a0 \u00a0 \u00a0 \u00a0 \u00a0 Albert Einstein se posait jadis une question qu&rsquo;il estimait la plus importante: <em>\u00abL\u2019univers est-il amical ou non?\u00bb<\/em> Question que je reformulerais volontiers en ces termes\u00a0: le monde dans lequel nous vivons nous donne-t-il notre juste part de gratifications et de bonheur? Je n\u2019ai pas de statistiques, mais j&rsquo;ai lu quelque part que les \u00e9v\u00e9nements qui nous d\u00e9\u00e7oivent dans la vie seraient plus nombreux que leur contraire.\u00a0 Dans une vie, la somme des peines d\u00e9passerait celle des joies.<\/span><br \/>\n<span style=\"color: #ccffff;\"> \u00a0 \u00a0 \u00a0 \u00a0 \u00a0 Qui n\u2019est jamais victime dans sa vie? Qui ne souffre pas d\u2019abus, d\u2019intol\u00e9rance, de harc\u00e8lement, de haine, d&rsquo;injustice? Qui n\u2019est jamais victime d\u2019un malentendu? Qui peut affirmer qu\u2019il n\u2019a jamais \u00e9chou\u00e9 ou rat\u00e9 quelque chose? On ne sort pas toujours gagnant au jeu de la vie.<\/span><br \/>\n<span style=\"color: #ccffff;\"> \u00a0 \u00a0 \u00a0 \u00a0 \u00a0 En fait, m\u00eame chez les plus grands optimistes ou jovialistes du monde, je ne peux concevoir une vie avec un parcours parfait, exempt d&rsquo;erreurs, d&rsquo;\u00e9preuves, de souffrances, de fatigues, de maladies. Le seul fait de vivre, de se maintenir dans l&rsquo;existence exige d\u00e9j\u00e0 des renoncements. En tout temps, m\u00eame au sein d&rsquo;un grand bonheur, peuvent \u00e9merger des pertes pr\u00e9visibles ou impr\u00e9visibles\u00a0: mort subite d&rsquo;un \u00eatre cher, accident, divorce, cong\u00e9diement, faillite, \u00e9chec, chagrin d&rsquo;amour, feu, raz de mar\u00e9e, vol, etc. \u00c0 cet \u00e9gard, personne ne peut nier que la vie est une \u00e9preuve. \u00ab\u00a0La vie n&rsquo;est pas raisonnable\u00a0\u00bb, clame le populaire motivologue Jean-Marc Chaput. En effet, le bonheur peut-il \u00eatre le but de la vie, quand on souffre, qu&rsquo;une souffrance n&rsquo;attend pas l&rsquo;autre, quand on vit dans la perspective qu&rsquo;on peut tout perdre? Nonobstant cela, peut-on esp\u00e9rer?<\/span><br \/>\n<span style=\"color: #ccffff;\"> <em>\u00a0 \u00a0 \u00a0 \u00a0 \u00a0 \u00ab<\/em><strong><em>\u00a0<\/em><\/strong><em>Quand cro\u00eet le p\u00e9ril, cro\u00eet aussi ce qui sauve\u00a0\u00bb <\/em>a \u00e9crit le grand po\u00e8te Friedrich H\u00f6lderlin. L\u2019exp\u00e9rience nous enseigne que chaque malheur est accompagn\u00e9 de m\u00e9canismes qui sauvent. Il existe, en effet, un tel ph\u00e9nom\u00e8ne dans la vie. Pour pallier les effets n\u00e9gatifs de l&rsquo;existence, la nature a pr\u00e9vu des m\u00e9canismes compensatoires de d\u00e9fense et d&rsquo;adaptation. Toute personne poss\u00e8de en elle-m\u00eame le potentiel n\u00e9cessaire pour redonner un sens ou une signification \u00e0 son existence quand elle l&rsquo;a perdue. Toute personne est capable de r\u00e9soudre ses conflits ou d\u2019apprendre \u00e0 vivre avec eux. Il est m\u00eame possible d&rsquo;atteindre par moment des \u00e9tats de conscience o\u00f9 l&rsquo;on peut accomplir des miracles. Il n\u2019existe aucun fatalisme que nous ne pouvons conjurer.<\/span><br \/>\n<span style=\"color: #ccffff;\"> L\u2019\u00eatre humain a la possibilit\u00e9 de fa\u00e7onner sa propre existence et de d\u00e9terminer ce qu&rsquo;elle sera. Nous avons le pouvoir de changer le cours de notre destin. Nous poss\u00e9dons les dons n\u00e9cessaires, les talents, le dynamisme, les aptitudes pour poursuivre notre chemin individuel, libres de nos pas. Aussi faut-il avoir foi en son propre chemin. Certes, nous ne naissons pas avec un itin\u00e9raire trac\u00e9 d&rsquo;avance qui nous dit o\u00f9 aller et comment nous comporter id\u00e9alement dans les diverses circonstances de la vie, mais nous pouvons pr\u00eater attention aux signes qui jalonnent notre route.<\/span><br \/>\n<span style=\"color: #ccffff;\"> \u00a0 \u00a0 \u00a0 \u00a0 \u00a0 C&rsquo;est dans cet esprit qu&rsquo;est \u00e9crit le pr\u00e9sent volume. Il se veut une proposition de vie au milieu des difficult\u00e9s et des \u00e9preuves de l&rsquo;existence. Il vise \u00e0 redonner \u00e0 la personne la capacit\u00e9 de rediriger sa vie apr\u00e8s l&rsquo;\u00e9preuve. Bien s\u00fbr, la coupe de la souffrance et du malheur n&rsquo;est pas la m\u00eame pour tous, mais le message pourrait se formuler ainsi\u00a0: Toi qui souffres de quelque fa\u00e7on. Toi qui es afflig\u00e9(e), d\u00e9sesp\u00e9r\u00e9(e). Toi qui as mal au fond de toi-m\u00eame, qui es bless\u00e9(e) par la vie, qui es d\u00e9pass\u00e9(e) par les \u00e9v\u00e9nements, qui souffres de solitude, sache qu&rsquo;apr\u00e8s chaque perte, chaque mort, il y a une r\u00e9surrection. Quand une porte se ferme sur le bonheur, une autre s&rsquo;ouvre. Chacun a sa place au soleil qui brille toujours derri\u00e8re les nuages. Il ne tient qu&rsquo;\u00e0 toi d&rsquo;en profiter. Le jour o\u00f9 tu seras capable de jouir et de t&rsquo;\u00e9merveiller devant un coucher de soleil, d&rsquo;\u00e9couter un oiseau chanter en oubliant tes peines, tes malheurs et tes soucis, tu auras fait un grand pas dans la vie.<\/span><br \/>\n<span style=\"color: #ccffff;\"> \u00a0 \u00a0 \u00a0 \u00a0 \u00a0 La cohorte des personnes revenues \u00e0 l&rsquo;existence apr\u00e8s une h\u00e9catombe est impressionnante. Des gens ruin\u00e9s, voleurs, meurtriers, alcooliques, drogu\u00e9s, d\u00e9prav\u00e9s ont \u00e9t\u00e9 transform\u00e9s. Des bless\u00e9s de la vie, des faibles, des gens qui ont atteint leurs bas-fonds se sont relev\u00e9s et sont sortis de l&rsquo;\u00e9ch\u00e9ancier du malheur. J&rsquo;en veux encore pour preuve les milliers de personnes couch\u00e9es sur un lit d&rsquo;h\u00f4pital, assises dans un fauteuil roulant, emmur\u00e9es dans une prison, d\u00e9figur\u00e9es par un accident, qui ont vu un jour la lumi\u00e8re de leur \u00eatre briller et sont parvenus \u00e0 la pure all\u00e9gresse d&rsquo;exister. Pour en t\u00e9moigner, j&rsquo;ai utilis\u00e9 quelques exemples de r\u00e9surrection illustrant cette force \u00e9tonnante de transformation quand la volont\u00e9 de vivre est l\u00e0. Une force qui permet de s\u2019adapter et de survivre, m\u00eame dans des situations extr\u00eames. Qui permet de recommencer quand l&rsquo;ab\u00eeme de la mis\u00e8re est atteint. Comment alors relever \u00e0 nouveau le d\u00e9fi de la vie? Comment vaincre la honte qui nous assaille quand le malheur nous frappe?<\/span><br \/>\n<span style=\"color: #ccffff;\"> \u00a0 \u00a0 \u00a0 \u00a0 \u00a0 Je puis t\u00e9moigner personnellement que les \u00e9v\u00e9nements de mon existence qui m&rsquo;ont accabl\u00e9 de douleur et de souffrance,\u00a0 \u0336\u0336\u00a0 et je le dis en toute sinc\u00e9rit\u00e9\u00a0 \u0336\u0336 , sont de loin ceux qui m\u2019ont permis de grandir et qui m&rsquo;ont, en outre, ouvert \u00e0 la transcendance, c&rsquo;est-\u00e0-dire \u00e0 quelque chose qui me d\u00e9passe. Chaque moment de d\u00e9sespoir m&rsquo;a amen\u00e9 plus loin, me faisant don \u00e0 chaque fois d&rsquo;un souffle nouveau. Et j\u2019ai alors appris comment chacune des victoires remport\u00e9es sur les situations difficiles de la vie g\u00e9n\u00e8re des b\u00e9n\u00e9fices permanents. La vie est intelligente et g\u00e9n\u00e9reuse. Ce n\u2019est pas la vie qui nous prive de ses richesses, c&rsquo;est nous qui les refusons. La vie ne reprend pas les cadeaux qu&rsquo;elle nous fait.<\/span><br \/>\n<span style=\"color: #ccffff;\"> \u00a0 \u00a0 \u00a0 \u00a0 \u00a0 Dans le pr\u00e9sent volume, je propose un regard positif sur la fa\u00e7on de vivre les pertes de la vie et sur les ressources dont nous disposons pour les assumer. Dans cette perspective, j\u2019essaie de parler honn\u00eatement du malheur, en le nommant avec r\u00e9alisme, c&rsquo;est-\u00e0-dire sans peur et sans culpabilit\u00e9. Non pas dans une perspective morbide, mais pour le d\u00e9canter, voire l&rsquo;exorciser. Je veux montrer comment il est possible de se d\u00e9gager de l\u2019emprise de la fatalit\u00e9 et de \u00abnaviguer\u00bb de telle sorte, qu\u2019\u00e0 travers les d\u00e9bris du destin, apr\u00e8s chaque d\u00e9b\u00e2cle, puisse s\u2019\u00e9lever \u00e0 nouveau le merveilleux chant de la vie\u2026<\/span><\/h3>\n<p>&nbsp;<\/p>\n<hr \/>\n<h3 style=\"text-align: justify;\"><em><span style=\"color: #ff9900;\">Vous aimez ces r\u00e9flexions ? Partagez-les&#8230;<\/span><\/em><br \/>\n<em> <span style=\"color: #ff9900;\">Vous ne savez tout le bien que vous pouvez faire&#8230;<\/span><\/em><\/h3>\n<p>&nbsp;<\/p>\n<hr \/>\n<h3>\u00a0<img class=\"aligncenter\" src=\"https:\/\/i0.wp.com\/jeanpaulsimard.com\/wp\/wp-content\/uploads\/2015\/07\/colombe-300x143.png?resize=300%2C143\" alt=\"colombe\" data-recalc-dims=\"1\" \/><\/h3>\n<h3 style=\"text-align: justify;\"><\/h3>\n<div class=\"sharedaddy sd-sharing-enabled\"><div class=\"robots-nocontent sd-block sd-social sd-social-icon-text sd-sharing\"><h3 class=\"sd-title\">Partager\u00a0:<\/h3><div class=\"sd-content\"><ul><li class=\"share-facebook\"><a rel=\"nofollow noopener noreferrer\" data-shared=\"sharing-facebook-50\" class=\"share-facebook sd-button share-icon\" href=\"https:\/\/jeanpaulsimard.com\/index.php\/sample-page\/renaitre-des-pertes-de-la-vie\/?share=facebook\" target=\"_blank\" title=\"Cliquez pour partager sur Facebook\"><span>Facebook<\/span><\/a><\/li><li class=\"share-twitter\"><a rel=\"nofollow noopener noreferrer\" data-shared=\"sharing-twitter-50\" class=\"share-twitter sd-button share-icon\" href=\"https:\/\/jeanpaulsimard.com\/index.php\/sample-page\/renaitre-des-pertes-de-la-vie\/?share=twitter\" target=\"_blank\" title=\"Cliquez pour partager sur Twitter\"><span>Twitter<\/span><\/a><\/li><li class=\"share-linkedin\"><a rel=\"nofollow noopener noreferrer\" data-shared=\"sharing-linkedin-50\" class=\"share-linkedin sd-button share-icon\" href=\"https:\/\/jeanpaulsimard.com\/index.php\/sample-page\/renaitre-des-pertes-de-la-vie\/?share=linkedin\" target=\"_blank\" title=\"Cliquez pour partager sur LinkedIn\"><span>LinkedIn<\/span><\/a><\/li><li class=\"share-pinterest\"><a rel=\"nofollow noopener noreferrer\" data-shared=\"sharing-pinterest-50\" class=\"share-pinterest sd-button share-icon\" href=\"https:\/\/jeanpaulsimard.com\/index.php\/sample-page\/renaitre-des-pertes-de-la-vie\/?share=pinterest\" target=\"_blank\" title=\"Cliquez pour partager sur Pinterest\"><span>Pinterest<\/span><\/a><\/li><li class=\"share-email\"><a rel=\"nofollow noopener noreferrer\" data-shared=\"\" class=\"share-email sd-button share-icon\" href=\"https:\/\/jeanpaulsimard.com\/index.php\/sample-page\/renaitre-des-pertes-de-la-vie\/?share=email\" target=\"_blank\" title=\"Cliquez pour envoyer par e-mail \u00e0 un ami\"><span>E-mail<\/span><\/a><\/li><li class=\"share-print\"><a rel=\"nofollow noopener noreferrer\" data-shared=\"\" class=\"share-print sd-button share-icon\" href=\"https:\/\/jeanpaulsimard.com\/index.php\/sample-page\/renaitre-des-pertes-de-la-vie\/\" target=\"_blank\" title=\"Cliquer pour imprimer\"><span>Imprimer<\/span><\/a><\/li><li class=\"share-end\"><\/li><\/ul><\/div><\/div><\/div>","protected":false},"excerpt":{"rendered":"<p>UN LIVRE QUI CHANGERA VOTRE VIE&#8230; ! CE LIVRE n&rsquo;est pas uniquement destin\u00e9 aux personnes concern\u00e9es par un deuil, mais bien davantage \u00e0 celles qui connaissent des \u00e9preuves de toutes sortes dans la vie\u2026 TOUTE PERSONNE conna\u00eet un jour la souffrance, les deuils, l\u2019\u00e9chec, le malheur. Pourtant, chaque perte ou chaque mort porte son potentiel [&hellip;]<\/p>\n<div class=\"sharedaddy sd-sharing-enabled\"><div class=\"robots-nocontent sd-block sd-social sd-social-icon-text sd-sharing\"><h3 class=\"sd-title\">Partager\u00a0:<\/h3><div class=\"sd-content\"><ul><li class=\"share-facebook\"><a rel=\"nofollow noopener noreferrer\" data-shared=\"sharing-facebook-50\" class=\"share-facebook sd-button share-icon\" href=\"https:\/\/jeanpaulsimard.com\/index.php\/sample-page\/renaitre-des-pertes-de-la-vie\/?share=facebook\" target=\"_blank\" title=\"Cliquez pour partager sur Facebook\"><span>Facebook<\/span><\/a><\/li><li class=\"share-twitter\"><a rel=\"nofollow noopener noreferrer\" data-shared=\"sharing-twitter-50\" class=\"share-twitter sd-button share-icon\" href=\"https:\/\/jeanpaulsimard.com\/index.php\/sample-page\/renaitre-des-pertes-de-la-vie\/?share=twitter\" target=\"_blank\" title=\"Cliquez pour partager sur Twitter\"><span>Twitter<\/span><\/a><\/li><li class=\"share-linkedin\"><a rel=\"nofollow noopener noreferrer\" data-shared=\"sharing-linkedin-50\" class=\"share-linkedin sd-button share-icon\" href=\"https:\/\/jeanpaulsimard.com\/index.php\/sample-page\/renaitre-des-pertes-de-la-vie\/?share=linkedin\" target=\"_blank\" title=\"Cliquez pour partager sur LinkedIn\"><span>LinkedIn<\/span><\/a><\/li><li class=\"share-pinterest\"><a rel=\"nofollow noopener noreferrer\" data-shared=\"sharing-pinterest-50\" class=\"share-pinterest sd-button share-icon\" href=\"https:\/\/jeanpaulsimard.com\/index.php\/sample-page\/renaitre-des-pertes-de-la-vie\/?share=pinterest\" target=\"_blank\" title=\"Cliquez pour partager sur Pinterest\"><span>Pinterest<\/span><\/a><\/li><li class=\"share-email\"><a rel=\"nofollow noopener noreferrer\" data-shared=\"\" class=\"share-email sd-button share-icon\" href=\"https:\/\/jeanpaulsimard.com\/index.php\/sample-page\/renaitre-des-pertes-de-la-vie\/?share=email\" target=\"_blank\" title=\"Cliquez pour envoyer par e-mail \u00e0 un ami\"><span>E-mail<\/span><\/a><\/li><li class=\"share-print\"><a rel=\"nofollow noopener noreferrer\" data-shared=\"\" class=\"share-print sd-button share-icon\" href=\"https:\/\/jeanpaulsimard.com\/index.php\/sample-page\/renaitre-des-pertes-de-la-vie\/\" target=\"_blank\" title=\"Cliquer pour imprimer\"><span>Imprimer<\/span><\/a><\/li><li class=\"share-end\"><\/li><\/ul><\/div><\/div><\/div>","protected":false},"author":1,"featured_media":0,"parent":2,"menu_order":1,"comment_status":"closed","ping_status":"closed","template":"","meta":{"spay_email":""},"jetpack_sharing_enabled":true,"jetpack_shortlink":"https:\/\/wp.me\/P6sIY6-O","jetpack-related-posts":[{"id":87,"url":"https:\/\/jeanpaulsimard.com\/index.php\/sample-page\/cette-force-qui-souleve-la-vie\/","url_meta":{"origin":50,"position":0},"title":"Cette force qui soul\u00e8ve la vie !","date":"11 juillet 2015","format":false,"excerpt":"UN BEAU CADEAU \u00c0 FAIRE OU \u00c0 SE FAIRE ! QUELLES SONT LES VALEURS qui permettent de se maintenir dans l'existence quand tout s'effondre autour de soi ? Gr\u00e2ce \u00e0 ces valeurs beaucoup sont sortis de l'enfer de l'alcool, de la drogue, du jeu, du sexolisme. Des personnes atteintes de\u2026","rel":"","context":"Article similaire","img":{"alt_text":"","src":"","width":0,"height":0},"classes":[]},{"id":19,"url":"https:\/\/jeanpaulsimard.com\/","url_meta":{"origin":50,"position":1},"title":"Trouvez ici ce que vous cherchez","date":"10 juillet 2015","format":false,"excerpt":"\"Pour son accomplissement, l'homme n'a pas besoin de perfection mais de pl\u00e9nitude. \" (Carl Jung) Nouveaut\u00e9 E N\u00a0 L I B R A I R I E\u00a0 Ce livre propose des m\u00e9thodes pour se lib\u00e9rer des pens\u00e9es envahissantes, n\u00e9gatives ou toxiques qui perturbent la paix int\u00e9rieure. Il aide \u00e0 reconna\u00eetre,\u2026","rel":"","context":"Article similaire","img":{"alt_text":"","src":"https:\/\/i0.wp.com\/jeanpaulsimard.com\/wp-content\/uploads\/2025\/10\/3484003c-2c7c-466a-b252-8def88ede4b9.jpg?resize=350%2C200","width":350,"height":200},"classes":[]},{"id":85,"url":"https:\/\/jeanpaulsimard.com\/index.php\/sample-page\/pelerinage-aux-sources-de-la-vie\/","url_meta":{"origin":50,"position":2},"title":"P\u00e8lerinage aux sources de la vie","date":"11 juillet 2015","format":false,"excerpt":"Y a-t-il plus beau p\u00e8lerinage que de remonter \u00e0 la source de son \u00eatre et de la vie ? \u00a0 NOUS CONNAISSONS les p\u00e8lerinages vers les lieux saints, mais connaissons-nous celui qui m\u00e8ne vers nos propres sources int\u00e9rieures, d'origine \u00e0 la fois biologique et spirituelle ? Leur mise en veilleuse\u2026","rel":"","context":"Article similaire","img":{"alt_text":"","src":"https:\/\/i2.wp.com\/jeanpaulsimard.com\/wp\/wp-content\/uploads\/2015\/07\/PelerinageAuxSources-200x300.jpg?resize=350%2C200","width":350,"height":200},"classes":[]},{"id":53,"url":"https:\/\/jeanpaulsimard.com\/index.php\/sample-page\/guerir-par-la-foi-lamour-la-priere\/","url_meta":{"origin":50,"position":3},"title":"Gu\u00e9rir par la foi, l'amour, la pri\u00e8re","date":"11 juillet 2015","format":false,"excerpt":"QUELLES SONT LES VALEURS SPIRITUELLES QUI GU\u00c9RISSENT ? UN OUVRAGE SUR L'AGAP\u00c8TH\u00c9RAPIE, M\u00c9DECINE DE L'\u00c2ME ET DU C\u0152UR IL EXISTE UN R\u00c9EL POUVOIR DE GU\u00c9RISON dans le spirituel. Plusieurs exp\u00e9rimentent que la foi en l'amour divin permet d'att\u00e9nuer les peines, de soigner les blessures, de trouver la paix int\u00e9rieure. Ils\u2026","rel":"","context":"Article similaire","img":{"alt_text":"","src":"https:\/\/i2.wp.com\/jeanpaulsimard.com\/wp\/wp-content\/uploads\/2015\/07\/Gu\u00c3\u00a9rir-200x300.jpg?resize=350%2C200","width":350,"height":200},"classes":[]},{"id":47,"url":"https:\/\/jeanpaulsimard.com\/index.php\/sample-page\/renouer-avec-dieu\/","url_meta":{"origin":50,"position":4},"title":"Renouer avec Dieu","date":"11 juillet 2015","format":false,"excerpt":"PEUT-ON ALLER \u00c0 DIEU SANS PASSER PAR LA RELIGION Vous n\u2019avez pas le c\u0153ur \u00e0 entrer dans une \u00e9glise, mais vous sentez un appel \u00e0 la spiritualit\u00e9. Vous \u00e9prouvez le besoin d'une vie moins superficielle? Vous voulez combler votre \u00abvide\u00bb int\u00e9rieur? Vous d\u00e9sirez communiquer avec le \u00abnoyau spirituel\u00bb de votre\u2026","rel":"","context":"Article similaire","img":{"alt_text":"","src":"https:\/\/i0.wp.com\/jeanpaulsimard.com\/wp\/wp-content\/uploads\/2015\/07\/Renouer-avec-Dieu-224x300.jpg?resize=350%2C200","width":350,"height":200},"classes":[]},{"id":193,"url":"https:\/\/jeanpaulsimard.com\/index.php\/sample-page\/avez-vous-une-trousse-de-premiers-soins-spirituels\/","url_meta":{"origin":50,"position":5},"title":"Avez-vous une trousse spirituelle de premiers soins ?","date":"14 juillet 2015","format":false,"excerpt":"TROUSSE SPIRITUELLE DE PREMIERS SOINS ... VIENT DE PARA\u00ceTRE AUX \u00c9DITIONS M\u00c9DIASPAUL (CANADA \/ FRANCE \/ EUROPE) \u00a0[Maintenant disponible en Europe] Fiche technique du livre : http:\/\/mediaspaul.qc.ca\/catalogue\/trousse-spirituelle-de-premiers-soins-8845 Recens\u00e9 par le journal LE DEVOIR : http:\/\/www.ledevoir.com\/societe\/ethique-et-religion\/466331\/trousse-spirituelle-de-premiers-soins Le livre existe aussi en format num\u00e9rique (PDF et ePub) L'ID\u00c9E D'\u00c9CRIRE CE LIVRE m'est\u2026","rel":"","context":"Article similaire","img":{"alt_text":"MP_Trousse spirituelle_quatrieme_01","src":"https:\/\/i1.wp.com\/jeanpaulsimard.com\/wp-content\/uploads\/2015\/07\/MP_Trousse-spirituelle_quatrieme_01-1024x747.jpg?resize=350%2C200","width":350,"height":200},"classes":[]}],"_links":{"self":[{"href":"https:\/\/jeanpaulsimard.com\/index.php\/wp-json\/wp\/v2\/pages\/50"}],"collection":[{"href":"https:\/\/jeanpaulsimard.com\/index.php\/wp-json\/wp\/v2\/pages"}],"about":[{"href":"https:\/\/jeanpaulsimard.com\/index.php\/wp-json\/wp\/v2\/types\/page"}],"author":[{"embeddable":true,"href":"https:\/\/jeanpaulsimard.com\/index.php\/wp-json\/wp\/v2\/users\/1"}],"replies":[{"embeddable":true,"href":"https:\/\/jeanpaulsimard.com\/index.php\/wp-json\/wp\/v2\/comments?post=50"}],"version-history":[{"count":65,"href":"https:\/\/jeanpaulsimard.com\/index.php\/wp-json\/wp\/v2\/pages\/50\/revisions"}],"predecessor-version":[{"id":2915,"href":"https:\/\/jeanpaulsimard.com\/index.php\/wp-json\/wp\/v2\/pages\/50\/revisions\/2915"}],"up":[{"embeddable":true,"href":"https:\/\/jeanpaulsimard.com\/index.php\/wp-json\/wp\/v2\/pages\/2"}],"wp:attachment":[{"href":"https:\/\/jeanpaulsimard.com\/index.php\/wp-json\/wp\/v2\/media?parent=50"}],"curies":[{"name":"wp","href":"https:\/\/api.w.org\/{rel}","templated":true}]}}