{"id":211,"date":"2015-07-15T14:06:20","date_gmt":"2015-07-15T18:06:20","guid":{"rendered":"http:\/\/jeanpaulsimard.com\/?page_id=211"},"modified":"2016-03-02T12:59:35","modified_gmt":"2016-03-02T17:59:35","slug":"comment-deborder-denergie","status":"publish","type":"page","link":"https:\/\/jeanpaulsimard.com\/index.php\/sample-page\/comment-deborder-denergie\/","title":{"rendered":"Comment d\u00e9border d&rsquo;\u00e9nergie"},"content":{"rendered":"<h2 style=\"text-align: justify;\"><strong><a href=\"https:\/\/i1.wp.com\/jeanpaulsimard.com\/wp\/wp-content\/uploads\/2015\/07\/Comment-d\u00e9border.png\"><img loading=\"lazy\" class=\" size-medium wp-image-294 alignleft\" src=\"https:\/\/i2.wp.com\/jeanpaulsimard.com\/wp\/wp-content\/uploads\/2015\/07\/Comment-d\u00e9border-203x300.png?resize=203%2C300\" alt=\"Comment d\u00e9border\" width=\"203\" height=\"300\" data-recalc-dims=\"1\" \/><\/a><span style=\"color: #00ff00;\">L&rsquo;\u00e9nergie humaine : ses sources physiques et mentales<\/span><\/strong><\/h2>\n<h3 style=\"text-align: justify;\"><span style=\"color: #99ccff;\">L&rsquo;\u00e9nergie humaine, physique et mentale, n&rsquo;est pas in\u00e9puisable. Et pour l&rsquo;avoir ignor\u00e9, beaucoup de gens ont \u00e9t\u00e9 terrass\u00e9s par le surmenage, la d\u00e9pression, la maladie.<\/span><\/h3>\n<h3 style=\"text-align: justify;\"><span style=\"color: #99ccff;\">Mais o\u00f9 puiser son \u00e9nergie ? Comment la renouveler ? Comment maintenir le d\u00e9licat \u00e9quilibre entre ses r\u00e9serves et ses d\u00e9penses d&rsquo;\u00e9nergie ? Comment garder le calme et la bonne forme dans les p\u00e9riodes d&rsquo;activit\u00e9 intense ? Comment stimuler l&rsquo;\u00e9nergie cr\u00e9atrice ?<\/span><\/h3>\n<h3 style=\"text-align: justify;\"><span style=\"color: #99ccff;\">Partant du principe que l&rsquo;\u00e9nergie d\u00e9pend de la sant\u00e9 et que la sant\u00e9 s&rsquo;apprend, Jean-Paul Simard r\u00e9pond \u00e0 toutes ces questions et \u00e0 bien d&rsquo;autres encore. Il fait le bilan des sources physiques et mentales de l&rsquo;\u00e9nergie humaine; mais surtout, il explique comment les exploiter et les renouveler au moyen de m\u00e9thodes simples et \u00e9prouv\u00e9es.<\/span><\/h3>\n<h3 style=\"text-align: justify;\"><span style=\"color: #99ccff;\">Un livre pratique et complet pour nous tous qui voulons conserver ou retrouver la vraie sant\u00e9, celle qui donne le go\u00fbt de vivre, le go\u00fbt d&rsquo;agir !<\/span><\/h3>\n<ul style=\"text-align: justify;\">\n<li>\n<h3><span style=\"color: #99ccff;\">L&rsquo;alimentation, la respiration, l&rsquo;exercice<\/span><\/h3>\n<\/li>\n<li>\n<h3><span style=\"color: #99ccff;\">L&rsquo;\u00e9nergie sensorielle, l&rsquo;\u00e9nergie sexuelle<\/span><\/h3>\n<\/li>\n<li>\n<h3><span style=\"color: #99ccff;\">Le travail, le repos, la relaxation<\/span><\/h3>\n<\/li>\n<li>\n<h3><span style=\"color: #99ccff;\">L&rsquo;\u00e9nergie d&rsquo;adaptation, l&rsquo;\u00e9nergie int\u00e9rieure<\/span><\/h3>\n<\/li>\n<\/ul>\n<h3 style=\"text-align: justify;\"><em><span style=\"color: #00ff00;\"><a style=\"color: #00ff00;\" href=\"http:\/\/www.secondemain.ca\/acatalog\/Secondemain_Simard__Jean_Paul_11276.html\" target=\"_blank\">http:\/\/www.secondemain.ca\/acatalog\/Secondemain_Simard__Jean_Paul_11276.html<\/a><\/span><\/em><\/h3>\n<div class=\"sharedaddy sd-sharing-enabled\"><div class=\"robots-nocontent sd-block sd-social sd-social-icon-text sd-sharing\"><h3 class=\"sd-title\">Partager\u00a0:<\/h3><div class=\"sd-content\"><ul><li class=\"share-facebook\"><a rel=\"nofollow noopener noreferrer\" data-shared=\"sharing-facebook-211\" class=\"share-facebook sd-button share-icon\" href=\"https:\/\/jeanpaulsimard.com\/index.php\/sample-page\/comment-deborder-denergie\/?share=facebook\" target=\"_blank\" title=\"Cliquez pour partager sur Facebook\"><span>Facebook<\/span><\/a><\/li><li class=\"share-twitter\"><a rel=\"nofollow noopener noreferrer\" data-shared=\"sharing-twitter-211\" class=\"share-twitter sd-button share-icon\" href=\"https:\/\/jeanpaulsimard.com\/index.php\/sample-page\/comment-deborder-denergie\/?share=twitter\" target=\"_blank\" title=\"Cliquez pour partager sur Twitter\"><span>Twitter<\/span><\/a><\/li><li class=\"share-linkedin\"><a rel=\"nofollow noopener noreferrer\" data-shared=\"sharing-linkedin-211\" class=\"share-linkedin sd-button share-icon\" href=\"https:\/\/jeanpaulsimard.com\/index.php\/sample-page\/comment-deborder-denergie\/?share=linkedin\" target=\"_blank\" title=\"Cliquez pour partager sur LinkedIn\"><span>LinkedIn<\/span><\/a><\/li><li class=\"share-pinterest\"><a rel=\"nofollow noopener noreferrer\" data-shared=\"sharing-pinterest-211\" class=\"share-pinterest sd-button share-icon\" href=\"https:\/\/jeanpaulsimard.com\/index.php\/sample-page\/comment-deborder-denergie\/?share=pinterest\" target=\"_blank\" title=\"Cliquez pour partager sur Pinterest\"><span>Pinterest<\/span><\/a><\/li><li class=\"share-email\"><a rel=\"nofollow noopener noreferrer\" data-shared=\"\" class=\"share-email sd-button share-icon\" href=\"https:\/\/jeanpaulsimard.com\/index.php\/sample-page\/comment-deborder-denergie\/?share=email\" target=\"_blank\" title=\"Cliquez pour envoyer par e-mail \u00e0 un ami\"><span>E-mail<\/span><\/a><\/li><li class=\"share-print\"><a rel=\"nofollow noopener noreferrer\" data-shared=\"\" class=\"share-print sd-button share-icon\" href=\"https:\/\/jeanpaulsimard.com\/index.php\/sample-page\/comment-deborder-denergie\/\" target=\"_blank\" title=\"Cliquer pour imprimer\"><span>Imprimer<\/span><\/a><\/li><li class=\"share-end\"><\/li><\/ul><\/div><\/div><\/div>","protected":false},"excerpt":{"rendered":"<p>L&rsquo;\u00e9nergie humaine : ses sources physiques et mentales L&rsquo;\u00e9nergie humaine, physique et mentale, n&rsquo;est pas in\u00e9puisable. Et pour l&rsquo;avoir ignor\u00e9, beaucoup de gens ont \u00e9t\u00e9 terrass\u00e9s par le surmenage, la d\u00e9pression, la maladie. Mais o\u00f9 puiser son \u00e9nergie ? Comment la renouveler ? Comment maintenir le d\u00e9licat \u00e9quilibre entre ses r\u00e9serves et ses d\u00e9penses d&rsquo;\u00e9nergie [&hellip;]<\/p>\n<div class=\"sharedaddy sd-sharing-enabled\"><div class=\"robots-nocontent sd-block sd-social sd-social-icon-text sd-sharing\"><h3 class=\"sd-title\">Partager\u00a0:<\/h3><div class=\"sd-content\"><ul><li class=\"share-facebook\"><a rel=\"nofollow noopener noreferrer\" data-shared=\"sharing-facebook-211\" class=\"share-facebook sd-button share-icon\" href=\"https:\/\/jeanpaulsimard.com\/index.php\/sample-page\/comment-deborder-denergie\/?share=facebook\" target=\"_blank\" title=\"Cliquez pour partager sur Facebook\"><span>Facebook<\/span><\/a><\/li><li class=\"share-twitter\"><a rel=\"nofollow noopener noreferrer\" data-shared=\"sharing-twitter-211\" class=\"share-twitter sd-button share-icon\" href=\"https:\/\/jeanpaulsimard.com\/index.php\/sample-page\/comment-deborder-denergie\/?share=twitter\" target=\"_blank\" title=\"Cliquez pour partager sur Twitter\"><span>Twitter<\/span><\/a><\/li><li class=\"share-linkedin\"><a rel=\"nofollow noopener noreferrer\" data-shared=\"sharing-linkedin-211\" class=\"share-linkedin sd-button share-icon\" href=\"https:\/\/jeanpaulsimard.com\/index.php\/sample-page\/comment-deborder-denergie\/?share=linkedin\" target=\"_blank\" title=\"Cliquez pour partager sur LinkedIn\"><span>LinkedIn<\/span><\/a><\/li><li class=\"share-pinterest\"><a rel=\"nofollow noopener noreferrer\" data-shared=\"sharing-pinterest-211\" class=\"share-pinterest sd-button share-icon\" href=\"https:\/\/jeanpaulsimard.com\/index.php\/sample-page\/comment-deborder-denergie\/?share=pinterest\" target=\"_blank\" title=\"Cliquez pour partager sur Pinterest\"><span>Pinterest<\/span><\/a><\/li><li class=\"share-email\"><a rel=\"nofollow noopener noreferrer\" data-shared=\"\" class=\"share-email sd-button share-icon\" href=\"https:\/\/jeanpaulsimard.com\/index.php\/sample-page\/comment-deborder-denergie\/?share=email\" target=\"_blank\" title=\"Cliquez pour envoyer par e-mail \u00e0 un ami\"><span>E-mail<\/span><\/a><\/li><li class=\"share-print\"><a rel=\"nofollow noopener noreferrer\" data-shared=\"\" class=\"share-print sd-button share-icon\" href=\"https:\/\/jeanpaulsimard.com\/index.php\/sample-page\/comment-deborder-denergie\/\" target=\"_blank\" title=\"Cliquer pour imprimer\"><span>Imprimer<\/span><\/a><\/li><li class=\"share-end\"><\/li><\/ul><\/div><\/div><\/div>","protected":false},"author":2,"featured_media":0,"parent":2,"menu_order":11,"comment_status":"open","ping_status":"open","template":"","meta":{"spay_email":""},"jetpack_sharing_enabled":true,"jetpack_shortlink":"https:\/\/wp.me\/P6sIY6-3p","jetpack-related-posts":[{"id":50,"url":"https:\/\/jeanpaulsimard.com\/index.php\/sample-page\/renaitre-des-pertes-de-la-vie\/","url_meta":{"origin":211,"position":0},"title":"Rena\u00eetre des pertes de la vie","date":"11 juillet 2015","format":false,"excerpt":"UN LIVRE QUI CHANGERA VOTRE VIE... ! CE LIVRE n'est pas uniquement destin\u00e9 aux personnes concern\u00e9es par un deuil, mais bien davantage \u00e0 celles qui connaissent des \u00e9preuves de toutes sortes dans la vie\u2026 TOUTE PERSONNE conna\u00eet un jour la souffrance, les deuils, l\u2019\u00e9chec, le malheur. Pourtant, chaque perte ou\u2026","rel":"","context":"Article similaire","img":{"alt_text":"","src":"","width":0,"height":0},"classes":[]},{"id":95,"url":"https:\/\/jeanpaulsimard.com\/index.php\/sample-page\/guide-du-savoir-ecrire\/","url_meta":{"origin":211,"position":1},"title":"Guide du savoir-\u00e9crire","date":"11 juillet 2015","format":false,"excerpt":"Guide du savoir-\u00e9crire Un ouvrage COMPLET et AUTODIDACTIQUE sur l\u2019art d\u2019\u00e9crire comprenant de nombreux EXEMPLES, EXERCICES et CORRIG\u00c9S. Utilis\u00e9 par toutes les INSTITUTIONS (\u00e9coles secondaires, c\u00e9geps, universit\u00e9s). Tr\u00e8s utile pour la maison\u2026 \u00a0 \u00a0FICHE TECHNIQUE DU LIVRE : http:\/\/www.editions-homme.com\/guide-savoir-ecrire\/jean-paul-simard\/livre\/9782761920667 R\u00e9sum\u00e9 de la carri\u00e8re de l\u2019auteur JEAN-PAUL SIMARD a termin\u00e9 une\u2026","rel":"","context":"Article similaire","img":{"alt_text":"","src":"","width":0,"height":0},"classes":[]},{"id":83,"url":"https:\/\/jeanpaulsimard.com\/index.php\/sample-page\/que-faire-quand-la-souffrance-et-la-maladie-frappent-a-notre-porte\/","url_meta":{"origin":211,"position":2},"title":"Que faire quand la souffrance et la maladie frappent \u00e0 notre porte ?","date":"11 juillet 2015","format":false,"excerpt":"\u00a0 QUAND LA \u00a0SPIRITUALIT\u00c9 DEVIENT UN ATOUT POUR LA M\u00c9DECINE \u00ab\u00a0Mieux comprendre la souffrance pour mieux la vivre ou mieux l\u2019accompagner.\u00a0\u00a0\u00bb CE LIVRE EST DESTIN\u00c9 aux personnes qui vivent une \u00e9preuve , qui sont malades, souffrantes, \u00e0 la maison, \u00e0 l\u2019h\u00f4pital, dans les centres de soins palliatifs et de longue\u2026","rel":"","context":"Article similaire","img":{"alt_text":"","src":"https:\/\/i1.wp.com\/jeanpaulsimard.com\/wp\/wp-content\/uploads\/2015\/07\/QueFaireQuandLaSouffrance-225x300.jpg?resize=350%2C200","width":350,"height":200},"classes":[]},{"id":13,"url":"https:\/\/jeanpaulsimard.com\/index.php\/articles\/","url_meta":{"origin":211,"position":3},"title":"Ma source","date":"10 juillet 2015","format":false,"excerpt":"\u00a0 Une source de croissance humaine et spirituelle Vous trouverez ci-apr\u00e8s une s\u00e9rie d'articles que j'ai \u00e9crits pour divers magazines sur la recherche du \u00abmieux-\u00eatre\u00bb.\u00a0 \u00a0 Articles parus dans\u00a0le magazine Vivre\u00a0\u00a0 Cliquez sur le titre de l'article ci-dessous\u00a0: \u00catre ou ne pas \u00eatre l\u00e0, voil\u00e0 la question.Leader avec \u00e2me demand\u00e9\u2026","rel":"","context":"Article similaire","img":{"alt_text":"","src":"https:\/\/i1.wp.com\/jeanpaulsimard.com\/wp-content\/uploads\/2015\/07\/meditation-pleine-conscience-640x358.jpg?resize=350%2C200","width":350,"height":200},"classes":[]},{"id":89,"url":"https:\/\/jeanpaulsimard.com\/index.php\/sample-page\/ephata-la-spiritualite-du-coeur\/","url_meta":{"origin":211,"position":4},"title":"EPHATA - La spiritualit\u00e9 du coeur","date":"11 juillet 2015","format":false,"excerpt":"LA SPIRITUALIT\u00c9 DE L'AVENIR SERA-T-ELLE CELLE DU C\u0152UR ? LONGTEMPS LE\u00a0C\u0152UR\u00a0 a \u00e9t\u00e9 n\u00e9glig\u00e9 en spiritualit\u00e9. En anthropologie, le c\u0153ur, c'est la profondeur, le centre. En\u00a0th\u00e9ologie patristique, le c\u0153ur, c'est le lieu de l'int\u00e9riorit\u00e9 et de l'exp\u00e9rience spirituelle et religieuse. C'est le \u00ab lieu de Dieu \u00bb, l'instance qui rend\u2026","rel":"","context":"Article similaire","img":{"alt_text":"","src":"https:\/\/i0.wp.com\/jeanpaulsimard.com\/wp\/wp-content\/uploads\/2015\/07\/Ephata-200x300.jpg?resize=350%2C200","width":350,"height":200},"classes":[]},{"id":53,"url":"https:\/\/jeanpaulsimard.com\/index.php\/sample-page\/guerir-par-la-foi-lamour-la-priere\/","url_meta":{"origin":211,"position":5},"title":"Gu\u00e9rir par la foi, l'amour, la pri\u00e8re","date":"11 juillet 2015","format":false,"excerpt":"QUELLES SONT LES VALEURS SPIRITUELLES QUI GU\u00c9RISSENT ? UN OUVRAGE SUR L'AGAP\u00c8TH\u00c9RAPIE, M\u00c9DECINE DE L'\u00c2ME ET DU C\u0152UR IL EXISTE UN R\u00c9EL POUVOIR DE GU\u00c9RISON dans le spirituel. Plusieurs exp\u00e9rimentent que la foi en l'amour divin permet d'att\u00e9nuer les peines, de soigner les blessures, de trouver la paix int\u00e9rieure. Ils\u2026","rel":"","context":"Article similaire","img":{"alt_text":"","src":"https:\/\/i2.wp.com\/jeanpaulsimard.com\/wp\/wp-content\/uploads\/2015\/07\/Gu\u00c3\u00a9rir-200x300.jpg?resize=350%2C200","width":350,"height":200},"classes":[]}],"_links":{"self":[{"href":"https:\/\/jeanpaulsimard.com\/index.php\/wp-json\/wp\/v2\/pages\/211"}],"collection":[{"href":"https:\/\/jeanpaulsimard.com\/index.php\/wp-json\/wp\/v2\/pages"}],"about":[{"href":"https:\/\/jeanpaulsimard.com\/index.php\/wp-json\/wp\/v2\/types\/page"}],"author":[{"embeddable":true,"href":"https:\/\/jeanpaulsimard.com\/index.php\/wp-json\/wp\/v2\/users\/2"}],"replies":[{"embeddable":true,"href":"https:\/\/jeanpaulsimard.com\/index.php\/wp-json\/wp\/v2\/comments?post=211"}],"version-history":[{"count":14,"href":"https:\/\/jeanpaulsimard.com\/index.php\/wp-json\/wp\/v2\/pages\/211\/revisions"}],"predecessor-version":[{"id":974,"href":"https:\/\/jeanpaulsimard.com\/index.php\/wp-json\/wp\/v2\/pages\/211\/revisions\/974"}],"up":[{"embeddable":true,"href":"https:\/\/jeanpaulsimard.com\/index.php\/wp-json\/wp\/v2\/pages\/2"}],"wp:attachment":[{"href":"https:\/\/jeanpaulsimard.com\/index.php\/wp-json\/wp\/v2\/media?parent=211"}],"curies":[{"name":"wp","href":"https:\/\/api.w.org\/{rel}","templated":true}]}}