{"id":2,"date":"2015-07-11T00:05:59","date_gmt":"2015-07-11T04:05:59","guid":{"rendered":"http:\/\/jeanpaulsimard.com\/wp\/?page_id=2"},"modified":"2025-10-19T22:33:24","modified_gmt":"2025-10-20T02:33:24","slug":"sample-page","status":"publish","type":"page","link":"https:\/\/jeanpaulsimard.com\/index.php\/sample-page\/","title":{"rendered":"Mes livres"},"content":{"rendered":"<h2><span style=\"color: #ff9900;\"><a href=\"https:\/\/i0.wp.com\/jeanpaulsimard.com\/wp-content\/uploads\/2015\/07\/595x199-1.jpg\" rel=\"attachment wp-att-2526\"><img loading=\"lazy\" class=\"size-full wp-image-2526 aligncenter\" src=\"https:\/\/i0.wp.com\/jeanpaulsimard.com\/wp-content\/uploads\/2015\/07\/595x199-1.jpg?resize=595%2C199\" alt=\"595x199\" width=\"595\" height=\"199\" srcset=\"https:\/\/i0.wp.com\/jeanpaulsimard.com\/wp-content\/uploads\/2015\/07\/595x199-1.jpg?w=595&amp;ssl=1 595w, https:\/\/i0.wp.com\/jeanpaulsimard.com\/wp-content\/uploads\/2015\/07\/595x199-1.jpg?resize=300%2C100&amp;ssl=1 300w, https:\/\/i0.wp.com\/jeanpaulsimard.com\/wp-content\/uploads\/2015\/07\/595x199-1.jpg?resize=3%2C1&amp;ssl=1 3w\" sizes=\"(max-width: 595px) 100vw, 595px\" data-recalc-dims=\"1\" \/><\/a>Je suis confiant que vous vous trouverez dans ces livres une nourriture pour l&rsquo;esprit, le\u00a0c\u0153ur\u00a0et l&rsquo;\u00e2me.<\/span><\/h2>\n<hr \/>\n<h2><span style=\"color: #ff9900;\"><em>Vient de para\u00eetre :\u00a0<\/em><\/span><a href=\"https:\/\/i0.wp.com\/jeanpaulsimard.com\/wp-content\/uploads\/2025\/10\/3484003c-2c7c-466a-b252-8def88ede4b9.jpg\"><img loading=\"lazy\" class=\"alignright  wp-image-4501\" src=\"https:\/\/i0.wp.com\/jeanpaulsimard.com\/wp-content\/uploads\/2025\/10\/3484003c-2c7c-466a-b252-8def88ede4b9.jpg?resize=630%2C525\" alt=\"\" width=\"630\" height=\"525\" srcset=\"https:\/\/i0.wp.com\/jeanpaulsimard.com\/wp-content\/uploads\/2025\/10\/3484003c-2c7c-466a-b252-8def88ede4b9.jpg?w=900&amp;ssl=1 900w, https:\/\/i0.wp.com\/jeanpaulsimard.com\/wp-content\/uploads\/2025\/10\/3484003c-2c7c-466a-b252-8def88ede4b9.jpg?resize=300%2C250&amp;ssl=1 300w, https:\/\/i0.wp.com\/jeanpaulsimard.com\/wp-content\/uploads\/2025\/10\/3484003c-2c7c-466a-b252-8def88ede4b9.jpg?resize=768%2C640&amp;ssl=1 768w, https:\/\/i0.wp.com\/jeanpaulsimard.com\/wp-content\/uploads\/2025\/10\/3484003c-2c7c-466a-b252-8def88ede4b9.jpg?resize=1%2C1&amp;ssl=1 1w\" sizes=\"(max-width: 630px) 100vw, 630px\" data-recalc-dims=\"1\" \/><\/a><\/h2>\n<h2><span style=\"color: #ff9900;\">\u00a0<\/span><\/h2>\n<h3 style=\"padding-left: 120px;\"><span style=\"color: #ffff00;\">(Le livre est disponible en Europe)<\/span><\/h3>\n<table style=\"height: 2401px;\" width=\"586\">\n<tbody>\n<tr>\n<td width=\"139\">\n<h2><span style=\"color: #ff9900;\"><em><a href=\"https:\/\/dauphinblanc.com\/catalogue\/letonnant-pouvoir-de-la-pleine-conscience\"><img loading=\"lazy\" class=\"size-medium wp-image-4284 alignright\" src=\"https:\/\/i0.wp.com\/jeanpaulsimard.com\/wp-content\/uploads\/2021\/03\/pouvoir-pleine-conscience.png?resize=227%2C300\" alt=\"\" width=\"227\" height=\"300\" srcset=\"https:\/\/i0.wp.com\/jeanpaulsimard.com\/wp-content\/uploads\/2021\/03\/pouvoir-pleine-conscience.png?resize=227%2C300&amp;ssl=1 227w, https:\/\/i0.wp.com\/jeanpaulsimard.com\/wp-content\/uploads\/2021\/03\/pouvoir-pleine-conscience.png?resize=1%2C1&amp;ssl=1 1w, https:\/\/i0.wp.com\/jeanpaulsimard.com\/wp-content\/uploads\/2021\/03\/pouvoir-pleine-conscience.png?w=720&amp;ssl=1 720w\" sizes=\"(max-width: 227px) 100vw, 227px\" data-recalc-dims=\"1\" \/><\/a><\/em><\/span><\/h2>\n<\/td>\n<td width=\"593\">\n<ul>\n<li>\n<h2><em><a href=\"https:\/\/dauphinblanc.com\/catalogue\/letonnant-pouvoir-de-la-pleine-conscience\">L&rsquo;\u00e9tonnant pouvoir de la pleine conscience<\/a><\/em><\/h2>\n<\/li>\n<\/ul>\n<\/td>\n<\/tr>\n<tr>\n<td width=\"139\"><a href=\"https:\/\/www.beliveauediteur.com\/produit\/letonnante-therapie-des-3r\"><img loading=\"lazy\" class=\"aligncenter wp-image-4212 size-full\" src=\"https:\/\/i2.wp.com\/jeanpaulsimard.com\/wp-content\/uploads\/2020\/08\/therapie.png?resize=128%2C183\" alt=\"\" width=\"128\" height=\"183\" srcset=\"https:\/\/i2.wp.com\/jeanpaulsimard.com\/wp-content\/uploads\/2020\/08\/therapie.png?w=128&amp;ssl=1 128w, https:\/\/i2.wp.com\/jeanpaulsimard.com\/wp-content\/uploads\/2020\/08\/therapie.png?resize=1%2C1&amp;ssl=1 1w\" sizes=\"(max-width: 128px) 100vw, 128px\" data-recalc-dims=\"1\" \/><\/a><\/td>\n<td width=\"593\">\n<ul>\n<li>\n<h2><em><a href=\"https:\/\/www.beliveauediteur.com\/produit\/letonnante-therapie-des-3r\">L&rsquo;\u00e9tonnante th\u00e9rapie des 3R<\/a><\/em><\/h2>\n<\/li>\n<\/ul>\n<\/td>\n<\/tr>\n<tr>\n<td width=\"139\"><a href=\"https:\/\/i1.wp.com\/jeanpaulsimard.com\/wp-content\/uploads\/2019\/02\/2727507-gf-1.jpg\"><img loading=\"lazy\" class=\" size-full wp-image-3826 alignnone\" src=\"https:\/\/i1.wp.com\/jeanpaulsimard.com\/wp-content\/uploads\/2019\/02\/2727507-gf-1.jpg?resize=343%2C300\" alt=\"\" width=\"343\" height=\"300\" data-recalc-dims=\"1\" \/><\/a><\/td>\n<td width=\"593\">\n<ul>\n<li>\n<h2><a href=\"http:\/\/www.editionsfides.com\/fr\/product\/editions-fides\/religion-et-spiritualite\/vie-spirituelle\/la-nouvelle-spiritualite-du-mieux-etre_813.aspx?id_page_parent=101\"><em>La nouvelle spiritualit\u00e9 du mieux-\u00eatre<\/em><\/a><\/h2>\n<\/li>\n<\/ul>\n<\/td>\n<\/tr>\n<tr>\n<td width=\"139\"><a href=\"https:\/\/i0.wp.com\/jeanpaulsimard.com\/wp-content\/uploads\/2016\/02\/Trousse-spirituelle-de-premiers-soins-400x599-1.jpg\"><img loading=\"lazy\" class=\" size-full wp-image-2558 alignnone\" src=\"https:\/\/i0.wp.com\/jeanpaulsimard.com\/wp-content\/uploads\/2016\/02\/Trousse-spirituelle-de-premiers-soins-400x599-1.jpg?resize=400%2C300\" alt=\"\" width=\"400\" height=\"300\" srcset=\"https:\/\/i0.wp.com\/jeanpaulsimard.com\/wp-content\/uploads\/2016\/02\/Trousse-spirituelle-de-premiers-soins-400x599-1.jpg?resize=400%2C300&amp;ssl=1 400w, https:\/\/i0.wp.com\/jeanpaulsimard.com\/wp-content\/uploads\/2016\/02\/Trousse-spirituelle-de-premiers-soins-400x599-1.jpg?resize=1%2C1&amp;ssl=1 1w\" sizes=\"(max-width: 400px) 100vw, 400px\" data-recalc-dims=\"1\" \/><\/a><\/td>\n<td width=\"593\">\n<ul>\n<li>\n<h2><em><a href=\"http:\/\/jeanpaulsimard.com\/index.php\/sample-page\/avez-vous-une-trousse-de-premiers-soins-spirituels\/\">Avez-vous une trousse spirituelle de premiers soins?<\/a><a href=\"http:\/\/jeanpaulsimard.com\/index.php\/sample-page\/avez-vous-une-trousse-de-premiers-soins-spirituels\/\">\u00a0<\/a><\/em><\/h2>\n<\/li>\n<\/ul>\n<\/td>\n<\/tr>\n<tr>\n<td width=\"139\"><a href=\"https:\/\/i0.wp.com\/jeanpaulsimard.com\/wp-content\/uploads\/2015\/07\/Rena\u00eetre-e1437275974495.jpg\"><img loading=\"lazy\" class=\"size-full wp-image-41 alignnone\" src=\"https:\/\/i0.wp.com\/jeanpaulsimard.com\/wp-content\/uploads\/2015\/07\/Rena\u00eetre-e1437275974495.jpg?resize=160%2C241\" alt=\"\" width=\"160\" height=\"241\" data-recalc-dims=\"1\" \/><\/a><\/td>\n<td width=\"593\">\n<ul>\n<li>\n<h2><strong><a href=\"http:\/\/jeanpaulsimard.com\/index.php\/sample-page\/renaitre-des-pertes-de-la-vie\/\"><em>Rena\u00eetre des pertes de la vie<\/em><\/a><\/strong><\/h2>\n<\/li>\n<\/ul>\n<\/td>\n<\/tr>\n<tr>\n<td width=\"139\"><a href=\"https:\/\/i1.wp.com\/jeanpaulsimard.com\/wp-content\/uploads\/2015\/07\/Gu\u00e9rir-e1437276029175.jpg\"><img loading=\"lazy\" class=\"size-full wp-image-39\" src=\"https:\/\/i1.wp.com\/jeanpaulsimard.com\/wp-content\/uploads\/2015\/07\/Gu\u00e9rir-e1437276029175.jpg?resize=160%2C239\" alt=\"\" width=\"160\" height=\"239\" data-recalc-dims=\"1\" \/><\/a><\/td>\n<td width=\"593\">\n<ul>\n<li>\n<h2><strong><em><a href=\"http:\/\/jeanpaulsimard.com\/index.php\/sample-page\/guerir-par-la-foi-lamour-la-priere\/\">Gu\u00e9rir par la foi, l&rsquo;amour, la pri\u00e8re<\/a><\/em><\/strong><\/h2>\n<\/li>\n<\/ul>\n<\/td>\n<\/tr>\n<tr>\n<td width=\"139\"><a href=\"https:\/\/i0.wp.com\/jeanpaulsimard.com\/wp-content\/uploads\/2015\/07\/QueFaireQuandLaSouffrance-e1437276065984.jpg\"><img loading=\"lazy\" class=\"size-full wp-image-76\" src=\"https:\/\/i0.wp.com\/jeanpaulsimard.com\/wp-content\/uploads\/2015\/07\/QueFaireQuandLaSouffrance-e1437276065984.jpg?resize=160%2C213\" alt=\"\" width=\"160\" height=\"213\" data-recalc-dims=\"1\" \/><\/a><\/td>\n<td width=\"593\">\n<ul>\n<li>\n<h2><strong><em><a href=\"http:\/\/jeanpaulsimard.com\/index.php\/sample-page\/que-faire-quand-la-souffrance-et-la-maladie-frappent-a-notre-porte\/\">Que faire quand la souffrance et la maladie frappent \u00e0 notre porte<\/a> ?<\/em><\/strong><\/h2>\n<\/li>\n<\/ul>\n<\/td>\n<\/tr>\n<tr>\n<td width=\"139\"><a href=\"https:\/\/i2.wp.com\/jeanpaulsimard.com\/wp-content\/uploads\/2015\/07\/Lautre-voie-e1437276122403.jpg\"><img loading=\"lazy\" class=\"  wp-image-40 alignnone\" src=\"https:\/\/i1.wp.com\/jeanpaulsimard.com\/wp-content\/uploads\/2015\/07\/Lautre-voie.jpg?resize=229%2C353\" alt=\"\" width=\"229\" height=\"353\" data-recalc-dims=\"1\" \/><\/a><\/td>\n<td width=\"593\">\n<ul>\n<li>\n<h2><strong><em><a href=\"http:\/\/jeanpaulsimard.com\/index.php\/sample-page\/lautre-voie-de-guerison\/\">L&rsquo;autre voie de gu\u00e9rison<\/a><\/em><\/strong><\/h2>\n<\/li>\n<\/ul>\n<\/td>\n<\/tr>\n<tr>\n<td width=\"139\"><a href=\"https:\/\/i2.wp.com\/jeanpaulsimard.com\/wp-content\/uploads\/2015\/07\/PelerinageAuxSources-e1437276173186.jpg\"><img loading=\"lazy\" class=\" size-full wp-image-75 alignnone\" src=\"https:\/\/i2.wp.com\/jeanpaulsimard.com\/wp-content\/uploads\/2015\/07\/PelerinageAuxSources-e1437276173186.jpg?resize=160%2C240\" alt=\"\" width=\"160\" height=\"240\" data-recalc-dims=\"1\" \/><\/a><\/td>\n<td width=\"593\">\n<ul>\n<li>\n<h2><strong><em><a href=\"http:\/\/jeanpaulsimard.com\/index.php\/sample-page\/pelerinage-aux-sources-de-la-vie\/\">P\u00e8lerinage aux sources de la vie<\/a><\/em><\/strong><\/h2>\n<\/li>\n<\/ul>\n<\/td>\n<\/tr>\n<tr>\n<td width=\"139\">\n<h2><a href=\"https:\/\/i2.wp.com\/jeanpaulsimard.com\/wp-content\/uploads\/2015\/07\/Renouer-avec-Dieu-e1437275357782.jpg\"><img loading=\"lazy\" class=\" size-full wp-image-21 alignnone\" src=\"https:\/\/i2.wp.com\/jeanpaulsimard.com\/wp-content\/uploads\/2015\/07\/Renouer-avec-Dieu-e1437275357782.jpg?resize=180%2C241\" alt=\"\" width=\"180\" height=\"241\" data-recalc-dims=\"1\" \/><\/a><\/h2>\n<\/td>\n<td width=\"593\">\n<ul>\n<li>\n<h2><strong><em><a href=\"http:\/\/jeanpaulsimard.com\/index.php\/sample-page\/renouer-avec-dieu\/\">Renouer avec Dieu<\/a><\/em><\/strong><\/h2>\n<\/li>\n<\/ul>\n<\/td>\n<\/tr>\n<tr>\n<td width=\"139\">\n<h2><a href=\"https:\/\/i2.wp.com\/jeanpaulsimard.com\/wp-content\/uploads\/2015\/07\/Ephata-e1437276243675.jpg\"><img loading=\"lazy\" class=\" size-full wp-image-72 alignnone\" src=\"https:\/\/i2.wp.com\/jeanpaulsimard.com\/wp-content\/uploads\/2015\/07\/Ephata-e1437276243675.jpg?resize=160%2C240\" alt=\"\" width=\"160\" height=\"240\" data-recalc-dims=\"1\" \/><\/a><\/h2>\n<\/td>\n<td width=\"593\">\n<ul>\n<li>\n<h2><strong><em><a href=\"http:\/\/jeanpaulsimard.com\/index.php\/sample-page\/ephata-la-spiritualite-du-coeur\/\">EPHATA La spiritualit\u00e9 du coeur<\/a><\/em><\/strong><\/h2>\n<\/li>\n<\/ul>\n<\/td>\n<\/tr>\n<tr>\n<td width=\"139\">\n<h2><a href=\"https:\/\/i2.wp.com\/jeanpaulsimard.com\/wp-content\/uploads\/2015\/07\/Guide-savoir-\u00e9crire-e1437276278768.png\"><img loading=\"lazy\" class=\" size-large wp-image-225 alignnone\" src=\"https:\/\/i2.wp.com\/jeanpaulsimard.com\/wp-content\/uploads\/2015\/07\/Guide-savoir-\u00e9crire-e1436989242130-669x1024.png?resize=654%2C1001\" alt=\"\" width=\"654\" height=\"1001\" data-recalc-dims=\"1\" \/><\/a><\/h2>\n<\/td>\n<td width=\"593\">\n<ul>\n<li>\n<h2><strong><em><a href=\"http:\/\/jeanpaulsimard.com\/index.php\/sample-page\/guide-du-savoir-ecrire\/\">Guide du savoir-\u00e9crire<\/a><\/em><\/strong><\/h2>\n<\/li>\n<\/ul>\n<\/td>\n<\/tr>\n<\/tbody>\n<\/table>\n<div class=\"sharedaddy sd-sharing-enabled\"><div class=\"robots-nocontent sd-block sd-social sd-social-icon-text sd-sharing\"><h3 class=\"sd-title\">Partager\u00a0:<\/h3><div class=\"sd-content\"><ul><li class=\"share-facebook\"><a rel=\"nofollow noopener noreferrer\" data-shared=\"sharing-facebook-2\" class=\"share-facebook sd-button share-icon\" href=\"https:\/\/jeanpaulsimard.com\/index.php\/sample-page\/?share=facebook\" target=\"_blank\" title=\"Cliquez pour partager sur Facebook\"><span>Facebook<\/span><\/a><\/li><li class=\"share-twitter\"><a rel=\"nofollow noopener noreferrer\" data-shared=\"sharing-twitter-2\" class=\"share-twitter sd-button share-icon\" href=\"https:\/\/jeanpaulsimard.com\/index.php\/sample-page\/?share=twitter\" target=\"_blank\" title=\"Cliquez pour partager sur Twitter\"><span>Twitter<\/span><\/a><\/li><li class=\"share-linkedin\"><a rel=\"nofollow noopener noreferrer\" data-shared=\"sharing-linkedin-2\" class=\"share-linkedin sd-button share-icon\" href=\"https:\/\/jeanpaulsimard.com\/index.php\/sample-page\/?share=linkedin\" target=\"_blank\" title=\"Cliquez pour partager sur LinkedIn\"><span>LinkedIn<\/span><\/a><\/li><li class=\"share-pinterest\"><a rel=\"nofollow noopener noreferrer\" data-shared=\"sharing-pinterest-2\" class=\"share-pinterest sd-button share-icon\" href=\"https:\/\/jeanpaulsimard.com\/index.php\/sample-page\/?share=pinterest\" target=\"_blank\" title=\"Cliquez pour partager sur Pinterest\"><span>Pinterest<\/span><\/a><\/li><li class=\"share-email\"><a rel=\"nofollow noopener noreferrer\" data-shared=\"\" class=\"share-email sd-button share-icon\" href=\"https:\/\/jeanpaulsimard.com\/index.php\/sample-page\/?share=email\" target=\"_blank\" title=\"Cliquez pour envoyer par e-mail \u00e0 un ami\"><span>E-mail<\/span><\/a><\/li><li class=\"share-print\"><a rel=\"nofollow noopener noreferrer\" data-shared=\"\" class=\"share-print sd-button share-icon\" href=\"https:\/\/jeanpaulsimard.com\/index.php\/sample-page\/\" target=\"_blank\" title=\"Cliquer pour imprimer\"><span>Imprimer<\/span><\/a><\/li><li class=\"share-end\"><\/li><\/ul><\/div><\/div><\/div>","protected":false},"excerpt":{"rendered":"<p>Je suis confiant que vous vous trouverez dans ces livres une nourriture pour l&rsquo;esprit, le\u00a0c\u0153ur\u00a0et l&rsquo;\u00e2me. Vient de para\u00eetre :\u00a0 \u00a0 (Le livre est disponible en Europe) L&rsquo;\u00e9tonnant pouvoir de la pleine conscience L&rsquo;\u00e9tonnante th\u00e9rapie des 3R La nouvelle spiritualit\u00e9 du mieux-\u00eatre Avez-vous une trousse spirituelle de premiers soins?\u00a0 Rena\u00eetre des pertes de la vie [&hellip;]<\/p>\n<div class=\"sharedaddy sd-sharing-enabled\"><div class=\"robots-nocontent sd-block sd-social sd-social-icon-text sd-sharing\"><h3 class=\"sd-title\">Partager\u00a0:<\/h3><div class=\"sd-content\"><ul><li class=\"share-facebook\"><a rel=\"nofollow noopener noreferrer\" data-shared=\"sharing-facebook-2\" class=\"share-facebook sd-button share-icon\" href=\"https:\/\/jeanpaulsimard.com\/index.php\/sample-page\/?share=facebook\" target=\"_blank\" title=\"Cliquez pour partager sur Facebook\"><span>Facebook<\/span><\/a><\/li><li class=\"share-twitter\"><a rel=\"nofollow noopener noreferrer\" data-shared=\"sharing-twitter-2\" class=\"share-twitter sd-button share-icon\" href=\"https:\/\/jeanpaulsimard.com\/index.php\/sample-page\/?share=twitter\" target=\"_blank\" title=\"Cliquez pour partager sur Twitter\"><span>Twitter<\/span><\/a><\/li><li class=\"share-linkedin\"><a rel=\"nofollow noopener noreferrer\" data-shared=\"sharing-linkedin-2\" class=\"share-linkedin sd-button share-icon\" href=\"https:\/\/jeanpaulsimard.com\/index.php\/sample-page\/?share=linkedin\" target=\"_blank\" title=\"Cliquez pour partager sur LinkedIn\"><span>LinkedIn<\/span><\/a><\/li><li class=\"share-pinterest\"><a rel=\"nofollow noopener noreferrer\" data-shared=\"sharing-pinterest-2\" class=\"share-pinterest sd-button share-icon\" href=\"https:\/\/jeanpaulsimard.com\/index.php\/sample-page\/?share=pinterest\" target=\"_blank\" title=\"Cliquez pour partager sur Pinterest\"><span>Pinterest<\/span><\/a><\/li><li class=\"share-email\"><a rel=\"nofollow noopener noreferrer\" data-shared=\"\" class=\"share-email sd-button share-icon\" href=\"https:\/\/jeanpaulsimard.com\/index.php\/sample-page\/?share=email\" target=\"_blank\" title=\"Cliquez pour envoyer par e-mail \u00e0 un ami\"><span>E-mail<\/span><\/a><\/li><li class=\"share-print\"><a rel=\"nofollow noopener noreferrer\" data-shared=\"\" class=\"share-print sd-button share-icon\" href=\"https:\/\/jeanpaulsimard.com\/index.php\/sample-page\/\" target=\"_blank\" title=\"Cliquer pour imprimer\"><span>Imprimer<\/span><\/a><\/li><li class=\"share-end\"><\/li><\/ul><\/div><\/div><\/div>","protected":false},"author":1,"featured_media":0,"parent":0,"menu_order":2,"comment_status":"closed","ping_status":"closed","template":"","meta":{"spay_email":""},"jetpack_sharing_enabled":true,"jetpack_shortlink":"https:\/\/wp.me\/P6sIY6-2","jetpack-related-posts":[{"id":93,"url":"https:\/\/jeanpaulsimard.com\/index.php\/sample-page\/la-concentration-creatrice\/","url_meta":{"origin":2,"position":0},"title":"La concentration cr\u00e9atrice","date":"11 juillet 2015","format":false,"excerpt":"Un ouvrage de RESSOURCEMENT. Un RETOUR AUX SOURCES \u00a0La psychologie moderne a confirm\u00e9 les possibilit\u00e9s presque sans limites de l'esprit et du corps lorsque toutes leurs forces se concentrent en un seul point : soi-m\u00eame, un sentiment, une id\u00e9e, un id\u00e9al. Les sages orientaux ont pour leur part fait de\u2026","rel":"","context":"Article similaire","img":{"alt_text":"","src":"","width":0,"height":0},"classes":[]},{"id":19,"url":"https:\/\/jeanpaulsimard.com\/","url_meta":{"origin":2,"position":1},"title":"Trouvez ici ce que vous cherchez","date":"10 juillet 2015","format":false,"excerpt":"\"Pour son accomplissement, l'homme n'a pas besoin de perfection mais de pl\u00e9nitude. \" (Carl Jung) Nouveaut\u00e9 E N\u00a0 L I B R A I R I E\u00a0 Ce livre propose des m\u00e9thodes pour se lib\u00e9rer des pens\u00e9es envahissantes, n\u00e9gatives ou toxiques qui perturbent la paix int\u00e9rieure. Il aide \u00e0 reconna\u00eetre,\u2026","rel":"","context":"Article similaire","img":{"alt_text":"","src":"https:\/\/i0.wp.com\/jeanpaulsimard.com\/wp-content\/uploads\/2025\/10\/3484003c-2c7c-466a-b252-8def88ede4b9.jpg?resize=350%2C200","width":350,"height":200},"classes":[]},{"id":3824,"url":"https:\/\/jeanpaulsimard.com\/index.php\/politique-de-confidentialite\/","url_meta":{"origin":2,"position":2},"title":"Politique de confidentialit\u00e9","date":"5 f\u00e9vrier 2019","format":false,"excerpt":"Qui sommes-nous\u00a0? L\u2019adresse de notre site Web est\u00a0: http:\/\/jeanpaulsimard.com. Utilisation des donn\u00e9es personnelles collect\u00e9es Commentaires Quand vous laissez un commentaire sur notre site web, les donn\u00e9es inscrites dans le formulaire de commentaire, mais aussi votre adresse IP et l\u2019agent utilisateur de votre navigateur sont collect\u00e9s pour nous aider \u00e0 la\u2026","rel":"","context":"Article similaire","img":{"alt_text":"","src":"","width":0,"height":0},"classes":[]},{"id":13,"url":"https:\/\/jeanpaulsimard.com\/index.php\/articles\/","url_meta":{"origin":2,"position":3},"title":"Ma source","date":"10 juillet 2015","format":false,"excerpt":"\u00a0 Une source de croissance humaine et spirituelle Vous trouverez ci-apr\u00e8s une s\u00e9rie d'articles que j'ai \u00e9crits pour divers magazines sur la recherche du \u00abmieux-\u00eatre\u00bb.\u00a0 \u00a0 Articles parus dans\u00a0le magazine Vivre\u00a0\u00a0 Cliquez sur le titre de l'article ci-dessous\u00a0: \u00catre ou ne pas \u00eatre l\u00e0, voil\u00e0 la question.Leader avec \u00e2me demand\u00e9\u2026","rel":"","context":"Article similaire","img":{"alt_text":"","src":"https:\/\/i1.wp.com\/jeanpaulsimard.com\/wp-content\/uploads\/2015\/07\/meditation-pleine-conscience-640x358.jpg?resize=350%2C200","width":350,"height":200},"classes":[]},{"id":47,"url":"https:\/\/jeanpaulsimard.com\/index.php\/sample-page\/renouer-avec-dieu\/","url_meta":{"origin":2,"position":4},"title":"Renouer avec Dieu","date":"11 juillet 2015","format":false,"excerpt":"PEUT-ON ALLER \u00c0 DIEU SANS PASSER PAR LA RELIGION Vous n\u2019avez pas le c\u0153ur \u00e0 entrer dans une \u00e9glise, mais vous sentez un appel \u00e0 la spiritualit\u00e9. Vous \u00e9prouvez le besoin d'une vie moins superficielle? Vous voulez combler votre \u00abvide\u00bb int\u00e9rieur? Vous d\u00e9sirez communiquer avec le \u00abnoyau spirituel\u00bb de votre\u2026","rel":"","context":"Article similaire","img":{"alt_text":"","src":"https:\/\/i0.wp.com\/jeanpaulsimard.com\/wp\/wp-content\/uploads\/2015\/07\/Renouer-avec-Dieu-224x300.jpg?resize=350%2C200","width":350,"height":200},"classes":[]},{"id":193,"url":"https:\/\/jeanpaulsimard.com\/index.php\/sample-page\/avez-vous-une-trousse-de-premiers-soins-spirituels\/","url_meta":{"origin":2,"position":5},"title":"Avez-vous une trousse spirituelle de premiers soins ?","date":"14 juillet 2015","format":false,"excerpt":"TROUSSE SPIRITUELLE DE PREMIERS SOINS ... VIENT DE PARA\u00ceTRE AUX \u00c9DITIONS M\u00c9DIASPAUL (CANADA \/ FRANCE \/ EUROPE) \u00a0[Maintenant disponible en Europe] Fiche technique du livre : http:\/\/mediaspaul.qc.ca\/catalogue\/trousse-spirituelle-de-premiers-soins-8845 Recens\u00e9 par le journal LE DEVOIR : http:\/\/www.ledevoir.com\/societe\/ethique-et-religion\/466331\/trousse-spirituelle-de-premiers-soins Le livre existe aussi en format num\u00e9rique (PDF et ePub) L'ID\u00c9E D'\u00c9CRIRE CE LIVRE m'est\u2026","rel":"","context":"Article similaire","img":{"alt_text":"MP_Trousse spirituelle_quatrieme_01","src":"https:\/\/i1.wp.com\/jeanpaulsimard.com\/wp-content\/uploads\/2015\/07\/MP_Trousse-spirituelle_quatrieme_01-1024x747.jpg?resize=350%2C200","width":350,"height":200},"classes":[]}],"_links":{"self":[{"href":"https:\/\/jeanpaulsimard.com\/index.php\/wp-json\/wp\/v2\/pages\/2"}],"collection":[{"href":"https:\/\/jeanpaulsimard.com\/index.php\/wp-json\/wp\/v2\/pages"}],"about":[{"href":"https:\/\/jeanpaulsimard.com\/index.php\/wp-json\/wp\/v2\/types\/page"}],"author":[{"embeddable":true,"href":"https:\/\/jeanpaulsimard.com\/index.php\/wp-json\/wp\/v2\/users\/1"}],"replies":[{"embeddable":true,"href":"https:\/\/jeanpaulsimard.com\/index.php\/wp-json\/wp\/v2\/comments?post=2"}],"version-history":[{"count":42,"href":"https:\/\/jeanpaulsimard.com\/index.php\/wp-json\/wp\/v2\/pages\/2\/revisions"}],"predecessor-version":[{"id":4502,"href":"https:\/\/jeanpaulsimard.com\/index.php\/wp-json\/wp\/v2\/pages\/2\/revisions\/4502"}],"wp:attachment":[{"href":"https:\/\/jeanpaulsimard.com\/index.php\/wp-json\/wp\/v2\/media?parent=2"}],"curies":[{"name":"wp","href":"https:\/\/api.w.org\/{rel}","templated":true}]}}