{"id":193,"date":"2015-07-14T21:28:05","date_gmt":"2015-07-15T01:28:05","guid":{"rendered":"http:\/\/jeanpaulsimard.com\/?page_id=193"},"modified":"2016-05-12T08:44:55","modified_gmt":"2016-05-12T12:44:55","slug":"avez-vous-une-trousse-de-premiers-soins-spirituels","status":"publish","type":"page","link":"https:\/\/jeanpaulsimard.com\/index.php\/sample-page\/avez-vous-une-trousse-de-premiers-soins-spirituels\/","title":{"rendered":"Avez-vous une trousse spirituelle de premiers soins ?"},"content":{"rendered":"<h2><strong><span class=\"ecxapple-converted-space\"><span style=\"font-family: 'Arial Unicode MS';\"><a href=\"https:\/\/i2.wp.com\/jeanpaulsimard.com\/wp-content\/uploads\/2015\/07\/MP_Trousse-spirituelle_quatrieme_01.jpg\" rel=\"attachment wp-att-2354\"><img loading=\"lazy\" class=\"size-large wp-image-2354 aligncenter\" src=\"https:\/\/i2.wp.com\/jeanpaulsimard.com\/wp-content\/uploads\/2015\/07\/MP_Trousse-spirituelle_quatrieme_01.jpg?resize=654%2C477\" alt=\"MP_Trousse spirituelle_quatrieme_01\" width=\"654\" height=\"477\" srcset=\"https:\/\/i2.wp.com\/jeanpaulsimard.com\/wp-content\/uploads\/2015\/07\/MP_Trousse-spirituelle_quatrieme_01.jpg?resize=1024%2C747&amp;ssl=1 1024w, https:\/\/i2.wp.com\/jeanpaulsimard.com\/wp-content\/uploads\/2015\/07\/MP_Trousse-spirituelle_quatrieme_01.jpg?resize=300%2C219&amp;ssl=1 300w, https:\/\/i2.wp.com\/jeanpaulsimard.com\/wp-content\/uploads\/2015\/07\/MP_Trousse-spirituelle_quatrieme_01.jpg?resize=768%2C560&amp;ssl=1 768w, https:\/\/i2.wp.com\/jeanpaulsimard.com\/wp-content\/uploads\/2015\/07\/MP_Trousse-spirituelle_quatrieme_01.jpg?resize=1%2C1&amp;ssl=1 1w, https:\/\/i2.wp.com\/jeanpaulsimard.com\/wp-content\/uploads\/2015\/07\/MP_Trousse-spirituelle_quatrieme_01.jpg?w=1308 1308w, https:\/\/i2.wp.com\/jeanpaulsimard.com\/wp-content\/uploads\/2015\/07\/MP_Trousse-spirituelle_quatrieme_01.jpg?w=1962 1962w\" sizes=\"(max-width: 654px) 100vw, 654px\" data-recalc-dims=\"1\" \/><\/a><span style=\"color: #ff9900;\"><em>TROUSSE SPIRITUELLE DE PREMIERS SOINS <\/em><\/span><\/span><\/span><\/strong><\/h2>\n<h2><span style=\"color: #ffcc00;\">&#8230; VIENT DE PARA\u00ceTRE AUX \u00c9DITIONS M\u00c9DIASPAUL (CANADA \/ FRANCE \/ EUROPE)<\/span><\/h2>\n<h2 style=\"text-align: center;\">\u00a0<span style=\"color: #ffcc00;\">[Maintenant disponible en Europe]<\/span><\/h2>\n<h2><span style=\"color: #00ff00;\">Fiche technique du livre :<\/span><\/h2>\n<h2><span style=\"color: #00ffff;\"><em><a style=\"color: #00ffff;\" href=\"http:\/\/mediaspaul.qc.ca\/catalogue\/trousse-spirituelle-de-premiers-soins-8845\">http:\/\/mediaspaul.qc.ca\/catalogue\/trousse-spirituelle-de-premiers-soins-8845<\/a><\/em><\/span><\/h2>\n<h2><span style=\"color: #00ff00;\">Recens\u00e9 par le journal LE DEVOIR :<\/span><\/h2>\n<h2><span style=\"color: #00ffff;\"><em><a style=\"color: #00ffff;\" href=\"http:\/\/www.ledevoir.com\/societe\/ethique-et-religion\/466331\/trousse-spirituelle-de-premiers-soins\">http:\/\/www.ledevoir.com\/societe\/ethique-et-religion\/466331\/trousse-spirituelle-de-premiers-soins<\/a><\/em><\/span><\/h2>\n<h2><span style=\"color: #ffcc00;\"><strong>Le livre existe aussi en format num\u00e9rique (PDF et ePub)<\/strong><\/span><\/h2>\n<hr \/>\n<h3><\/h3>\n<h3><\/h3>\n<h2><span style=\"color: #00ffff;\">L&rsquo;ID\u00c9E D&rsquo;\u00c9CRIRE CE LIVRE <span style=\"color: #99ccff;\">m&rsquo;est venue \u00e0 la suite d&rsquo;un article que j&rsquo;ai publi\u00e9 dans une revue. Il s&rsquo;intitulait : <i>\u00abAvez-vous une trousse spirituelle de premiers soins?\u00bb<\/i> \u00c0 la fin de mon texte, j&rsquo;invitais les lecteurs \u00e0 me partager leur propre trousse spirituelle.<\/span><\/span><\/h2>\n<h2 class=\"ecxMsoNormal\" align=\"justify\"><span style=\"color: #99ccff;\">Quelques-uns l&rsquo;ont fait, d&rsquo;autres ont pr\u00e9f\u00e9r\u00e9 me parler de leur probl\u00e9matique existentielle : v\u00e9cu difficile, \u00e9preuve, chagrin, angoisse, d\u00e9tresse. Plusieurs insistaient sur le fait que leur malheur \u00e9tait arriv\u00e9 de fa\u00e7on impromptue dans leur vie et qu&rsquo;ils se sentaient d\u00e9stabilis\u00e9s, perdus. C\u2019est l\u00e0 que j&rsquo;ai pris conscience qu&rsquo;un livre sur le sujet pouvait r\u00e9pondre \u00e0 un r\u00e9el besoin. Prenant comme point de d\u00e9part mon article, j&rsquo;en ai enrichi consid\u00e9rablement le contenu pour lui donner les dimensions d&rsquo;un livre. Un petit livre, toutefois, car mon but n&rsquo;\u00e9tait pas d&rsquo;offrir une pharmacie spirituelle, mais seulement une trousse de premiers soins. Aussi me suis-je limit\u00e9 \u00e0 l&rsquo;essentiel, concentrant mon propos sur trois valeurs que j&rsquo;estime les plus aptes \u00e0 aider une personne qui se voit confront\u00e9e \u00e0 l\u2019\u00e9preuve.<\/span><\/h2>\n<h2><\/h2>\n<hr \/>\n<h2 class=\"ecxMsoNormal\" align=\"justify\"><span style=\"color: #00ffff;\">QUE FAIT-ON LORSQUE<\/span> <span style=\"color: #99ccff;\">le corps est malade ou bless\u00e9? On cherche instinctivement des rem\u00e8des pour le soigner. On puise alors dans la pharmacie familiale, ou encore dans la trousse de premiers soins. Mais qu\u2019arrive-t-il quand la vie nous \u00e9prouve, qu&rsquo;un \u00e9v\u00e9nement inqui\u00e9tant, troublant, bouleversant surgit, souvent sans avertissement? Nous nous retrouvons d\u00e9sorient\u00e9s, sans points de rep\u00e8re, plong\u00e9s comme dans une sorte de vertige. Comment alors \u00abnaviguer dans le torrent de la vie\u00bb ?<\/span><\/h2>\n<h2 class=\"ecxMsoNormal\" align=\"justify\"><span style=\"color: #99ccff;\">Ma trousse spirituelle de premiers soins repose sur trois valeurs fortes, des valeurs <i>sources<\/i> capables de transcender et de modifier toute notre vie. Ce sont des valeurs \u00e0 la fois humaines et spirituelles. Elles tiennent dans trois mots: <i>CROIRE, ESP\u00c9RER, AIMER.<\/i><\/span><\/h2>\n<h2 class=\"ecxMsoNormal\" align=\"justify\"><span style=\"color: #99ccff;\"><span style=\"color: #00ffff;\">\u00c0 CES TROIS VALEURS<\/span>, je rattache une pratique spirituelle \u00e0 laquelle on recourt volontiers quand vient le temps de l&rsquo;\u00e9preuve : <i>PRIER<\/i>.<\/span><\/h2>\n<h2 class=\"ecxMsoNormal\" align=\"justify\"><span style=\"color: #99ccff;\">Ces valeurs sont souvent les seules capables de donner le \u00absurplus d&rsquo;\u00e2me\u00bb n\u00e9cessaire pour faire face aux difficult\u00e9s de la vie. Pour employer une m\u00e9taphore de la sant\u00e9, on peut dire que ce sont des m\u00e9dicaments puissants. Non seulement ils fortifient la personne, mais souvent la gu\u00e9rissent.<\/span><\/h2>\n<p>&nbsp;<\/p>\n<hr \/>\n<h3 class=\"ecxMsoNormal\" align=\"justify\"><\/h3>\n<h2><span style=\"color: #ffcc00;\">Comment se procurer cet ouvrage ? Consultez le lien suivant :<\/span><\/h2>\n<h2><span style=\"color: #00ffff;\"><em><a style=\"color: #00ffff;\" href=\"http:\/\/mediaspaul.qc.ca\/catalogue\/trousse-spirituelle-de-premiers-soins-8845\">http:\/\/mediaspaul.qc.ca\/catalogue\/trousse-spirituelle-de-premiers-soins-8845<\/a><\/em><\/span><\/h2>\n<h2><span style=\"color: #99cc00;\">Au besoin, demandez \u00e0 votre libraire de vous le commander.<\/span><\/h2>\n<p>&nbsp;<\/p>\n<hr \/>\n<h2><span style=\"color: #ffcc00;\">\u00a0VOICI UN COMMENTAIRE :<\/span><\/h2>\n<blockquote>\n<h2><span style=\"color: #ccffff;\"><strong>Je viens de recevoir le nouveau livre de\u00a0Jean-Paul Simard intitul\u00e9 \u00abTrousse spirituelle de premiers soins\u00bb. 118 pages, gros caract\u00e8res. Un bijou !!! J&rsquo;ai commenc\u00e9 \u00e0 le d\u00e9vorer et surtout \u00e0 l&rsquo;assimiler pour apprendre \u00e0 CROIRE, ESP\u00c9RER ET AIMER, trois attitudes \u00e0 la fois humaines et spirituelles \u2026 et&#8230;. PRIER. Je serai pr\u00eate quand une souffrance surviendra&#8230;<\/strong><\/span><\/h2>\n<h2><span style=\"color: #ccffff;\"><strong>Je suis \u00e0 m\u00e9diter ce pr\u00e9cieux livre. Je pense que je vais apprendre le chapitre de la pri\u00e8re par c\u0153ur&#8230;\u00ab Viens Esprit de Lumi\u00e8re, Esprit de force Esprit de Paix&#8230;..\u00bb C&rsquo;est miraculeux \u00ab\u00a0<\/strong><\/span><\/h2>\n<h2><span style=\"color: #ccffff;\"><strong>Merci Jean-Paul<\/strong><\/span><\/h2>\n<\/blockquote>\n<h2><span style=\"color: #99ccff;\">\u00a0 \u00a0 \u00a0 H\u00e9l\u00e8ne D. (Magog)<\/span><\/h2>\n<blockquote><p>&nbsp;<\/p>\n<hr \/>\n<h3><\/h3>\n<\/blockquote>\n<h2><span style=\"color: #ffcc00;\">EN COMPL\u00c9MENT :<\/span><\/h2>\n<h2><em><span style=\"color: #ff9900;\"><a style=\"color: #ff9900;\" href=\"http:\/\/jeanpaulsimard.com\/index.php\/sample-page\/que-faire-quand-la-souffrance-et-la-maladie-frappent-a-notre-porte\/\">http:\/\/jeanpaulsimard.com\/index.php\/sample-page\/que-faire-quand-la-souffrance-et-la-maladie-frappent-a-notre-porte\/<\/a><\/span><\/em><\/h2>\n<h2><em><span style=\"color: #ffcc00;\"><a style=\"color: #ffcc00;\" href=\"http:\/\/jeanpaulsimard.com\/index.php\/2015\/10\/28\/la-spiritualite-peut-elle-aider-a-guerir\/\">http:\/\/jeanpaulsimard.com\/index.php\/2015\/10\/28\/la-spiritualite-peut-elle-aider-a-guerir\/<\/a><\/span><\/em><\/h2>\n<h2><em><span style=\"color: #00ffff;\"><a style=\"color: #00ffff;\" href=\"http:\/\/jeanpaulsimard.com\/index.php\/sample-page\/renaitre-des-pertes-de-la-vie\/\">http:\/\/jeanpaulsimard.com\/index.php\/sample-page\/renaitre-des-pertes-de-la-vie\/<\/a><\/span><\/em><\/h2>\n<h2><em><span style=\"color: #ff9900;\"><a style=\"color: #ff9900;\" href=\"http:\/\/jeanpaulsimard.com\/index.php\/2015\/09\/27\/dieu-peut-il-nous-guerir-dune-maladie-2\">http:\/\/jeanpaulsimard.com\/index.php\/2015\/09\/27\/dieu-peut-il-nous-guerir-dune-maladie-2<\/a><\/span><\/em><\/h2>\n<h2><span style=\"color: #ffcc00;\"><a style=\"color: #ffcc00;\" href=\"http:\/\/jeanpaulsimard.com\/index.php\/2015\/07\/22\/lagapetherapie\/\">http:\/\/jeanpaulsimard.com\/index.php\/2015\/07\/22\/lagapetherapie\/<\/a><\/span><\/h2>\n<h2><span style=\"color: #ff9900;\"><em><a style=\"color: #ff9900;\" href=\"http:\/\/jeanpaulsimard.com\/index.php\/2015\/08\/16\/comment-prier-voici-une-priere-universelle\">http:\/\/jeanpaulsimard.com\/index.php\/2015\/08\/16\/comment-prier-voici-une-priere-universelle<\/a>\/<\/em><\/span><\/h2>\n<p>&nbsp;<\/p>\n<hr \/>\n<h2><\/h2>\n<p>&nbsp;<\/p>\n<h2><span style=\"color: #ffcc00;\"><strong><em>Cet article vous a plu ? Abonnez-vous \u00e0 mon BLOGUE\u2026 et au besoin partagez-le\u2026<\/em><\/strong><\/span><\/h2>\n<h2><span style=\"color: #ffcc00;\"><strong>(Abonnez-vous au bas de la page en laissant votre adresse courriel)<\/strong><\/span><\/h2>\n<h2><span style=\"color: #ffcc00;\"><strong>\u00a0<\/strong><\/span><\/h2>\n<h3><\/h3>\n<div class=\"sharedaddy sd-sharing-enabled\"><div class=\"robots-nocontent sd-block sd-social sd-social-icon-text sd-sharing\"><h3 class=\"sd-title\">Partager\u00a0:<\/h3><div class=\"sd-content\"><ul><li class=\"share-facebook\"><a rel=\"nofollow noopener noreferrer\" data-shared=\"sharing-facebook-193\" class=\"share-facebook sd-button share-icon\" href=\"https:\/\/jeanpaulsimard.com\/index.php\/sample-page\/avez-vous-une-trousse-de-premiers-soins-spirituels\/?share=facebook\" target=\"_blank\" title=\"Cliquez pour partager sur Facebook\"><span>Facebook<\/span><\/a><\/li><li class=\"share-twitter\"><a rel=\"nofollow noopener noreferrer\" data-shared=\"sharing-twitter-193\" class=\"share-twitter sd-button share-icon\" href=\"https:\/\/jeanpaulsimard.com\/index.php\/sample-page\/avez-vous-une-trousse-de-premiers-soins-spirituels\/?share=twitter\" target=\"_blank\" title=\"Cliquez pour partager sur Twitter\"><span>Twitter<\/span><\/a><\/li><li class=\"share-linkedin\"><a rel=\"nofollow noopener noreferrer\" data-shared=\"sharing-linkedin-193\" class=\"share-linkedin sd-button share-icon\" href=\"https:\/\/jeanpaulsimard.com\/index.php\/sample-page\/avez-vous-une-trousse-de-premiers-soins-spirituels\/?share=linkedin\" target=\"_blank\" title=\"Cliquez pour partager sur LinkedIn\"><span>LinkedIn<\/span><\/a><\/li><li class=\"share-pinterest\"><a rel=\"nofollow noopener noreferrer\" data-shared=\"sharing-pinterest-193\" class=\"share-pinterest sd-button share-icon\" href=\"https:\/\/jeanpaulsimard.com\/index.php\/sample-page\/avez-vous-une-trousse-de-premiers-soins-spirituels\/?share=pinterest\" target=\"_blank\" title=\"Cliquez pour partager sur Pinterest\"><span>Pinterest<\/span><\/a><\/li><li class=\"share-email\"><a rel=\"nofollow noopener noreferrer\" data-shared=\"\" class=\"share-email sd-button share-icon\" href=\"https:\/\/jeanpaulsimard.com\/index.php\/sample-page\/avez-vous-une-trousse-de-premiers-soins-spirituels\/?share=email\" target=\"_blank\" title=\"Cliquez pour envoyer par e-mail \u00e0 un ami\"><span>E-mail<\/span><\/a><\/li><li class=\"share-print\"><a rel=\"nofollow noopener noreferrer\" data-shared=\"\" class=\"share-print sd-button share-icon\" href=\"https:\/\/jeanpaulsimard.com\/index.php\/sample-page\/avez-vous-une-trousse-de-premiers-soins-spirituels\/\" target=\"_blank\" title=\"Cliquer pour imprimer\"><span>Imprimer<\/span><\/a><\/li><li class=\"share-end\"><\/li><\/ul><\/div><\/div><\/div>","protected":false},"excerpt":{"rendered":"<p>TROUSSE SPIRITUELLE DE PREMIERS SOINS &#8230; VIENT DE PARA\u00ceTRE AUX \u00c9DITIONS M\u00c9DIASPAUL (CANADA \/ FRANCE \/ EUROPE) \u00a0[Maintenant disponible en Europe] Fiche technique du livre : http:\/\/mediaspaul.qc.ca\/catalogue\/trousse-spirituelle-de-premiers-soins-8845 Recens\u00e9 par le journal LE DEVOIR : http:\/\/www.ledevoir.com\/societe\/ethique-et-religion\/466331\/trousse-spirituelle-de-premiers-soins Le livre existe aussi en format num\u00e9rique (PDF et ePub) L&rsquo;ID\u00c9E D&rsquo;\u00c9CRIRE CE LIVRE m&rsquo;est venue \u00e0 la suite d&rsquo;un [&hellip;]<\/p>\n<div class=\"sharedaddy sd-sharing-enabled\"><div class=\"robots-nocontent sd-block sd-social sd-social-icon-text sd-sharing\"><h3 class=\"sd-title\">Partager\u00a0:<\/h3><div class=\"sd-content\"><ul><li class=\"share-facebook\"><a rel=\"nofollow noopener noreferrer\" data-shared=\"sharing-facebook-193\" class=\"share-facebook sd-button share-icon\" href=\"https:\/\/jeanpaulsimard.com\/index.php\/sample-page\/avez-vous-une-trousse-de-premiers-soins-spirituels\/?share=facebook\" target=\"_blank\" title=\"Cliquez pour partager sur Facebook\"><span>Facebook<\/span><\/a><\/li><li class=\"share-twitter\"><a rel=\"nofollow noopener noreferrer\" data-shared=\"sharing-twitter-193\" class=\"share-twitter sd-button share-icon\" href=\"https:\/\/jeanpaulsimard.com\/index.php\/sample-page\/avez-vous-une-trousse-de-premiers-soins-spirituels\/?share=twitter\" target=\"_blank\" title=\"Cliquez pour partager sur Twitter\"><span>Twitter<\/span><\/a><\/li><li class=\"share-linkedin\"><a rel=\"nofollow noopener noreferrer\" data-shared=\"sharing-linkedin-193\" class=\"share-linkedin sd-button share-icon\" href=\"https:\/\/jeanpaulsimard.com\/index.php\/sample-page\/avez-vous-une-trousse-de-premiers-soins-spirituels\/?share=linkedin\" target=\"_blank\" title=\"Cliquez pour partager sur LinkedIn\"><span>LinkedIn<\/span><\/a><\/li><li class=\"share-pinterest\"><a rel=\"nofollow noopener noreferrer\" data-shared=\"sharing-pinterest-193\" class=\"share-pinterest sd-button share-icon\" href=\"https:\/\/jeanpaulsimard.com\/index.php\/sample-page\/avez-vous-une-trousse-de-premiers-soins-spirituels\/?share=pinterest\" target=\"_blank\" title=\"Cliquez pour partager sur Pinterest\"><span>Pinterest<\/span><\/a><\/li><li class=\"share-email\"><a rel=\"nofollow noopener noreferrer\" data-shared=\"\" class=\"share-email sd-button share-icon\" href=\"https:\/\/jeanpaulsimard.com\/index.php\/sample-page\/avez-vous-une-trousse-de-premiers-soins-spirituels\/?share=email\" target=\"_blank\" title=\"Cliquez pour envoyer par e-mail \u00e0 un ami\"><span>E-mail<\/span><\/a><\/li><li class=\"share-print\"><a rel=\"nofollow noopener noreferrer\" data-shared=\"\" class=\"share-print sd-button share-icon\" href=\"https:\/\/jeanpaulsimard.com\/index.php\/sample-page\/avez-vous-une-trousse-de-premiers-soins-spirituels\/\" target=\"_blank\" title=\"Cliquer pour imprimer\"><span>Imprimer<\/span><\/a><\/li><li class=\"share-end\"><\/li><\/ul><\/div><\/div><\/div>","protected":false},"author":2,"featured_media":0,"parent":2,"menu_order":0,"comment_status":"open","ping_status":"open","template":"","meta":{"spay_email":""},"jetpack_sharing_enabled":true,"jetpack_shortlink":"https:\/\/wp.me\/P6sIY6-37","jetpack-related-posts":[{"id":2,"url":"https:\/\/jeanpaulsimard.com\/index.php\/sample-page\/","url_meta":{"origin":193,"position":0},"title":"Mes livres","date":"11 juillet 2015","format":false,"excerpt":"Je suis confiant que vous vous trouverez dans ces livres une nourriture pour l'esprit, le\u00a0c\u0153ur\u00a0et l'\u00e2me. Vient de para\u00eetre :\u00a0 \u00a0 (Le livre est disponible en Europe) L'\u00e9tonnant pouvoir de la pleine conscience L'\u00e9tonnante th\u00e9rapie des 3R La nouvelle spiritualit\u00e9 du mieux-\u00eatre Avez-vous une trousse spirituelle de premiers soins?\u00a0 Rena\u00eetre\u2026","rel":"","context":"Article similaire","img":{"alt_text":"","src":"https:\/\/i0.wp.com\/jeanpaulsimard.com\/wp-content\/uploads\/2025\/10\/3484003c-2c7c-466a-b252-8def88ede4b9.jpg?resize=350%2C200","width":350,"height":200},"classes":[]},{"id":80,"url":"https:\/\/jeanpaulsimard.com\/index.php\/videos\/","url_meta":{"origin":193,"position":1},"title":"Vid\u00e9os","date":"11 juillet 2015","format":false,"excerpt":"Je vous propose sur cette page de retrouver certaines de mes participations \u00e0 diverses \u00e9missions dont La Victoire de l'Amour. Premi\u00e8re participation\u00a0\u00e0 La Victoire de l'Amour - 14 juin 2015 Premi\u00e8re chronique - Aux matins de Dieu - 16 juillet 2016 \u00abAvez-vous une trousse spirituelle de premiers soins ?\u00bb Deuxi\u00e8me\u2026","rel":"","context":"Article similaire","img":{"alt_text":"screenshot-www.youtube.com 2015-08-01 16-00-17","src":"https:\/\/i2.wp.com\/jeanpaulsimard.com\/wp-content\/uploads\/2015\/07\/screenshot-www.youtube.com-2015-08-01-16-00-17-e1438459307308.png?resize=350%2C200","width":350,"height":200},"classes":[]},{"id":13,"url":"https:\/\/jeanpaulsimard.com\/index.php\/articles\/","url_meta":{"origin":193,"position":2},"title":"Ma source","date":"10 juillet 2015","format":false,"excerpt":"\u00a0 Une source de croissance humaine et spirituelle Vous trouverez ci-apr\u00e8s une s\u00e9rie d'articles que j'ai \u00e9crits pour divers magazines sur la recherche du \u00abmieux-\u00eatre\u00bb.\u00a0 \u00a0 Articles parus dans\u00a0le magazine Vivre\u00a0\u00a0 Cliquez sur le titre de l'article ci-dessous\u00a0: \u00catre ou ne pas \u00eatre l\u00e0, voil\u00e0 la question.Leader avec \u00e2me demand\u00e9\u2026","rel":"","context":"Article similaire","img":{"alt_text":"","src":"https:\/\/i1.wp.com\/jeanpaulsimard.com\/wp-content\/uploads\/2015\/07\/meditation-pleine-conscience-640x358.jpg?resize=350%2C200","width":350,"height":200},"classes":[]},{"id":56,"url":"https:\/\/jeanpaulsimard.com\/index.php\/sample-page\/lautre-voie-de-guerison\/","url_meta":{"origin":193,"position":3},"title":"L'autre voie de gu\u00e9rison","date":"11 juillet 2015","format":false,"excerpt":"CONNAISSEZ-VOUS LA M\u00c9DECINE DU SENS? \u00a0 \u00a0 \u00a0 \u00a0 \u00a0 \u00a0 \u00a0 \u00a0 \u00a0 \u00a0 \u00a0 \u00a0\u00abJe veux vivre!\u00bb \u00a0 COMBIEN DE FOIS ce cri peut-il sortir du c\u0153ur humain dans une vie? Combien de fois le m\u00e9decin ne l\u2019entend-il pas dans l\u2019intimit\u00e9 de son cabinet ou \u00e9manant d\u2019un lit\u2026","rel":"","context":"Article similaire","img":{"alt_text":"","src":"","width":0,"height":0},"classes":[]},{"id":17,"url":"https:\/\/jeanpaulsimard.com\/index.php\/lauteur\/","url_meta":{"origin":193,"position":4},"title":"L'auteur","date":"10 juillet 2015","format":false,"excerpt":"TITRES : \u00c9CRIVAIN, CONF\u00c9RENCIER et TH\u00c9OLOGIEN sp\u00e9cialis\u00e9 en ANTHROPOLOGIE SPIRITUELLE JEAN-PAUL SIMARD d\u00e9tient un dipl\u00f4me universitaire de 3e cycle (niveau du doctorat) en anthropologie spirituelle et th\u00e9ologie (Universit\u00e9 de Sherbrooke). Il s'int\u00e9resse particuli\u00e8rement \u00e0 la personne dans son questionnement int\u00e9rieur, dans sa recherche de r\u00e9ponses aux grandes questions existentielles portant\u2026","rel":"","context":"Avec 5 commentaires","img":{"alt_text":"","src":"https:\/\/i1.wp.com\/jeanpaulsimard.com\/wp-content\/uploads\/2015\/10\/image-FB-1.png?fit=470%2C249&ssl=1&resize=350%2C200","width":350,"height":200},"classes":[]},{"id":89,"url":"https:\/\/jeanpaulsimard.com\/index.php\/sample-page\/ephata-la-spiritualite-du-coeur\/","url_meta":{"origin":193,"position":5},"title":"EPHATA - La spiritualit\u00e9 du coeur","date":"11 juillet 2015","format":false,"excerpt":"LA SPIRITUALIT\u00c9 DE L'AVENIR SERA-T-ELLE CELLE DU C\u0152UR ? LONGTEMPS LE\u00a0C\u0152UR\u00a0 a \u00e9t\u00e9 n\u00e9glig\u00e9 en spiritualit\u00e9. En anthropologie, le c\u0153ur, c'est la profondeur, le centre. En\u00a0th\u00e9ologie patristique, le c\u0153ur, c'est le lieu de l'int\u00e9riorit\u00e9 et de l'exp\u00e9rience spirituelle et religieuse. C'est le \u00ab lieu de Dieu \u00bb, l'instance qui rend\u2026","rel":"","context":"Article similaire","img":{"alt_text":"","src":"https:\/\/i0.wp.com\/jeanpaulsimard.com\/wp\/wp-content\/uploads\/2015\/07\/Ephata-200x300.jpg?resize=350%2C200","width":350,"height":200},"classes":[]}],"_links":{"self":[{"href":"https:\/\/jeanpaulsimard.com\/index.php\/wp-json\/wp\/v2\/pages\/193"}],"collection":[{"href":"https:\/\/jeanpaulsimard.com\/index.php\/wp-json\/wp\/v2\/pages"}],"about":[{"href":"https:\/\/jeanpaulsimard.com\/index.php\/wp-json\/wp\/v2\/types\/page"}],"author":[{"embeddable":true,"href":"https:\/\/jeanpaulsimard.com\/index.php\/wp-json\/wp\/v2\/users\/2"}],"replies":[{"embeddable":true,"href":"https:\/\/jeanpaulsimard.com\/index.php\/wp-json\/wp\/v2\/comments?post=193"}],"version-history":[{"count":67,"href":"https:\/\/jeanpaulsimard.com\/index.php\/wp-json\/wp\/v2\/pages\/193\/revisions"}],"predecessor-version":[{"id":3012,"href":"https:\/\/jeanpaulsimard.com\/index.php\/wp-json\/wp\/v2\/pages\/193\/revisions\/3012"}],"up":[{"embeddable":true,"href":"https:\/\/jeanpaulsimard.com\/index.php\/wp-json\/wp\/v2\/pages\/2"}],"wp:attachment":[{"href":"https:\/\/jeanpaulsimard.com\/index.php\/wp-json\/wp\/v2\/media?parent=193"}],"curies":[{"name":"wp","href":"https:\/\/api.w.org\/{rel}","templated":true}]}}