{"id":191,"date":"2015-07-14T21:16:12","date_gmt":"2015-07-15T01:16:12","guid":{"rendered":"http:\/\/jeanpaulsimard.com\/?page_id=191"},"modified":"2016-05-09T14:14:12","modified_gmt":"2016-05-09T18:14:12","slug":"rituel-et-langage-chez-yves-theriault","status":"publish","type":"page","link":"https:\/\/jeanpaulsimard.com\/index.php\/sample-page\/rituel-et-langage-chez-yves-theriault\/","title":{"rendered":"Rituel et langage chez Yves Th\u00e9riault"},"content":{"rendered":"<h2 class=\"ecxMsoNormal\" align=\"justify\"><span style=\"font-family: 'Arial Unicode MS';\"><i><a href=\"https:\/\/i2.wp.com\/jeanpaulsimard.com\/wp\/wp-content\/uploads\/2015\/07\/Rituel-et-langage.png\"><img loading=\"lazy\" class=\"alignleft wp-image-224\" src=\"https:\/\/i0.wp.com\/jeanpaulsimard.com\/wp\/wp-content\/uploads\/2015\/07\/Rituel-et-langage-659x1024.png?resize=300%2C466\" alt=\"Rituel et langage\" width=\"300\" height=\"466\" data-recalc-dims=\"1\" \/><\/a><span style=\"color: #ccffff;\">Rituel et langage chez Yves Th\u00e9riault<\/span><\/i><span style=\"color: #ccffff;\"> s&rsquo;adresse aux professeurs et aux \u00e9tudiants des niveaux universitaire, coll\u00e9gial et secondaire. Il tient compte des th\u00e8mes d\u00e9j\u00e0 connus, mais propose une approche nouvelle de l\u2019\u00e9crivain. Les critiques, jusqu&rsquo;ici, ont surtout parl\u00e9 du primitivisme, de la sexualit\u00e9 et de la signification sociale de son \u0153uvre. L\u2019aspect le plus original, cependant, se retrouve dans l&rsquo;exp\u00e9rience du langage que vivent intens\u00e9ment ses personnages. Il y a, chez Th\u00e9riault, comme une atmosph\u00e8re de gen\u00e8se o\u00f9 la plus simple affirmation d&rsquo;existence prend une importance primordiale. Le personnage du po\u00e8te primitif devient la figure centrale de cet univers mythique des premiers contacts de l&rsquo;homme avec la parole, le \u00abmot\u00bb.<\/span><\/span><\/h2>\n<h2 class=\"ecxMsoNormal\" align=\"justify\"><span style=\"font-family: 'Arial Unicode MS'; color: #ccffff;\">Dans cette e\u0301tude accessible au public cultive\u0301 et aux e\u0301tudiants des divers niveaux post-secondaires, l&rsquo;auteur propose une approche susceptible de renouveler la lecture de l&rsquo;oeuvre de l\u2019\u00e9crivain qu\u00e9b\u00e9cois Yves The\u0301riault. Son analyse porte sur le rituel et le langage, les modes d&rsquo;expression du personnage primitif: le mot et sa fonction mythique, le geste, le rite, la piste, l&rsquo;e\u0301criture, etc. Dans sa conclusion, l&rsquo;auteur propose un fe\u0301cond<span class=\"ecxapple-converted-space\">\u00a0<\/span><span class=\"ecxshowmorelesscontentelement\">rapprochement entre Ashini, personnage-poe\u0300te de The\u0301riault et le destin du poe\u0300te que\u0301be\u0301cois (Dossier critique, p. 121-136).<\/span><\/span><\/h2>\n<div class=\"sharedaddy sd-sharing-enabled\"><div class=\"robots-nocontent sd-block sd-social sd-social-icon-text sd-sharing\"><h3 class=\"sd-title\">Partager\u00a0:<\/h3><div class=\"sd-content\"><ul><li class=\"share-facebook\"><a rel=\"nofollow noopener noreferrer\" data-shared=\"sharing-facebook-191\" class=\"share-facebook sd-button share-icon\" href=\"https:\/\/jeanpaulsimard.com\/index.php\/sample-page\/rituel-et-langage-chez-yves-theriault\/?share=facebook\" target=\"_blank\" title=\"Cliquez pour partager sur Facebook\"><span>Facebook<\/span><\/a><\/li><li class=\"share-twitter\"><a rel=\"nofollow noopener noreferrer\" data-shared=\"sharing-twitter-191\" class=\"share-twitter sd-button share-icon\" href=\"https:\/\/jeanpaulsimard.com\/index.php\/sample-page\/rituel-et-langage-chez-yves-theriault\/?share=twitter\" target=\"_blank\" title=\"Cliquez pour partager sur Twitter\"><span>Twitter<\/span><\/a><\/li><li class=\"share-linkedin\"><a rel=\"nofollow noopener noreferrer\" data-shared=\"sharing-linkedin-191\" class=\"share-linkedin sd-button share-icon\" href=\"https:\/\/jeanpaulsimard.com\/index.php\/sample-page\/rituel-et-langage-chez-yves-theriault\/?share=linkedin\" target=\"_blank\" title=\"Cliquez pour partager sur LinkedIn\"><span>LinkedIn<\/span><\/a><\/li><li class=\"share-pinterest\"><a rel=\"nofollow noopener noreferrer\" data-shared=\"sharing-pinterest-191\" class=\"share-pinterest sd-button share-icon\" href=\"https:\/\/jeanpaulsimard.com\/index.php\/sample-page\/rituel-et-langage-chez-yves-theriault\/?share=pinterest\" target=\"_blank\" title=\"Cliquez pour partager sur Pinterest\"><span>Pinterest<\/span><\/a><\/li><li class=\"share-email\"><a rel=\"nofollow noopener noreferrer\" data-shared=\"\" class=\"share-email sd-button share-icon\" href=\"https:\/\/jeanpaulsimard.com\/index.php\/sample-page\/rituel-et-langage-chez-yves-theriault\/?share=email\" target=\"_blank\" title=\"Cliquez pour envoyer par e-mail \u00e0 un ami\"><span>E-mail<\/span><\/a><\/li><li class=\"share-print\"><a rel=\"nofollow noopener noreferrer\" data-shared=\"\" class=\"share-print sd-button share-icon\" href=\"https:\/\/jeanpaulsimard.com\/index.php\/sample-page\/rituel-et-langage-chez-yves-theriault\/\" target=\"_blank\" title=\"Cliquer pour imprimer\"><span>Imprimer<\/span><\/a><\/li><li class=\"share-end\"><\/li><\/ul><\/div><\/div><\/div>","protected":false},"excerpt":{"rendered":"<p>Rituel et langage chez Yves Th\u00e9riault s&rsquo;adresse aux professeurs et aux \u00e9tudiants des niveaux universitaire, coll\u00e9gial et secondaire. Il tient compte des th\u00e8mes d\u00e9j\u00e0 connus, mais propose une approche nouvelle de l\u2019\u00e9crivain. Les critiques, jusqu&rsquo;ici, ont surtout parl\u00e9 du primitivisme, de la sexualit\u00e9 et de la signification sociale de son \u0153uvre. L\u2019aspect le plus original, [&hellip;]<\/p>\n<div class=\"sharedaddy sd-sharing-enabled\"><div class=\"robots-nocontent sd-block sd-social sd-social-icon-text sd-sharing\"><h3 class=\"sd-title\">Partager\u00a0:<\/h3><div class=\"sd-content\"><ul><li class=\"share-facebook\"><a rel=\"nofollow noopener noreferrer\" data-shared=\"sharing-facebook-191\" class=\"share-facebook sd-button share-icon\" href=\"https:\/\/jeanpaulsimard.com\/index.php\/sample-page\/rituel-et-langage-chez-yves-theriault\/?share=facebook\" target=\"_blank\" title=\"Cliquez pour partager sur Facebook\"><span>Facebook<\/span><\/a><\/li><li class=\"share-twitter\"><a rel=\"nofollow noopener noreferrer\" data-shared=\"sharing-twitter-191\" class=\"share-twitter sd-button share-icon\" href=\"https:\/\/jeanpaulsimard.com\/index.php\/sample-page\/rituel-et-langage-chez-yves-theriault\/?share=twitter\" target=\"_blank\" title=\"Cliquez pour partager sur Twitter\"><span>Twitter<\/span><\/a><\/li><li class=\"share-linkedin\"><a rel=\"nofollow noopener noreferrer\" data-shared=\"sharing-linkedin-191\" class=\"share-linkedin sd-button share-icon\" href=\"https:\/\/jeanpaulsimard.com\/index.php\/sample-page\/rituel-et-langage-chez-yves-theriault\/?share=linkedin\" target=\"_blank\" title=\"Cliquez pour partager sur LinkedIn\"><span>LinkedIn<\/span><\/a><\/li><li class=\"share-pinterest\"><a rel=\"nofollow noopener noreferrer\" data-shared=\"sharing-pinterest-191\" class=\"share-pinterest sd-button share-icon\" href=\"https:\/\/jeanpaulsimard.com\/index.php\/sample-page\/rituel-et-langage-chez-yves-theriault\/?share=pinterest\" target=\"_blank\" title=\"Cliquez pour partager sur Pinterest\"><span>Pinterest<\/span><\/a><\/li><li class=\"share-email\"><a rel=\"nofollow noopener noreferrer\" data-shared=\"\" class=\"share-email sd-button share-icon\" href=\"https:\/\/jeanpaulsimard.com\/index.php\/sample-page\/rituel-et-langage-chez-yves-theriault\/?share=email\" target=\"_blank\" title=\"Cliquez pour envoyer par e-mail \u00e0 un ami\"><span>E-mail<\/span><\/a><\/li><li class=\"share-print\"><a rel=\"nofollow noopener noreferrer\" data-shared=\"\" class=\"share-print sd-button share-icon\" href=\"https:\/\/jeanpaulsimard.com\/index.php\/sample-page\/rituel-et-langage-chez-yves-theriault\/\" target=\"_blank\" title=\"Cliquer pour imprimer\"><span>Imprimer<\/span><\/a><\/li><li class=\"share-end\"><\/li><\/ul><\/div><\/div><\/div>","protected":false},"author":2,"featured_media":0,"parent":2,"menu_order":12,"comment_status":"open","ping_status":"closed","template":"","meta":{"spay_email":""},"jetpack_sharing_enabled":true,"jetpack_shortlink":"https:\/\/wp.me\/P6sIY6-35","jetpack-related-posts":[{"id":85,"url":"https:\/\/jeanpaulsimard.com\/index.php\/sample-page\/pelerinage-aux-sources-de-la-vie\/","url_meta":{"origin":191,"position":0},"title":"P\u00e8lerinage aux sources de la vie","date":"11 juillet 2015","format":false,"excerpt":"Y a-t-il plus beau p\u00e8lerinage que de remonter \u00e0 la source de son \u00eatre et de la vie ? \u00a0 NOUS CONNAISSONS les p\u00e8lerinages vers les lieux saints, mais connaissons-nous celui qui m\u00e8ne vers nos propres sources int\u00e9rieures, d'origine \u00e0 la fois biologique et spirituelle ? Leur mise en veilleuse\u2026","rel":"","context":"Article similaire","img":{"alt_text":"","src":"https:\/\/i2.wp.com\/jeanpaulsimard.com\/wp\/wp-content\/uploads\/2015\/07\/PelerinageAuxSources-200x300.jpg?resize=350%2C200","width":350,"height":200},"classes":[]},{"id":87,"url":"https:\/\/jeanpaulsimard.com\/index.php\/sample-page\/cette-force-qui-souleve-la-vie\/","url_meta":{"origin":191,"position":1},"title":"Cette force qui soul\u00e8ve la vie !","date":"11 juillet 2015","format":false,"excerpt":"UN BEAU CADEAU \u00c0 FAIRE OU \u00c0 SE FAIRE ! QUELLES SONT LES VALEURS qui permettent de se maintenir dans l'existence quand tout s'effondre autour de soi ? Gr\u00e2ce \u00e0 ces valeurs beaucoup sont sortis de l'enfer de l'alcool, de la drogue, du jeu, du sexolisme. Des personnes atteintes de\u2026","rel":"","context":"Article similaire","img":{"alt_text":"","src":"","width":0,"height":0},"classes":[]},{"id":47,"url":"https:\/\/jeanpaulsimard.com\/index.php\/sample-page\/renouer-avec-dieu\/","url_meta":{"origin":191,"position":2},"title":"Renouer avec Dieu","date":"11 juillet 2015","format":false,"excerpt":"PEUT-ON ALLER \u00c0 DIEU SANS PASSER PAR LA RELIGION Vous n\u2019avez pas le c\u0153ur \u00e0 entrer dans une \u00e9glise, mais vous sentez un appel \u00e0 la spiritualit\u00e9. Vous \u00e9prouvez le besoin d'une vie moins superficielle? Vous voulez combler votre \u00abvide\u00bb int\u00e9rieur? Vous d\u00e9sirez communiquer avec le \u00abnoyau spirituel\u00bb de votre\u2026","rel":"","context":"Article similaire","img":{"alt_text":"","src":"https:\/\/i0.wp.com\/jeanpaulsimard.com\/wp\/wp-content\/uploads\/2015\/07\/Renouer-avec-Dieu-224x300.jpg?resize=350%2C200","width":350,"height":200},"classes":[]},{"id":56,"url":"https:\/\/jeanpaulsimard.com\/index.php\/sample-page\/lautre-voie-de-guerison\/","url_meta":{"origin":191,"position":3},"title":"L'autre voie de gu\u00e9rison","date":"11 juillet 2015","format":false,"excerpt":"CONNAISSEZ-VOUS LA M\u00c9DECINE DU SENS? \u00a0 \u00a0 \u00a0 \u00a0 \u00a0 \u00a0 \u00a0 \u00a0 \u00a0 \u00a0 \u00a0 \u00a0\u00abJe veux vivre!\u00bb \u00a0 COMBIEN DE FOIS ce cri peut-il sortir du c\u0153ur humain dans une vie? Combien de fois le m\u00e9decin ne l\u2019entend-il pas dans l\u2019intimit\u00e9 de son cabinet ou \u00e9manant d\u2019un lit\u2026","rel":"","context":"Article similaire","img":{"alt_text":"","src":"","width":0,"height":0},"classes":[]},{"id":89,"url":"https:\/\/jeanpaulsimard.com\/index.php\/sample-page\/ephata-la-spiritualite-du-coeur\/","url_meta":{"origin":191,"position":4},"title":"EPHATA - La spiritualit\u00e9 du coeur","date":"11 juillet 2015","format":false,"excerpt":"LA SPIRITUALIT\u00c9 DE L'AVENIR SERA-T-ELLE CELLE DU C\u0152UR ? LONGTEMPS LE\u00a0C\u0152UR\u00a0 a \u00e9t\u00e9 n\u00e9glig\u00e9 en spiritualit\u00e9. En anthropologie, le c\u0153ur, c'est la profondeur, le centre. En\u00a0th\u00e9ologie patristique, le c\u0153ur, c'est le lieu de l'int\u00e9riorit\u00e9 et de l'exp\u00e9rience spirituelle et religieuse. C'est le \u00ab lieu de Dieu \u00bb, l'instance qui rend\u2026","rel":"","context":"Article similaire","img":{"alt_text":"","src":"https:\/\/i0.wp.com\/jeanpaulsimard.com\/wp\/wp-content\/uploads\/2015\/07\/Ephata-200x300.jpg?resize=350%2C200","width":350,"height":200},"classes":[]},{"id":50,"url":"https:\/\/jeanpaulsimard.com\/index.php\/sample-page\/renaitre-des-pertes-de-la-vie\/","url_meta":{"origin":191,"position":5},"title":"Rena\u00eetre des pertes de la vie","date":"11 juillet 2015","format":false,"excerpt":"UN LIVRE QUI CHANGERA VOTRE VIE... ! CE LIVRE n'est pas uniquement destin\u00e9 aux personnes concern\u00e9es par un deuil, mais bien davantage \u00e0 celles qui connaissent des \u00e9preuves de toutes sortes dans la vie\u2026 TOUTE PERSONNE conna\u00eet un jour la souffrance, les deuils, l\u2019\u00e9chec, le malheur. Pourtant, chaque perte ou\u2026","rel":"","context":"Article similaire","img":{"alt_text":"","src":"","width":0,"height":0},"classes":[]}],"_links":{"self":[{"href":"https:\/\/jeanpaulsimard.com\/index.php\/wp-json\/wp\/v2\/pages\/191"}],"collection":[{"href":"https:\/\/jeanpaulsimard.com\/index.php\/wp-json\/wp\/v2\/pages"}],"about":[{"href":"https:\/\/jeanpaulsimard.com\/index.php\/wp-json\/wp\/v2\/types\/page"}],"author":[{"embeddable":true,"href":"https:\/\/jeanpaulsimard.com\/index.php\/wp-json\/wp\/v2\/users\/2"}],"replies":[{"embeddable":true,"href":"https:\/\/jeanpaulsimard.com\/index.php\/wp-json\/wp\/v2\/comments?post=191"}],"version-history":[{"count":7,"href":"https:\/\/jeanpaulsimard.com\/index.php\/wp-json\/wp\/v2\/pages\/191\/revisions"}],"predecessor-version":[{"id":2997,"href":"https:\/\/jeanpaulsimard.com\/index.php\/wp-json\/wp\/v2\/pages\/191\/revisions\/2997"}],"up":[{"embeddable":true,"href":"https:\/\/jeanpaulsimard.com\/index.php\/wp-json\/wp\/v2\/pages\/2"}],"wp:attachment":[{"href":"https:\/\/jeanpaulsimard.com\/index.php\/wp-json\/wp\/v2\/media?parent=191"}],"curies":[{"name":"wp","href":"https:\/\/api.w.org\/{rel}","templated":true}]}}