{"id":17,"date":"2015-07-10T22:29:21","date_gmt":"2015-07-11T03:29:21","guid":{"rendered":"http:\/\/jeanpaulsimard.com\/wp\/?page_id=17"},"modified":"2022-04-09T17:57:45","modified_gmt":"2022-04-09T21:57:45","slug":"lauteur","status":"publish","type":"page","link":"https:\/\/jeanpaulsimard.com\/index.php\/lauteur\/","title":{"rendered":"L&rsquo;auteur"},"content":{"rendered":"<h3 style=\"text-align: justify;\"><strong><span style=\"color: #00ffff;\"><em><a href=\"https:\/\/i1.wp.com\/jeanpaulsimard.com\/wp-content\/uploads\/2015\/07\/770x250.gif\" rel=\"attachment wp-att-2978\"><img loading=\"lazy\" class=\"size-full wp-image-2978 aligncenter\" src=\"https:\/\/i1.wp.com\/jeanpaulsimard.com\/wp-content\/uploads\/2015\/07\/770x250.gif?resize=654%2C212\" alt=\"770x250\" width=\"654\" height=\"212\" data-recalc-dims=\"1\" \/><\/a><\/em><\/span><\/strong><\/h3>\n<h2 style=\"text-align: justify;\"><\/h2>\n<h2 style=\"text-align: justify;\"><span style=\"color: #ff9900;\">TITRES : <\/span><\/h2>\n<h2 style=\"text-align: justify;\"><span style=\"color: #ffcc00;\">\u00c9CRIVAIN, CONF\u00c9RENCIER et TH\u00c9OLOGIEN sp\u00e9cialis\u00e9 en ANTHROPOLOGIE SPIRITUELLE<\/span><\/h2>\n<h2 style=\"text-align: justify;\"><strong><span style=\"color: #00ffff;\"><em>JEAN-PAUL SIMARD <\/em><\/span><\/strong><span style=\"color: #00ccff;\">d\u00e9tient un dipl\u00f4me universitaire de 3e cycle (niveau du doctorat) en <strong>anthropologie spirituelle<\/strong> et <strong>th\u00e9ologie<\/strong> (Universit\u00e9 de Sherbrooke). Il s&rsquo;int\u00e9resse particuli\u00e8rement \u00e0 la personne dans son questionnement int\u00e9rieur, dans sa recherche de r\u00e9ponses aux grandes questions existentielles portant sur la vie, l\u2019amour, la souffrance, la maladie, la mort, l\u2019au-del\u00e0, les rapports entre la spiritualit\u00e9, la sant\u00e9 et la gu\u00e9rison (agap\u00e8th\u00e9rapie).<\/span><\/h2>\n<hr \/>\n<h2 style=\"text-align: left;\"><span style=\"color: #ff9900;\"><em>Vient de para\u00eetre :<\/em><\/span><\/h2>\n<h2 style=\"text-align: left;\"><span style=\"color: #ff9900;\">Un ouvrage sur la nouvelle spiritualit\u00e9 du \u00abmieux-\u00eatre\u00bb. Cliquez sur les liens suivants:<br \/>\n<\/span><\/h2>\n<h2><a href=\"http:\/\/jeanpaulsimard.com\/wp-content\/uploads\/2019\/12\/article.pdf\"><span style=\"color: #33cccc;\"><em>http:\/\/jeanpaulsimard.com\/wp-content\/uploads\/2019\/12\/article.pdf<\/em><\/span><\/a><\/h2>\n<h2><span style=\"color: #ff6600;\"><em><a style=\"color: #ff6600;\" href=\"http:\/\/www.editionsfides.com\/fr\/product\/editions-fides\/religion-et-spiritualite\/vie-spirituelle\/la-nouvelle-spiritualite-du-mieux-etre_813.aspx?id_page_parent=101\">http:\/\/www.editionsfides.com\/fr\/product\/editions-fides\/religion-et-spiritualite\/vie-spirituelle\/la-nouvelle-spiritualite-du-mieux-etre_813.aspx?id_page_parent=101<\/a><\/em><\/span><\/h2>\n<h3><span style=\"color: #ffff00;\">\u00a0\u00a0\u00a0\u00a0\u00a0\u00a0\u00a0\u00a0\u00a0\u00a0\u00a0\u00a0 (Le livre\u00a0 est disponible en Europe)<\/span><\/h3>\n<hr \/>\n<h2 style=\"text-align: left;\"><span style=\"color: #00ccff;\">Chaque ann\u00e9e, \u00e0 l&rsquo;\u00e9poque des p\u00e8lerinages, l&rsquo;auteur donne des sessions de M\u00c9DITATION \u00e0 l&rsquo;Ermitage Saint-Antoine de Lac-Bouchette.\u00a0 \u00a0 \u00a0 \u00a0 \u00a0 \u00a0 \u00a0 \u00a0 \u00a0 \u00a0 \u00a0 \u00a0 \u00a0 \u00a0 \u00a0 \u00a0 \u00a0 \u00a0 \u00a0 \u00a0 \u00a0 \u00a0 \u00a0 \u00a0 \u00a0 \u00a0 \u00a0 \u00a0 \u00a0 \u00a0 \u00a0 \u00a0 \u00a0 \u00a0 \u00a0 \u00a0 \u00a0 \u00a0 \u00a0 \u00a0 \u00a0 \u00a0 \u00a0 \u00a0 \u00a0 \u00a0 \u00a0 \u00a0 \u00a0 \u00a0 \u00a0 \u00a0 \u00a0 \u00a0 \u00a0 \u00a0 \u00a0 \u00a0 \u00a0 \u00a0 \u00a0 \u00a0 \u00a0 \u00a0 \u00a0 \u00a0 \u00a0 \u00a0 \u00a0 \u00a0 \u00a0 \u00a0 \u00a0 \u00a0 \u00a0 \u00a0 \u00a0 \u00a0 \u00a0 \u00a0 \u00a0 \u00a0 \u00a0 \u00a0 \u00a0 \u00a0 \u00a0 \u00a0 \u00a0 \u00a0 \u00a0 \u00a0 \u00a0 \u00a0 \u00a0 \u00a0 \u00a0 \u00a0 \u00a0 \u00a0<\/span><\/h2>\n<hr \/>\n<h2 style=\"text-align: left;\"><span style=\"color: #00ccff;\">L\u2019auteur a donn\u00e9 pendant cinq ans des <em>conf\u00e9rences spirituelles<\/em> dans sa ville, de m\u00eame que plusieurs sessions de croissance humaine et spirituelle dans divers Centres de ressource-ment du Qu\u00e9bec. D\u2019autres conf\u00e9rences ont \u00e9t\u00e9 donn\u00e9es pour divers organismes ou associations.<\/span><span style=\"color: #00ccff;\">\u00a0<\/span><\/h2>\n<hr \/>\n<h2 style=\"text-align: justify;\"><span style=\"color: #00ccff;\">L\u2019auteur a \u00e9crit le m\u00e9moire adress\u00e9 \u00e0 la <strong>Commission Bouchard-Taylor<\/strong> sur les accommodements raisonnables command\u00e9 par la Ville de Saguenay, paru sous le nom de Jean Tremblay (maire). Cf. <em>M\u00e9moire sur les accommodements raisonnables,<\/em> \u00c9ditions Anne Sigier\/M\u00e9diaspaul, 2007.<\/span><\/h2>\n<hr \/>\n<h2 style=\"text-align: left;\"><span style=\"color: #00ccff;\">L&rsquo;auteur \u00e9crit r\u00e9guli\u00e8rement pour le magazine\u00a0<em><a style=\"color: #00ccff;\" href=\"http:\/\/www.magazinevivre.com\/\">VIVRE<\/a>\u00a0<\/em><a style=\"color: #00ccff;\" href=\"http:\/\/jeanpaulsimard.com\/index.php\/lauteur\/\">\u00a0<\/a>(cliquer sur vivre ). Voir tous les articles dans la rubrique ARTICLES. <\/span><\/h2>\n<h2 style=\"text-align: justify;\"><span style=\"color: #00ccff;\">Il \u00e9crit \u00e9galement pour la revue\u00a0<em><a style=\"color: #00ccff;\" href=\"http:\/\/www.revuesainteanne.ca\/boutique\/fr\/#\">SAINTE-ANNE<\/a>,\u00a0<\/em> la revue\u00a0<em><a style=\"color: #00ccff;\" href=\"http:\/\/www.revue-ndc.qc.ca\/\">NOTRE-DAME-DU-CAP<\/a>\u00a0<\/em>et\u00a0<em><a style=\"color: #00ccff;\" href=\"http:\/\/www.st-antoine.org\/fr\/le-messager\/presentation-de-la-revue-le-messager\">LE MESSAGER DE SAINT-ANTOINE<\/a> \u00a0 <\/em>de l&rsquo;Ermitage<em>\u00a0<\/em>de Lac-Bouchette.<\/span><\/h2>\n<hr \/>\n<h2 style=\"text-align: justify;\"><span style=\"color: #00ccff;\">L&rsquo;auteur a particip\u00e9 \u00e0 l\u2019\u00e9mission <a style=\"color: #00ccff;\" href=\"https:\/\/www.youtube.com\/watch?v=kMTY-1QF0Lw&amp;feature=youtu.be&amp;t=66\"><strong>La Victoire de l\u2019Amou<\/strong>r<\/a> diffus\u00e9e sur TVA et a obtenu un contrat d\u2019un an pour la diffusion de capsules sur des sujets touchant la vie, le mieux-\u00eatre et les valeurs spirituelles. Ces capsules sont reproduites sous la rubrique VID\u00c9OS du pr\u00e9sent site.<br \/>\n<em><a style=\"color: #00ccff;\" href=\"http:\/\/jeanpaulsimard.com\/index.php\/videos\/\">http:\/\/jeanpaulsimard.com\/index.php\/videos\/<\/a><\/em><\/span><\/h2>\n<hr \/>\n<h2 style=\"text-align: justify;\"><span style=\"color: #00ccff;\">L&rsquo;auteur a \u00e9t\u00e9 choisi r\u00e9cemment comme CONSULTANT SPIRITUEL pour l&rsquo;important <a style=\"color: #00ccff;\" href=\"http:\/\/www.st-antoine.org\/fr\/\">Centre de P\u00e8lerinage de l&rsquo;Ermitage du Lac-Bouchette<\/a>\u00a0(<a href=\"https:\/\/www.st-antoine.org\/fr\/\">cliquez sur le titre qui pr\u00e9c\u00e8de<\/a>).<\/span><\/h2>\n<h2 style=\"text-align: justify;\"><span style=\"color: #00ccff;\">L&rsquo;auteur est aussi CONSULTANT SPIRITUEL pour le mouvement interg\u00e9n\u00e9rationnel\u00a0<a style=\"color: #00ccff;\" href=\"https:\/\/fjordjeunessecom.wordpress.com\/\"><em>FJORD JEUNESSE <\/em><\/a><a style=\"color: #00ccff;\" href=\"https:\/\/www.facebook.com\/Fjord-Jeunesse-Saguenay-Lac-St-Jean-328157127222091\/?fref=nf\">(cliquez sur le titre)<em>.<\/em><\/a><\/span><\/h2>\n<hr \/>\n<h2 style=\"text-align: justify;\"><span style=\"color: #00ccff;\">L&rsquo;auteur d\u00e9tient \u00e9galement :\u00a0une ma\u00eetrise en litt\u00e9rature et linguistique (<a href=\"http:\/\/jeanpaulsimard.com\/index.php\/sample-page\/rituel-et-langage-chez-yves-theriault\/\">avec th\u00e8se publi\u00e9e, cliquez ici <\/a>) de l\u2019Universit\u00e9 de Montr\u00e9al;<\/span><\/h2>\n<h2 style=\"text-align: justify;\"><span style=\"color: #00ccff;\">un baccalaur\u00e9at \u00e8s arts (Universit\u00e9 Laval) et un baccalaur\u00e9at en p\u00e9dagogie (Universit\u00e9 Laval).<\/span><\/h2>\n<h2 style=\"text-align: justify;\"><span style=\"color: #00ccff;\">L\u2019auteur a fait carri\u00e8re dans l&rsquo;enseignement du fran\u00e7ais langue maternelle au secondaire et comme charg\u00e9 de cours en didactique du fran\u00e7ais langue maternelle \u00e0 l\u2019Universit\u00e9 du Qu\u00e9bec \u00e0 Chicoutimi.<\/span><\/h2>\n<h2 style=\"text-align: justify;\"><span style=\"color: #00ccff;\">Comme didacticien, il a \u00e9labor\u00e9 une dizaine de documents p\u00e9dagogiques pour le compte de l\u2019Universit\u00e9 du Qu\u00e9bec \u00e0 Chicoutimi.<\/span><\/h2>\n<h2 style=\"text-align: justify;\"><span style=\"color: #00ccff;\">L\u2019auteur a donn\u00e9 des sessions p\u00e9dagogiques de formation pour l\u2019enseignement du fran\u00e7ais dans diverses provinces canadiennes.\u00a0<\/span><\/h2>\n<h2 style=\"text-align: justify;\"><span style=\"color: #00ccff;\"><a style=\"color: #00ccff;\" href=\"http:\/\/jeanpaulsimard.com\/index.php\/sample-page\/guide-du-savoir-ecrire\/\"><em>http:\/\/jeanpaulsimard.com\/index.php\/sample-page\/guide-du-savoir-ecrire\/<\/em><\/a><\/span><\/h2>\n<hr \/>\n<h3 style=\"text-align: justify;\">\u00a0<a href=\"https:\/\/i0.wp.com\/jeanpaulsimard.com\/wp-content\/uploads\/2015\/07\/colombe-300x143.png\" rel=\"attachment wp-att-2302\"><img loading=\"lazy\" class=\"size-full wp-image-2302 aligncenter\" src=\"https:\/\/i0.wp.com\/jeanpaulsimard.com\/wp-content\/uploads\/2015\/07\/colombe-300x143.png?resize=300%2C143\" alt=\"colombe-300x143\" width=\"300\" height=\"143\" srcset=\"https:\/\/i0.wp.com\/jeanpaulsimard.com\/wp-content\/uploads\/2015\/07\/colombe-300x143.png?resize=300%2C143&amp;ssl=1 300w, https:\/\/i0.wp.com\/jeanpaulsimard.com\/wp-content\/uploads\/2015\/07\/colombe-300x143.png?resize=2%2C1&amp;ssl=1 2w\" sizes=\"(max-width: 300px) 100vw, 300px\" data-recalc-dims=\"1\" \/><\/a><\/h3>\n<div class=\"sharedaddy sd-sharing-enabled\"><div class=\"robots-nocontent sd-block sd-social sd-social-icon-text sd-sharing\"><h3 class=\"sd-title\">Partager\u00a0:<\/h3><div class=\"sd-content\"><ul><li class=\"share-facebook\"><a rel=\"nofollow noopener noreferrer\" data-shared=\"sharing-facebook-17\" class=\"share-facebook sd-button share-icon\" href=\"https:\/\/jeanpaulsimard.com\/index.php\/lauteur\/?share=facebook\" target=\"_blank\" title=\"Cliquez pour partager sur Facebook\"><span>Facebook<\/span><\/a><\/li><li class=\"share-twitter\"><a rel=\"nofollow noopener noreferrer\" data-shared=\"sharing-twitter-17\" class=\"share-twitter sd-button share-icon\" href=\"https:\/\/jeanpaulsimard.com\/index.php\/lauteur\/?share=twitter\" target=\"_blank\" title=\"Cliquez pour partager sur Twitter\"><span>Twitter<\/span><\/a><\/li><li class=\"share-linkedin\"><a rel=\"nofollow noopener noreferrer\" data-shared=\"sharing-linkedin-17\" class=\"share-linkedin sd-button share-icon\" href=\"https:\/\/jeanpaulsimard.com\/index.php\/lauteur\/?share=linkedin\" target=\"_blank\" title=\"Cliquez pour partager sur LinkedIn\"><span>LinkedIn<\/span><\/a><\/li><li class=\"share-pinterest\"><a rel=\"nofollow noopener noreferrer\" data-shared=\"sharing-pinterest-17\" class=\"share-pinterest sd-button share-icon\" href=\"https:\/\/jeanpaulsimard.com\/index.php\/lauteur\/?share=pinterest\" target=\"_blank\" title=\"Cliquez pour partager sur Pinterest\"><span>Pinterest<\/span><\/a><\/li><li class=\"share-email\"><a rel=\"nofollow noopener noreferrer\" data-shared=\"\" class=\"share-email sd-button share-icon\" href=\"https:\/\/jeanpaulsimard.com\/index.php\/lauteur\/?share=email\" target=\"_blank\" title=\"Cliquez pour envoyer par e-mail \u00e0 un ami\"><span>E-mail<\/span><\/a><\/li><li class=\"share-print\"><a rel=\"nofollow noopener noreferrer\" data-shared=\"\" class=\"share-print sd-button share-icon\" href=\"https:\/\/jeanpaulsimard.com\/index.php\/lauteur\/\" target=\"_blank\" title=\"Cliquer pour imprimer\"><span>Imprimer<\/span><\/a><\/li><li class=\"share-end\"><\/li><\/ul><\/div><\/div><\/div>","protected":false},"excerpt":{"rendered":"<p>TITRES : \u00c9CRIVAIN, CONF\u00c9RENCIER et TH\u00c9OLOGIEN sp\u00e9cialis\u00e9 en ANTHROPOLOGIE SPIRITUELLE JEAN-PAUL SIMARD d\u00e9tient un dipl\u00f4me universitaire de 3e cycle (niveau du doctorat) en anthropologie spirituelle et th\u00e9ologie (Universit\u00e9 de Sherbrooke). Il s&rsquo;int\u00e9resse particuli\u00e8rement \u00e0 la personne dans son questionnement int\u00e9rieur, dans sa recherche de r\u00e9ponses aux grandes questions existentielles portant sur la vie, l\u2019amour, la [&hellip;]<\/p>\n<div class=\"sharedaddy sd-sharing-enabled\"><div class=\"robots-nocontent sd-block sd-social sd-social-icon-text sd-sharing\"><h3 class=\"sd-title\">Partager\u00a0:<\/h3><div class=\"sd-content\"><ul><li class=\"share-facebook\"><a rel=\"nofollow noopener noreferrer\" data-shared=\"sharing-facebook-17\" class=\"share-facebook sd-button share-icon\" href=\"https:\/\/jeanpaulsimard.com\/index.php\/lauteur\/?share=facebook\" target=\"_blank\" title=\"Cliquez pour partager sur Facebook\"><span>Facebook<\/span><\/a><\/li><li class=\"share-twitter\"><a rel=\"nofollow noopener noreferrer\" data-shared=\"sharing-twitter-17\" class=\"share-twitter sd-button share-icon\" href=\"https:\/\/jeanpaulsimard.com\/index.php\/lauteur\/?share=twitter\" target=\"_blank\" title=\"Cliquez pour partager sur Twitter\"><span>Twitter<\/span><\/a><\/li><li class=\"share-linkedin\"><a rel=\"nofollow noopener noreferrer\" data-shared=\"sharing-linkedin-17\" class=\"share-linkedin sd-button share-icon\" href=\"https:\/\/jeanpaulsimard.com\/index.php\/lauteur\/?share=linkedin\" target=\"_blank\" title=\"Cliquez pour partager sur LinkedIn\"><span>LinkedIn<\/span><\/a><\/li><li class=\"share-pinterest\"><a rel=\"nofollow noopener noreferrer\" data-shared=\"sharing-pinterest-17\" class=\"share-pinterest sd-button share-icon\" href=\"https:\/\/jeanpaulsimard.com\/index.php\/lauteur\/?share=pinterest\" target=\"_blank\" title=\"Cliquez pour partager sur Pinterest\"><span>Pinterest<\/span><\/a><\/li><li class=\"share-email\"><a rel=\"nofollow noopener noreferrer\" data-shared=\"\" class=\"share-email sd-button share-icon\" href=\"https:\/\/jeanpaulsimard.com\/index.php\/lauteur\/?share=email\" target=\"_blank\" title=\"Cliquez pour envoyer par e-mail \u00e0 un ami\"><span>E-mail<\/span><\/a><\/li><li class=\"share-print\"><a rel=\"nofollow noopener noreferrer\" data-shared=\"\" class=\"share-print sd-button share-icon\" href=\"https:\/\/jeanpaulsimard.com\/index.php\/lauteur\/\" target=\"_blank\" title=\"Cliquer pour imprimer\"><span>Imprimer<\/span><\/a><\/li><li class=\"share-end\"><\/li><\/ul><\/div><\/div><\/div>","protected":false},"author":1,"featured_media":1817,"parent":0,"menu_order":1,"comment_status":"open","ping_status":"open","template":"","meta":{"spay_email":""},"jetpack_sharing_enabled":true,"jetpack_shortlink":"https:\/\/wp.me\/P6sIY6-h","jetpack-related-posts":[{"id":89,"url":"https:\/\/jeanpaulsimard.com\/index.php\/sample-page\/ephata-la-spiritualite-du-coeur\/","url_meta":{"origin":17,"position":0},"title":"EPHATA - La spiritualit\u00e9 du coeur","date":"11 juillet 2015","format":false,"excerpt":"LA SPIRITUALIT\u00c9 DE L'AVENIR SERA-T-ELLE CELLE DU C\u0152UR ? LONGTEMPS LE\u00a0C\u0152UR\u00a0 a \u00e9t\u00e9 n\u00e9glig\u00e9 en spiritualit\u00e9. En anthropologie, le c\u0153ur, c'est la profondeur, le centre. En\u00a0th\u00e9ologie patristique, le c\u0153ur, c'est le lieu de l'int\u00e9riorit\u00e9 et de l'exp\u00e9rience spirituelle et religieuse. C'est le \u00ab lieu de Dieu \u00bb, l'instance qui rend\u2026","rel":"","context":"Article similaire","img":{"alt_text":"","src":"https:\/\/i0.wp.com\/jeanpaulsimard.com\/wp\/wp-content\/uploads\/2015\/07\/Ephata-200x300.jpg?resize=350%2C200","width":350,"height":200},"classes":[]},{"id":193,"url":"https:\/\/jeanpaulsimard.com\/index.php\/sample-page\/avez-vous-une-trousse-de-premiers-soins-spirituels\/","url_meta":{"origin":17,"position":1},"title":"Avez-vous une trousse spirituelle de premiers soins ?","date":"14 juillet 2015","format":false,"excerpt":"TROUSSE SPIRITUELLE DE PREMIERS SOINS ... VIENT DE PARA\u00ceTRE AUX \u00c9DITIONS M\u00c9DIASPAUL (CANADA \/ FRANCE \/ EUROPE) \u00a0[Maintenant disponible en Europe] Fiche technique du livre : http:\/\/mediaspaul.qc.ca\/catalogue\/trousse-spirituelle-de-premiers-soins-8845 Recens\u00e9 par le journal LE DEVOIR : http:\/\/www.ledevoir.com\/societe\/ethique-et-religion\/466331\/trousse-spirituelle-de-premiers-soins Le livre existe aussi en format num\u00e9rique (PDF et ePub) L'ID\u00c9E D'\u00c9CRIRE CE LIVRE m'est\u2026","rel":"","context":"Article similaire","img":{"alt_text":"MP_Trousse spirituelle_quatrieme_01","src":"https:\/\/i1.wp.com\/jeanpaulsimard.com\/wp-content\/uploads\/2015\/07\/MP_Trousse-spirituelle_quatrieme_01-1024x747.jpg?resize=350%2C200","width":350,"height":200},"classes":[]},{"id":2,"url":"https:\/\/jeanpaulsimard.com\/index.php\/sample-page\/","url_meta":{"origin":17,"position":2},"title":"Mes livres","date":"11 juillet 2015","format":false,"excerpt":"Je suis confiant que vous vous trouverez dans ces livres une nourriture pour l'esprit, le\u00a0c\u0153ur\u00a0et l'\u00e2me. Vient de para\u00eetre :\u00a0 \u00a0 (Le livre est disponible en Europe) L'\u00e9tonnant pouvoir de la pleine conscience L'\u00e9tonnante th\u00e9rapie des 3R La nouvelle spiritualit\u00e9 du mieux-\u00eatre Avez-vous une trousse spirituelle de premiers soins?\u00a0 Rena\u00eetre\u2026","rel":"","context":"Article similaire","img":{"alt_text":"","src":"https:\/\/i0.wp.com\/jeanpaulsimard.com\/wp-content\/uploads\/2025\/10\/3484003c-2c7c-466a-b252-8def88ede4b9.jpg?resize=350%2C200","width":350,"height":200},"classes":[]},{"id":87,"url":"https:\/\/jeanpaulsimard.com\/index.php\/sample-page\/cette-force-qui-souleve-la-vie\/","url_meta":{"origin":17,"position":3},"title":"Cette force qui soul\u00e8ve la vie !","date":"11 juillet 2015","format":false,"excerpt":"UN BEAU CADEAU \u00c0 FAIRE OU \u00c0 SE FAIRE ! QUELLES SONT LES VALEURS qui permettent de se maintenir dans l'existence quand tout s'effondre autour de soi ? Gr\u00e2ce \u00e0 ces valeurs beaucoup sont sortis de l'enfer de l'alcool, de la drogue, du jeu, du sexolisme. Des personnes atteintes de\u2026","rel":"","context":"Article similaire","img":{"alt_text":"","src":"","width":0,"height":0},"classes":[]},{"id":13,"url":"https:\/\/jeanpaulsimard.com\/index.php\/articles\/","url_meta":{"origin":17,"position":4},"title":"Ma source","date":"10 juillet 2015","format":false,"excerpt":"\u00a0 Une source de croissance humaine et spirituelle Vous trouverez ci-apr\u00e8s une s\u00e9rie d'articles que j'ai \u00e9crits pour divers magazines sur la recherche du \u00abmieux-\u00eatre\u00bb.\u00a0 \u00a0 Articles parus dans\u00a0le magazine Vivre\u00a0\u00a0 Cliquez sur le titre de l'article ci-dessous\u00a0: \u00catre ou ne pas \u00eatre l\u00e0, voil\u00e0 la question.Leader avec \u00e2me demand\u00e9\u2026","rel":"","context":"Article similaire","img":{"alt_text":"","src":"https:\/\/i1.wp.com\/jeanpaulsimard.com\/wp-content\/uploads\/2015\/07\/meditation-pleine-conscience-640x358.jpg?resize=350%2C200","width":350,"height":200},"classes":[]},{"id":85,"url":"https:\/\/jeanpaulsimard.com\/index.php\/sample-page\/pelerinage-aux-sources-de-la-vie\/","url_meta":{"origin":17,"position":5},"title":"P\u00e8lerinage aux sources de la vie","date":"11 juillet 2015","format":false,"excerpt":"Y a-t-il plus beau p\u00e8lerinage que de remonter \u00e0 la source de son \u00eatre et de la vie ? \u00a0 NOUS CONNAISSONS les p\u00e8lerinages vers les lieux saints, mais connaissons-nous celui qui m\u00e8ne vers nos propres sources int\u00e9rieures, d'origine \u00e0 la fois biologique et spirituelle ? Leur mise en veilleuse\u2026","rel":"","context":"Article similaire","img":{"alt_text":"","src":"https:\/\/i2.wp.com\/jeanpaulsimard.com\/wp\/wp-content\/uploads\/2015\/07\/PelerinageAuxSources-200x300.jpg?resize=350%2C200","width":350,"height":200},"classes":[]}],"_links":{"self":[{"href":"https:\/\/jeanpaulsimard.com\/index.php\/wp-json\/wp\/v2\/pages\/17"}],"collection":[{"href":"https:\/\/jeanpaulsimard.com\/index.php\/wp-json\/wp\/v2\/pages"}],"about":[{"href":"https:\/\/jeanpaulsimard.com\/index.php\/wp-json\/wp\/v2\/types\/page"}],"author":[{"embeddable":true,"href":"https:\/\/jeanpaulsimard.com\/index.php\/wp-json\/wp\/v2\/users\/1"}],"replies":[{"embeddable":true,"href":"https:\/\/jeanpaulsimard.com\/index.php\/wp-json\/wp\/v2\/comments?post=17"}],"version-history":[{"count":107,"href":"https:\/\/jeanpaulsimard.com\/index.php\/wp-json\/wp\/v2\/pages\/17\/revisions"}],"predecessor-version":[{"id":4398,"href":"https:\/\/jeanpaulsimard.com\/index.php\/wp-json\/wp\/v2\/pages\/17\/revisions\/4398"}],"wp:featuredmedia":[{"embeddable":true,"href":"https:\/\/jeanpaulsimard.com\/index.php\/wp-json\/wp\/v2\/media\/1817"}],"wp:attachment":[{"href":"https:\/\/jeanpaulsimard.com\/index.php\/wp-json\/wp\/v2\/media?parent=17"}],"curies":[{"name":"wp","href":"https:\/\/api.w.org\/{rel}","templated":true}]}}